{"id":50703,"date":"2025-09-15T11:12:16","date_gmt":"2025-09-15T09:12:16","guid":{"rendered":"https:\/\/www.fineartprinted.com\/online-fine-art-printing\/"},"modified":"2025-09-18T11:34:54","modified_gmt":"2025-09-18T09:34:54","slug":"online-fine-art-printing","status":"publish","type":"page","link":"https:\/\/www.fineartprinted.com\/en\/online-fine-art-printing\/","title":{"rendered":"Online Fine Art Printing"},"content":{"rendered":"\n<div class=\"wp-block-group\"><div class=\"wp-block-group__inner-container is-layout-constrained wp-block-group-is-layout-constrained\">\n<p>Museum gicl\u00e9e on Hahnem\u00fchle, Canson and Awagami papers<\/p>\n\n\n\n<div class=\"wp-block-cover\"><img width=\"1024\" height=\"576\" class=\"wp-block-cover__image-background wp-image-32664 size-large\" alt=\"Fine Art Printed Gallery\" src=\"https:\/\/www.fineartprinted.com\/wp-content\/uploads\/2021\/02\/photo-gallery-poster-2-1024x576.png\" data-object-fit=\"cover\" srcset=\"https:\/\/www.fineartprinted.com\/wp-content\/uploads\/2021\/02\/photo-gallery-poster-2-1024x576.png 1024w, https:\/\/www.fineartprinted.com\/wp-content\/uploads\/2021\/02\/photo-gallery-poster-2-350x197.png 350w, https:\/\/www.fineartprinted.com\/wp-content\/uploads\/2021\/02\/photo-gallery-poster-2-300x169.png 300w, https:\/\/www.fineartprinted.com\/wp-content\/uploads\/2021\/02\/photo-gallery-poster-2-768x432.png 768w, https:\/\/www.fineartprinted.com\/wp-content\/uploads\/2021\/02\/photo-gallery-poster-2-1x1.png 1w, https:\/\/www.fineartprinted.com\/wp-content\/uploads\/2021\/02\/photo-gallery-poster-2-10x6.png 10w, https:\/\/www.fineartprinted.com\/wp-content\/uploads\/2021\/02\/photo-gallery-poster-2.png 1200w\" sizes=\"(max-width: 1024px) 100vw, 1024px\" \/><span aria-hidden=\"true\" class=\"wp-block-cover__background has-background-dim\" style=\"background-color:#575656\"><\/span><div class=\"wp-block-cover__inner-container is-layout-constrained wp-block-cover-is-layout-constrained\">\n<h2 class=\"wp-block-heading has-white-color has-text-color has-link-color wp-elements-3e1411cbe343f0d2f0f3ff7b98d33dd1\">Online fine art printing, custom and museum quality<\/h2>\n\n\n\n<p>We print on <strong>Hahnem\u00fchle, Canson and Awagami papers<\/strong> with strict color management and long shelf life materials. You upload the files and <strong>we check<\/strong> them <strong>technically<\/strong> (resolution, profile, margins). <strong>If everything is okay, we proceed directly to printing<\/strong>; <strong>we only contact<\/strong> you <strong>if there are problems<\/strong> or inconsistencies. <\/p>\n\n\n\n<div class=\"wp-block-buttons has-custom-font-size has-medium-font-size is-content-justification-center is-layout-flex wp-container-core-buttons-is-layout-16018d1d wp-block-buttons-is-layout-flex\">\n<div class=\"wp-block-button is-style-fill\"><a class=\"wp-block-button__link has-vivid-red-background-color has-background has-text-align-center wp-element-button\" href=\"https:\/\/www.fineartprinted.com\/en\/shop\/printing-online-quote\/\" style=\"border-radius:10px\">Calculate the quote<\/a><\/div>\n\n\n\n<div class=\"wp-block-button is-style-fill\"><a class=\"wp-block-button__link has-cyan-bluish-gray-background-color has-background has-medium-font-size has-custom-font-size wp-element-button\" href=\"https:\/\/www.fineartprinted.com\/en\/contact\/\" style=\"border-radius:10px\">Do you have any questions?  <strong>Contact us<\/strong><\/a><\/div>\n<\/div>\n<\/div><\/div>\n<\/div><\/div>\n\n<h2 class=\"wp-block-heading\">HOW WE WORK.<\/h2>\n\n<ul class=\"wp-block-list\">\n<li><strong>Order &amp; upload<\/strong> &#8211; send files through online quote or mail them.<\/li>\n\n\n\n<li><strong>Technical check<\/strong> -we check resolution, color profile, edges and cuts.<\/li>\n\n\n\n<li><strong>Printing &amp; quality control<\/strong> &#8211; <strong>if everything is okay, we print<\/strong><\/li>\n\n\n\n<li><strong>Contact only if needed-we<\/strong> write to you <strong>only in case of problems<\/strong> (unsuitable file, discrepancies, special requests).<\/li>\n<\/ul>\n\n<p><em>We do not indicate standard timelines. Any deadlines can be noted in the order and, if not compatible, we will notify you. <\/em><\/p>\n\n<h2 class=\"wp-block-heading\">Recommended Papers<\/h2>\n\n<div class=\"wp-block-columns is-layout-flex wp-container-core-columns-is-layout-9d6595d7 wp-block-columns-is-layout-flex\">\n<div class=\"wp-block-column is-layout-flow wp-block-column-is-layout-flow\">\n<div class=\"wp-block-cover\"><img width=\"800\" height=\"800\" class=\"wp-block-cover__image-background wp-image-50666\" alt=\"Photo Rag\" src=\"https:\/\/www.fineartprinted.com\/wp-content\/uploads\/2025\/09\/PhotoRag.webp\" data-object-fit=\"cover\" srcset=\"https:\/\/www.fineartprinted.com\/wp-content\/uploads\/2025\/09\/PhotoRag.webp 800w, https:\/\/www.fineartprinted.com\/wp-content\/uploads\/2025\/09\/PhotoRag-300x300.webp 300w, https:\/\/www.fineartprinted.com\/wp-content\/uploads\/2025\/09\/PhotoRag-150x150.webp 150w, https:\/\/www.fineartprinted.com\/wp-content\/uploads\/2025\/09\/PhotoRag-768x768.webp 768w, https:\/\/www.fineartprinted.com\/wp-content\/uploads\/2025\/09\/PhotoRag-256x256.webp 256w, https:\/\/www.fineartprinted.com\/wp-content\/uploads\/2025\/09\/PhotoRag-350x350.webp 350w, https:\/\/www.fineartprinted.com\/wp-content\/uploads\/2025\/09\/PhotoRag-180x180.webp 180w\" sizes=\"(max-width: 800px) 100vw, 800px\" \/><span aria-hidden=\"true\" class=\"wp-block-cover__background has-background-dim-20 has-background-dim\"><\/span><div class=\"wp-block-cover__inner-container is-layout-flow wp-block-cover-is-layout-flow\">\n<p class=\"has-text-align-center has-medium-font-size\"><strong>Photo Rag 308<\/strong><\/p>\n\n\n\n<p class=\"has-text-align-center\">Matte &#8211; Natural White<\/p>\n<\/div><\/div>\n<\/div>\n\n\n\n<div class=\"wp-block-column is-layout-flow wp-block-column-is-layout-flow\">\n<div class=\"wp-block-cover\"><img width=\"800\" height=\"800\" class=\"wp-block-cover__image-background wp-image-50669\" alt=\"Photo Rag Baryta\" src=\"https:\/\/www.fineartprinted.com\/wp-content\/uploads\/2025\/09\/PhotoRagBaryta.webp\" data-object-fit=\"cover\" srcset=\"https:\/\/www.fineartprinted.com\/wp-content\/uploads\/2025\/09\/PhotoRagBaryta.webp 800w, https:\/\/www.fineartprinted.com\/wp-content\/uploads\/2025\/09\/PhotoRagBaryta-300x300.webp 300w, https:\/\/www.fineartprinted.com\/wp-content\/uploads\/2025\/09\/PhotoRagBaryta-150x150.webp 150w, https:\/\/www.fineartprinted.com\/wp-content\/uploads\/2025\/09\/PhotoRagBaryta-768x768.webp 768w, https:\/\/www.fineartprinted.com\/wp-content\/uploads\/2025\/09\/PhotoRagBaryta-256x256.webp 256w, https:\/\/www.fineartprinted.com\/wp-content\/uploads\/2025\/09\/PhotoRagBaryta-350x350.webp 350w, https:\/\/www.fineartprinted.com\/wp-content\/uploads\/2025\/09\/PhotoRagBaryta-180x180.webp 180w\" sizes=\"(max-width: 800px) 100vw, 800px\" \/><span aria-hidden=\"true\" class=\"wp-block-cover__background has-background-dim-20 has-background-dim\"><\/span><div class=\"wp-block-cover__inner-container is-layout-flow wp-block-cover-is-layout-flow\">\n<p class=\"has-text-align-center has-medium-font-size\"><strong>Photo Rag Baryta 315<\/strong><\/p>\n\n\n\n<p class=\"has-text-align-center\">Glossy &#8211; Deep Blacks<\/p>\n<\/div><\/div>\n<\/div>\n\n\n\n<div class=\"wp-block-column is-layout-flow wp-block-column-is-layout-flow\">\n<div class=\"wp-block-cover\"><img width=\"800\" height=\"800\" class=\"wp-block-cover__image-background wp-image-50672\" alt=\"Enhanced Satin\" src=\"https:\/\/www.fineartprinted.com\/wp-content\/uploads\/2025\/09\/SomersetSatin.webp\" data-object-fit=\"cover\" srcset=\"https:\/\/www.fineartprinted.com\/wp-content\/uploads\/2025\/09\/SomersetSatin.webp 800w, https:\/\/www.fineartprinted.com\/wp-content\/uploads\/2025\/09\/SomersetSatin-300x300.webp 300w, https:\/\/www.fineartprinted.com\/wp-content\/uploads\/2025\/09\/SomersetSatin-150x150.webp 150w, https:\/\/www.fineartprinted.com\/wp-content\/uploads\/2025\/09\/SomersetSatin-768x768.webp 768w, https:\/\/www.fineartprinted.com\/wp-content\/uploads\/2025\/09\/SomersetSatin-256x256.webp 256w, https:\/\/www.fineartprinted.com\/wp-content\/uploads\/2025\/09\/SomersetSatin-350x350.webp 350w, https:\/\/www.fineartprinted.com\/wp-content\/uploads\/2025\/09\/SomersetSatin-180x180.webp 180w\" sizes=\"(max-width: 800px) 100vw, 800px\" \/><span aria-hidden=\"true\" class=\"wp-block-cover__background has-background-dim-20 has-background-dim\"><\/span><div class=\"wp-block-cover__inner-container is-layout-flow wp-block-cover-is-layout-flow\">\n<p class=\"has-text-align-center has-medium-font-size\"><strong>Somerset Enhanced Satin 330<\/strong><\/p>\n\n\n\n<p class=\"has-text-align-center\">Opaque &#8211; No Oba<\/p>\n<\/div><\/div>\n<\/div>\n<\/div>\n\n<h2 class=\"wp-block-heading\">Quality &amp; color<\/h2>\n\n<ul class=\"wp-block-list\">\n<li>Updated ICC Profiles<\/li>\n\n\n\n<li>Pigment printing<\/li>\n\n\n\n<li>Acid-free\/lignin-free media<\/li>\n\n\n\n<li>soft-proof on request<\/li>\n<\/ul>\n\n<h2 class=\"wp-block-heading\">Services upon request<\/h2>\n\n<ul class=\"wp-block-list\">\n<li>Limited Editions and Certificates of Authenticity<\/li>\n\n\n\n<li>Montaggio su pannello<\/li>\n\n\n\n<li>Passepartout from presentation or storage<\/li>\n\n\n\n<li>Customized frames with anti-reflective or museum glass<\/li>\n<\/ul>\n\n<div class=\"wp-block-buttons is-content-justification-center is-layout-flex wp-container-core-buttons-is-layout-16018d1d wp-block-buttons-is-layout-flex\">\n<div class=\"wp-block-button\"><a class=\"wp-block-button__link has-vivid-red-background-color has-background has-large-font-size has-text-align-center has-custom-font-size wp-element-button\" href=\"https:\/\/www.fineartprinted.com\/en\/shop\/printing-online-quote\/\" style=\"border-radius:10px\">Calculate the quote<\/a><\/div>\n<\/div>\n\n<div class=\"schema-faq wp-block-yoast-faq-block\"><div class=\"schema-faq-section\" id=\"faq-question-1757664585878\"><strong class=\"schema-faq-question\">Will you contact me before printing?<\/strong> <p class=\"schema-faq-answer\">No. If the files are suitable we proceed directly. We contact you <strong>only if there are problems<\/strong> (insufficient resolution, wrong profiles, margins\/cuts to be corrected) or for special requests.  <\/p> <\/div> <div class=\"schema-faq-section\" id=\"faq-question-1757664619836\"><strong class=\"schema-faq-question\">Can I indicate a deadline?<\/strong> <p class=\"schema-faq-answer\">Yes, report the deadline in the form. We do not communicate standard deadlines; if the request is not compatible, we will alert you with possible alternatives. <\/p> <\/div> <div class=\"schema-faq-section\" id=\"faq-question-1757664652483\"><strong class=\"schema-faq-question\">I have more questions<\/strong> <p class=\"schema-faq-answer\">Check out our <a href=\"https:\/\/www.fineartprinted.com\/en\/faq\/\">FAQ<\/a><\/p> <\/div> <\/div>\n\n<div class=\"wp-block-buttons is-content-justification-center is-layout-flex wp-container-core-buttons-is-layout-16018d1d wp-block-buttons-is-layout-flex\">\n<div class=\"wp-block-button\"><a class=\"wp-block-button__link has-medium-font-size has-custom-font-size wp-element-button\" href=\"https:\/\/www.fineartprinted.com\/en\/contact\/\" style=\"border-radius:10px\">Do you have more questions? Contact us<\/a><\/div>\n<\/div>\n\n<p><\/p>\n","protected":false},"excerpt":{"rendered":"<p>Fine Art (Gicl\u00e9e) printing on Hahnem\u00fchle, Canson and Awagami papers. Technical file control, color management, custom service. Order online.  <\/p>\n","protected":false},"author":1,"featured_media":0,"parent":0,"menu_order":0,"comment_status":"closed","ping_status":"closed","template":"","meta":{"footnotes":""},"class_list":["post-50703","page","type-page","status-publish"],"yoast_head":"<!-- This site is optimized with the Yoast SEO plugin v27.5 - https:\/\/yoast.com\/product\/yoast-seo-wordpress\/ -->\n<title>Fine Art Printing (Gicl\u00e9e) Online on Museum Papers | Fine Art Printed<\/title>\n<meta name=\"description\" content=\"Order Fine Art (Gicl\u00e9e) prints on Hahnem\u00fchle, Canson, Awagami papers. Color control, museum materials, online quote.\" \/>\n<meta name=\"robots\" content=\"index, follow, max-snippet:-1, max-image-preview:large, max-video-preview:-1\" \/>\n<link rel=\"canonical\" href=\"https:\/\/www.fineartprinted.com\/en\/online-fine-art-printing\/\" \/>\n<meta property=\"og:locale\" content=\"en_US\" \/>\n<meta property=\"og:type\" content=\"article\" \/>\n<meta property=\"og:title\" content=\"Fine Art Printing (Gicl\u00e9e) Online on Museum Papers | Fine Art Printed\" \/>\n<meta property=\"og:description\" content=\"Order Fine Art (Gicl\u00e9e) prints on Hahnem\u00fchle, Canson, Awagami papers. Color control, museum materials, online quote.\" \/>\n<meta property=\"og:url\" content=\"https:\/\/www.fineartprinted.com\/en\/online-fine-art-printing\/\" \/>\n<meta property=\"og:site_name\" content=\"Fine Art Printed\" \/>\n<meta property=\"article:publisher\" content=\"https:\/\/www.facebook.com\/fineartprinted\" \/>\n<meta property=\"article:modified_time\" content=\"2025-09-18T09:34:54+00:00\" \/>\n<meta property=\"og:image\" content=\"https:\/\/www.fineartprinted.com\/wp-content\/uploads\/2021\/02\/photo-gallery-poster-2.png\" \/>\n\t<meta property=\"og:image:width\" content=\"1200\" \/>\n\t<meta property=\"og:image:height\" content=\"675\" \/>\n\t<meta property=\"og:image:type\" content=\"image\/png\" \/>\n<script type=\"application\/ld+json\" class=\"yoast-schema-graph\">{\"@context\":\"https:\\\/\\\/schema.org\",\"@graph\":[{\"@type\":[\"WebPage\",\"FAQPage\"],\"@id\":\"https:\\\/\\\/www.fineartprinted.com\\\/en\\\/online-fine-art-printing\\\/\",\"url\":\"https:\\\/\\\/www.fineartprinted.com\\\/en\\\/online-fine-art-printing\\\/\",\"name\":\"Fine Art Printing (Gicl\u00e9e) Online on Museum Papers | Fine Art Printed\",\"isPartOf\":{\"@id\":\"https:\\\/\\\/www.fineartprinted.com\\\/en\\\/?lang=en\\\/#website\"},\"primaryImageOfPage\":{\"@id\":\"https:\\\/\\\/www.fineartprinted.com\\\/en\\\/online-fine-art-printing\\\/#primaryimage\"},\"image\":{\"@id\":\"https:\\\/\\\/www.fineartprinted.com\\\/en\\\/online-fine-art-printing\\\/#primaryimage\"},\"thumbnailUrl\":\"https:\\\/\\\/www.fineartprinted.com\\\/wp-content\\\/uploads\\\/2021\\\/02\\\/photo-gallery-poster-2-1024x576.png\",\"datePublished\":\"2025-09-15T09:12:16+00:00\",\"dateModified\":\"2025-09-18T09:34:54+00:00\",\"description\":\"Order Fine Art (Gicl\u00e9e) prints on Hahnem\u00fchle, Canson, Awagami papers. Color control, museum materials, online quote.\",\"breadcrumb\":{\"@id\":\"https:\\\/\\\/www.fineartprinted.com\\\/en\\\/online-fine-art-printing\\\/#breadcrumb\"},\"mainEntity\":[{\"@id\":\"https:\\\/\\\/www.fineartprinted.com\\\/en\\\/online-fine-art-printing\\\/#faq-question-1757664585878\"},{\"@id\":\"https:\\\/\\\/www.fineartprinted.com\\\/en\\\/online-fine-art-printing\\\/#faq-question-1757664619836\"},{\"@id\":\"https:\\\/\\\/www.fineartprinted.com\\\/en\\\/online-fine-art-printing\\\/#faq-question-1757664652483\"}],\"inLanguage\":\"en-US\",\"potentialAction\":[{\"@type\":\"ReadAction\",\"target\":[\"https:\\\/\\\/www.fineartprinted.com\\\/en\\\/online-fine-art-printing\\\/\"]}]},{\"@type\":\"ImageObject\",\"inLanguage\":\"en-US\",\"@id\":\"https:\\\/\\\/www.fineartprinted.com\\\/en\\\/online-fine-art-printing\\\/#primaryimage\",\"url\":\"https:\\\/\\\/www.fineartprinted.com\\\/wp-content\\\/uploads\\\/2021\\\/02\\\/photo-gallery-poster-2-1024x576.png\",\"contentUrl\":\"https:\\\/\\\/www.fineartprinted.com\\\/wp-content\\\/uploads\\\/2021\\\/02\\\/photo-gallery-poster-2-1024x576.png\"},{\"@type\":\"BreadcrumbList\",\"@id\":\"https:\\\/\\\/www.fineartprinted.com\\\/en\\\/online-fine-art-printing\\\/#breadcrumb\",\"itemListElement\":[{\"@type\":\"ListItem\",\"position\":1,\"name\":\"Home\",\"item\":\"https:\\\/\\\/www.fineartprinted.com\\\/en\\\/?lang=en\"},{\"@type\":\"ListItem\",\"position\":2,\"name\":\"Online Fine Art Printing\"}]},{\"@type\":\"WebSite\",\"@id\":\"https:\\\/\\\/www.fineartprinted.com\\\/en\\\/?lang=en\\\/#website\",\"url\":\"https:\\\/\\\/www.fineartprinted.com\\\/en\\\/?lang=en\\\/\",\"name\":\"Fine Art Printed\",\"description\":\"Stampa fine art per fotografi e artisti\",\"publisher\":{\"@id\":\"https:\\\/\\\/www.fineartprinted.com\\\/en\\\/?lang=en\\\/#organization\"},\"alternateName\":\"Laboratorio di stampa Fine Art Printed\",\"potentialAction\":[{\"@type\":\"SearchAction\",\"target\":{\"@type\":\"EntryPoint\",\"urlTemplate\":\"https:\\\/\\\/www.fineartprinted.com\\\/en\\\/?lang=en\\\/?s={search_term_string}\"},\"query-input\":{\"@type\":\"PropertyValueSpecification\",\"valueRequired\":true,\"valueName\":\"search_term_string\"}}],\"inLanguage\":\"en-US\"},{\"@type\":\"Organization\",\"@id\":\"https:\\\/\\\/www.fineartprinted.com\\\/en\\\/?lang=en\\\/#organization\",\"name\":\"Fine Art Printed di Pompei Simone\",\"alternateName\":\"Fine Art Printed\",\"url\":\"https:\\\/\\\/www.fineartprinted.com\\\/en\\\/?lang=en\\\/\",\"logo\":{\"@type\":\"ImageObject\",\"inLanguage\":\"en-US\",\"@id\":\"https:\\\/\\\/www.fineartprinted.com\\\/en\\\/?lang=en\\\/#\\\/schema\\\/logo\\\/image\\\/\",\"url\":\"https:\\\/\\\/www.fineartprinted.com\\\/wp-content\\\/uploads\\\/2011\\\/12\\\/fineartprinted-solologo-011.png\",\"contentUrl\":\"https:\\\/\\\/www.fineartprinted.com\\\/wp-content\\\/uploads\\\/2011\\\/12\\\/fineartprinted-solologo-011.png\",\"width\":348,\"height\":274,\"caption\":\"Fine Art Printed di Pompei Simone\"},\"image\":{\"@id\":\"https:\\\/\\\/www.fineartprinted.com\\\/en\\\/?lang=en\\\/#\\\/schema\\\/logo\\\/image\\\/\"},\"sameAs\":[\"https:\\\/\\\/www.facebook.com\\\/fineartprinted\",\"https:\\\/\\\/x.com\\\/fineartprinted\",\"https:\\\/\\\/www.instagram.com\\\/fineartprinted\\\/\"]},{\"@type\":\"Question\",\"@id\":\"https:\\\/\\\/www.fineartprinted.com\\\/en\\\/online-fine-art-printing\\\/#faq-question-1757664585878\",\"position\":1,\"url\":\"https:\\\/\\\/www.fineartprinted.com\\\/en\\\/online-fine-art-printing\\\/#faq-question-1757664585878\",\"name\":\"Will you contact me before printing?\",\"answerCount\":1,\"acceptedAnswer\":{\"@type\":\"Answer\",\"text\":\"No. If the files are suitable we proceed directly. We contact you <strong>only if there are problems<\\\/strong> (insufficient resolution, wrong profiles, margins\\\/cuts to be corrected) or for special requests.  \",\"inLanguage\":\"en-US\"},\"inLanguage\":\"en-US\"},{\"@type\":\"Question\",\"@id\":\"https:\\\/\\\/www.fineartprinted.com\\\/en\\\/online-fine-art-printing\\\/#faq-question-1757664619836\",\"position\":2,\"url\":\"https:\\\/\\\/www.fineartprinted.com\\\/en\\\/online-fine-art-printing\\\/#faq-question-1757664619836\",\"name\":\"Can I indicate a deadline?\",\"answerCount\":1,\"acceptedAnswer\":{\"@type\":\"Answer\",\"text\":\"Yes, report the deadline in the form. We do not communicate standard deadlines; if the request is not compatible, we will alert you with possible alternatives. \",\"inLanguage\":\"en-US\"},\"inLanguage\":\"en-US\"},{\"@type\":\"Question\",\"@id\":\"https:\\\/\\\/www.fineartprinted.com\\\/en\\\/online-fine-art-printing\\\/#faq-question-1757664652483\",\"position\":3,\"url\":\"https:\\\/\\\/www.fineartprinted.com\\\/en\\\/online-fine-art-printing\\\/#faq-question-1757664652483\",\"name\":\"I have more questions\",\"answerCount\":1,\"acceptedAnswer\":{\"@type\":\"Answer\",\"text\":\"Check out our <a href=\\\"https:\\\/\\\/www.fineartprinted.com\\\/en\\\/faq\\\/\\\">FAQ<\\\/a>\",\"inLanguage\":\"en-US\"},\"inLanguage\":\"en-US\"}]}<\/script>\n<!-- \/ Yoast SEO plugin. -->","yoast_head_json":{"title":"Fine Art Printing (Gicl\u00e9e) Online on Museum Papers | Fine Art Printed","description":"Order Fine Art (Gicl\u00e9e) prints on Hahnem\u00fchle, Canson, Awagami papers. Color control, museum materials, online quote.","robots":{"index":"index","follow":"follow","max-snippet":"max-snippet:-1","max-image-preview":"max-image-preview:large","max-video-preview":"max-video-preview:-1"},"canonical":"https:\/\/www.fineartprinted.com\/en\/online-fine-art-printing\/","og_locale":"en_US","og_type":"article","og_title":"Fine Art Printing (Gicl\u00e9e) Online on Museum Papers | Fine Art Printed","og_description":"Order Fine Art (Gicl\u00e9e) prints on Hahnem\u00fchle, Canson, Awagami papers. Color control, museum materials, online quote.","og_url":"https:\/\/www.fineartprinted.com\/en\/online-fine-art-printing\/","og_site_name":"Fine Art Printed","article_publisher":"https:\/\/www.facebook.com\/fineartprinted","article_modified_time":"2025-09-18T09:34:54+00:00","og_image":[{"width":1200,"height":675,"url":"https:\/\/www.fineartprinted.com\/wp-content\/uploads\/2021\/02\/photo-gallery-poster-2.png","type":"image\/png"}],"schema":{"@context":"https:\/\/schema.org","@graph":[{"@type":["WebPage","FAQPage"],"@id":"https:\/\/www.fineartprinted.com\/en\/online-fine-art-printing\/","url":"https:\/\/www.fineartprinted.com\/en\/online-fine-art-printing\/","name":"Fine Art Printing (Gicl\u00e9e) Online on Museum Papers | Fine Art Printed","isPartOf":{"@id":"https:\/\/www.fineartprinted.com\/en\/?lang=en\/#website"},"primaryImageOfPage":{"@id":"https:\/\/www.fineartprinted.com\/en\/online-fine-art-printing\/#primaryimage"},"image":{"@id":"https:\/\/www.fineartprinted.com\/en\/online-fine-art-printing\/#primaryimage"},"thumbnailUrl":"https:\/\/www.fineartprinted.com\/wp-content\/uploads\/2021\/02\/photo-gallery-poster-2-1024x576.png","datePublished":"2025-09-15T09:12:16+00:00","dateModified":"2025-09-18T09:34:54+00:00","description":"Order Fine Art (Gicl\u00e9e) prints on Hahnem\u00fchle, Canson, Awagami papers. Color control, museum materials, online quote.","breadcrumb":{"@id":"https:\/\/www.fineartprinted.com\/en\/online-fine-art-printing\/#breadcrumb"},"mainEntity":[{"@id":"https:\/\/www.fineartprinted.com\/en\/online-fine-art-printing\/#faq-question-1757664585878"},{"@id":"https:\/\/www.fineartprinted.com\/en\/online-fine-art-printing\/#faq-question-1757664619836"},{"@id":"https:\/\/www.fineartprinted.com\/en\/online-fine-art-printing\/#faq-question-1757664652483"}],"inLanguage":"en-US","potentialAction":[{"@type":"ReadAction","target":["https:\/\/www.fineartprinted.com\/en\/online-fine-art-printing\/"]}]},{"@type":"ImageObject","inLanguage":"en-US","@id":"https:\/\/www.fineartprinted.com\/en\/online-fine-art-printing\/#primaryimage","url":"https:\/\/www.fineartprinted.com\/wp-content\/uploads\/2021\/02\/photo-gallery-poster-2-1024x576.png","contentUrl":"https:\/\/www.fineartprinted.com\/wp-content\/uploads\/2021\/02\/photo-gallery-poster-2-1024x576.png"},{"@type":"BreadcrumbList","@id":"https:\/\/www.fineartprinted.com\/en\/online-fine-art-printing\/#breadcrumb","itemListElement":[{"@type":"ListItem","position":1,"name":"Home","item":"https:\/\/www.fineartprinted.com\/en\/?lang=en"},{"@type":"ListItem","position":2,"name":"Online Fine Art Printing"}]},{"@type":"WebSite","@id":"https:\/\/www.fineartprinted.com\/en\/?lang=en\/#website","url":"https:\/\/www.fineartprinted.com\/en\/?lang=en\/","name":"Fine Art Printed","description":"Stampa fine art per fotografi e artisti","publisher":{"@id":"https:\/\/www.fineartprinted.com\/en\/?lang=en\/#organization"},"alternateName":"Laboratorio di stampa Fine Art Printed","potentialAction":[{"@type":"SearchAction","target":{"@type":"EntryPoint","urlTemplate":"https:\/\/www.fineartprinted.com\/en\/?lang=en\/?s={search_term_string}"},"query-input":{"@type":"PropertyValueSpecification","valueRequired":true,"valueName":"search_term_string"}}],"inLanguage":"en-US"},{"@type":"Organization","@id":"https:\/\/www.fineartprinted.com\/en\/?lang=en\/#organization","name":"Fine Art Printed di Pompei Simone","alternateName":"Fine Art Printed","url":"https:\/\/www.fineartprinted.com\/en\/?lang=en\/","logo":{"@type":"ImageObject","inLanguage":"en-US","@id":"https:\/\/www.fineartprinted.com\/en\/?lang=en\/#\/schema\/logo\/image\/","url":"https:\/\/www.fineartprinted.com\/wp-content\/uploads\/2011\/12\/fineartprinted-solologo-011.png","contentUrl":"https:\/\/www.fineartprinted.com\/wp-content\/uploads\/2011\/12\/fineartprinted-solologo-011.png","width":348,"height":274,"caption":"Fine Art Printed di Pompei Simone"},"image":{"@id":"https:\/\/www.fineartprinted.com\/en\/?lang=en\/#\/schema\/logo\/image\/"},"sameAs":["https:\/\/www.facebook.com\/fineartprinted","https:\/\/x.com\/fineartprinted","https:\/\/www.instagram.com\/fineartprinted\/"]},{"@type":"Question","@id":"https:\/\/www.fineartprinted.com\/en\/online-fine-art-printing\/#faq-question-1757664585878","position":1,"url":"https:\/\/www.fineartprinted.com\/en\/online-fine-art-printing\/#faq-question-1757664585878","name":"Will you contact me before printing?","answerCount":1,"acceptedAnswer":{"@type":"Answer","text":"No. If the files are suitable we proceed directly. We contact you <strong>only if there are problems<\/strong> (insufficient resolution, wrong profiles, margins\/cuts to be corrected) or for special requests.  ","inLanguage":"en-US"},"inLanguage":"en-US"},{"@type":"Question","@id":"https:\/\/www.fineartprinted.com\/en\/online-fine-art-printing\/#faq-question-1757664619836","position":2,"url":"https:\/\/www.fineartprinted.com\/en\/online-fine-art-printing\/#faq-question-1757664619836","name":"Can I indicate a deadline?","answerCount":1,"acceptedAnswer":{"@type":"Answer","text":"Yes, report the deadline in the form. We do not communicate standard deadlines; if the request is not compatible, we will alert you with possible alternatives. ","inLanguage":"en-US"},"inLanguage":"en-US"},{"@type":"Question","@id":"https:\/\/www.fineartprinted.com\/en\/online-fine-art-printing\/#faq-question-1757664652483","position":3,"url":"https:\/\/www.fineartprinted.com\/en\/online-fine-art-printing\/#faq-question-1757664652483","name":"I have more questions","answerCount":1,"acceptedAnswer":{"@type":"Answer","text":"Check out our <a href=\"https:\/\/www.fineartprinted.com\/en\/faq\/\">FAQ<\/a>","inLanguage":"en-US"},"inLanguage":"en-US"}]}},"_links":{"self":[{"href":"https:\/\/www.fineartprinted.com\/en\/wp-json\/wp\/v2\/pages\/50703","targetHints":{"allow":["GET"]}}],"collection":[{"href":"https:\/\/www.fineartprinted.com\/en\/wp-json\/wp\/v2\/pages"}],"about":[{"href":"https:\/\/www.fineartprinted.com\/en\/wp-json\/wp\/v2\/types\/page"}],"author":[{"embeddable":true,"href":"https:\/\/www.fineartprinted.com\/en\/wp-json\/wp\/v2\/users\/1"}],"replies":[{"embeddable":true,"href":"https:\/\/www.fineartprinted.com\/en\/wp-json\/wp\/v2\/comments?post=50703"}],"version-history":[{"count":2,"href":"https:\/\/www.fineartprinted.com\/en\/wp-json\/wp\/v2\/pages\/50703\/revisions"}],"predecessor-version":[{"id":50760,"href":"https:\/\/www.fineartprinted.com\/en\/wp-json\/wp\/v2\/pages\/50703\/revisions\/50760"}],"wp:attachment":[{"href":"https:\/\/www.fineartprinted.com\/en\/wp-json\/wp\/v2\/media?parent=50703"}],"curies":[{"name":"wp","href":"https:\/\/api.w.org\/{rel}","templated":true}]}}