{"id":50817,"date":"2018-10-01T12:52:04","date_gmt":"2018-10-01T10:52:04","guid":{"rendered":"https:\/\/www.fineartprinted.com\/shop\/awagami-kozo-duenn-weiss-70gsm\/"},"modified":"2025-09-22T12:43:17","modified_gmt":"2025-09-22T10:43:17","slug":"awagami-kozo-duenn-weiss-70gsm","status":"publish","type":"product","link":"https:\/\/www.fineartprinted.com\/de\/shop\/awagami-kozo-duenn-weiss-70gsm\/","title":{"rendered":"Awagami Kozo D\u00fcnn Wei\u00df 70gsm"},"content":{"rendered":"<p>Gedruckt auf japanischem Awagami-Papier mit einer Grammatur von 70 g und einer Dicke von etwa 0,16 mm.<\/p>\n<p>Es ist ein undurchsichtiges Kozo (Maulbeerbaum) Faserpapier. Es kann f\u00fcr Fotografien, Reproduktionen japanischer Kunst, Illustrationen und aufgrund seiner Dicke auch f\u00fcr Backlit verwendet werden. <\/p>\n<p>Der Druck wird auf einem A4-Blatt erstellt. Der Preis gilt f\u00fcr einen Einzelblattdruck, unabh\u00e4ngig von der Gr\u00f6\u00dfe des Druckbereichs. <\/p>\n<p>Es wird empfohlen, eine Gr\u00f6\u00dfe von 19&#215;27,7 cm nicht zu \u00fcberschreiten und es aufgrund der Helligkeit nicht f\u00fcr sehr dunkle Drucke \u00fcber die gesamte Druckfl\u00e4che zu verwenden.<\/p>\n<p>&nbsp;<\/p>\n<p>Die Verwendung der Fotos erfolgt mit freundlicher Genehmigung von Awagami<\/p>\n<p>&nbsp;<\/p>\n","protected":false},"excerpt":{"rendered":"<p>Gedruckt auf japanischem Awagami-Papier mit einer Grammatur von 70 g und einer Dicke von etwa 0,16 mm. Es ist ein&#8230;<\/p>\n","protected":false},"featured_media":50816,"comment_status":"open","ping_status":"closed","template":"","meta":[],"product_brand":[],"product_cat":[730,731,732],"product_tag":[738,739,737,736,734,735,742,741,743,740],"class_list":{"0":"post-50817","1":"product","2":"type-product","3":"status-publish","4":"has-post-thumbnail","6":"product_cat-auf-papier-drucken","7":"product_cat-matt","8":"product_cat-mehr","9":"product_tag-awagami-fineart","10":"product_tag-awagami-i-j-p-awagami-tintenstrahlpapier","11":"product_tag-awagami-papier","13":"product_tag-bildende-kunst","14":"product_tag-japanische-kunst","15":"product_tag-japanisches-papier","16":"product_tag-kozo","17":"product_tag-saurefrei-neutral","18":"product_tag-washi","20":"first","21":"instock","22":"featured","23":"taxable","24":"shipping-taxable","25":"purchasable","26":"product-type-simple"},"yoast_head":"<!-- This site is optimized with the Yoast SEO plugin v27.4 - https:\/\/yoast.com\/product\/yoast-seo-wordpress\/ -->\n<title>Awagami Kozo D\u00fcnn Wei\u00df 70gsm - Fine Art Printed<\/title>\n<meta name=\"description\" content=\"Gedruckt auf Awagami Kozo Papier f\u00fcr Kunstreproduktionen, Fotografien und Illustrationen. Seine Leichtigkeit kann auch f\u00fcr Hintergrundbeleuchtung verwendet werden.\" \/>\n<meta name=\"robots\" content=\"index, follow, max-snippet:-1, max-image-preview:large, max-video-preview:-1\" \/>\n<link rel=\"canonical\" href=\"https:\/\/www.fineartprinted.com\/de\/shop\/awagami-kozo-duenn-weiss-70gsm\/\" \/>\n<meta property=\"og:locale\" content=\"de_DE\" \/>\n<meta property=\"og:type\" content=\"article\" \/>\n<meta property=\"og:title\" content=\"Awagami Kozo D\u00fcnn Wei\u00df 70gsm - Fine Art Printed\" \/>\n<meta property=\"og:description\" content=\"Gedruckt auf Awagami Kozo Papier f\u00fcr Kunstreproduktionen, Fotografien und Illustrationen. Seine Leichtigkeit kann auch f\u00fcr Hintergrundbeleuchtung verwendet werden.\" \/>\n<meta property=\"og:url\" content=\"https:\/\/www.fineartprinted.com\/de\/shop\/awagami-kozo-duenn-weiss-70gsm\/\" \/>\n<meta property=\"og:site_name\" content=\"Fine Art Printed\" \/>\n<meta property=\"article:publisher\" content=\"https:\/\/www.facebook.com\/fineartprinted\" \/>\n<meta property=\"article:modified_time\" content=\"2025-09-22T10:43:17+00:00\" \/>\n<meta property=\"og:image\" content=\"https:\/\/www.fineartprinted.com\/wp-content\/uploads\/2018\/10\/product_a01_img01_800x800.jpg\" \/>\n\t<meta property=\"og:image:width\" content=\"800\" \/>\n\t<meta property=\"og:image:height\" content=\"800\" \/>\n\t<meta property=\"og:image:type\" content=\"image\/jpeg\" \/>\n<script type=\"application\/ld+json\" class=\"yoast-schema-graph\">{\"@context\":\"https:\\\/\\\/schema.org\",\"@graph\":[{\"@type\":\"WebPage\",\"@id\":\"https:\\\/\\\/www.fineartprinted.com\\\/de\\\/shop\\\/awagami-kozo-duenn-weiss-70gsm\\\/\",\"url\":\"https:\\\/\\\/www.fineartprinted.com\\\/de\\\/shop\\\/awagami-kozo-duenn-weiss-70gsm\\\/\",\"name\":\"Awagami Kozo D\u00fcnn Wei\u00df 70gsm - Fine Art Printed\",\"isPartOf\":{\"@id\":\"https:\\\/\\\/www.fineartprinted.com\\\/de\\\/?lang=en\\\/#website\"},\"primaryImageOfPage\":{\"@id\":\"https:\\\/\\\/www.fineartprinted.com\\\/de\\\/shop\\\/awagami-kozo-duenn-weiss-70gsm\\\/#primaryimage\"},\"image\":{\"@id\":\"https:\\\/\\\/www.fineartprinted.com\\\/de\\\/shop\\\/awagami-kozo-duenn-weiss-70gsm\\\/#primaryimage\"},\"thumbnailUrl\":\"https:\\\/\\\/www.fineartprinted.com\\\/wp-content\\\/uploads\\\/2018\\\/10\\\/product_a01_img01_800x800.jpg\",\"datePublished\":\"2018-10-01T10:52:04+00:00\",\"dateModified\":\"2025-09-22T10:43:17+00:00\",\"description\":\"Gedruckt auf Awagami Kozo Papier f\u00fcr Kunstreproduktionen, Fotografien und Illustrationen. Seine Leichtigkeit kann auch f\u00fcr Hintergrundbeleuchtung verwendet werden.\",\"breadcrumb\":{\"@id\":\"https:\\\/\\\/www.fineartprinted.com\\\/de\\\/shop\\\/awagami-kozo-duenn-weiss-70gsm\\\/#breadcrumb\"},\"inLanguage\":\"de\",\"potentialAction\":[{\"@type\":\"ReadAction\",\"target\":[\"https:\\\/\\\/www.fineartprinted.com\\\/de\\\/shop\\\/awagami-kozo-duenn-weiss-70gsm\\\/\"]}]},{\"@type\":\"ImageObject\",\"inLanguage\":\"de\",\"@id\":\"https:\\\/\\\/www.fineartprinted.com\\\/de\\\/shop\\\/awagami-kozo-duenn-weiss-70gsm\\\/#primaryimage\",\"url\":\"https:\\\/\\\/www.fineartprinted.com\\\/wp-content\\\/uploads\\\/2018\\\/10\\\/product_a01_img01_800x800.jpg\",\"contentUrl\":\"https:\\\/\\\/www.fineartprinted.com\\\/wp-content\\\/uploads\\\/2018\\\/10\\\/product_a01_img01_800x800.jpg\",\"width\":800,\"height\":800},{\"@type\":\"BreadcrumbList\",\"@id\":\"https:\\\/\\\/www.fineartprinted.com\\\/de\\\/shop\\\/awagami-kozo-duenn-weiss-70gsm\\\/#breadcrumb\",\"itemListElement\":[{\"@type\":\"ListItem\",\"position\":1,\"name\":\"Home\",\"item\":\"https:\\\/\\\/www.fineartprinted.com\\\/de\\\/print-manufaktur-fine-art-printed\\\/\"},{\"@type\":\"ListItem\",\"position\":2,\"name\":\"Negozio\",\"item\":\"https:\\\/\\\/www.fineartprinted.com\\\/negozio\\\/?lang=de\"},{\"@type\":\"ListItem\",\"position\":3,\"name\":\"Awagami Kozo D\u00fcnn Wei\u00df 70gsm\"}]},{\"@type\":\"WebSite\",\"@id\":\"https:\\\/\\\/www.fineartprinted.com\\\/de\\\/?lang=en\\\/#website\",\"url\":\"https:\\\/\\\/www.fineartprinted.com\\\/de\\\/?lang=en\\\/\",\"name\":\"Fine Art Printed\",\"description\":\"Stampa fine art per fotografi e artisti\",\"publisher\":{\"@id\":\"https:\\\/\\\/www.fineartprinted.com\\\/de\\\/?lang=en\\\/#organization\"},\"alternateName\":\"Laboratorio di stampa Fine Art Printed\",\"potentialAction\":[{\"@type\":\"SearchAction\",\"target\":{\"@type\":\"EntryPoint\",\"urlTemplate\":\"https:\\\/\\\/www.fineartprinted.com\\\/de\\\/?lang=en\\\/?s={search_term_string}\"},\"query-input\":{\"@type\":\"PropertyValueSpecification\",\"valueRequired\":true,\"valueName\":\"search_term_string\"}}],\"inLanguage\":\"de\"},{\"@type\":\"Organization\",\"@id\":\"https:\\\/\\\/www.fineartprinted.com\\\/de\\\/?lang=en\\\/#organization\",\"name\":\"Fine Art Printed di Pompei Simone\",\"alternateName\":\"Fine Art Printed\",\"url\":\"https:\\\/\\\/www.fineartprinted.com\\\/de\\\/?lang=en\\\/\",\"logo\":{\"@type\":\"ImageObject\",\"inLanguage\":\"de\",\"@id\":\"https:\\\/\\\/www.fineartprinted.com\\\/de\\\/?lang=en\\\/#\\\/schema\\\/logo\\\/image\\\/\",\"url\":\"https:\\\/\\\/www.fineartprinted.com\\\/wp-content\\\/uploads\\\/2011\\\/12\\\/fineartprinted-solologo-011.png\",\"contentUrl\":\"https:\\\/\\\/www.fineartprinted.com\\\/wp-content\\\/uploads\\\/2011\\\/12\\\/fineartprinted-solologo-011.png\",\"width\":348,\"height\":274,\"caption\":\"Fine Art Printed di Pompei Simone\"},\"image\":{\"@id\":\"https:\\\/\\\/www.fineartprinted.com\\\/de\\\/?lang=en\\\/#\\\/schema\\\/logo\\\/image\\\/\"},\"sameAs\":[\"https:\\\/\\\/www.facebook.com\\\/fineartprinted\",\"https:\\\/\\\/x.com\\\/fineartprinted\",\"https:\\\/\\\/www.instagram.com\\\/fineartprinted\\\/\"]}]}<\/script>\n<!-- \/ Yoast SEO plugin. -->","yoast_head_json":{"title":"Awagami Kozo D\u00fcnn Wei\u00df 70gsm - Fine Art Printed","description":"Gedruckt auf Awagami Kozo Papier f\u00fcr Kunstreproduktionen, Fotografien und Illustrationen. Seine Leichtigkeit kann auch f\u00fcr Hintergrundbeleuchtung verwendet werden.","robots":{"index":"index","follow":"follow","max-snippet":"max-snippet:-1","max-image-preview":"max-image-preview:large","max-video-preview":"max-video-preview:-1"},"canonical":"https:\/\/www.fineartprinted.com\/de\/shop\/awagami-kozo-duenn-weiss-70gsm\/","og_locale":"de_DE","og_type":"article","og_title":"Awagami Kozo D\u00fcnn Wei\u00df 70gsm - Fine Art Printed","og_description":"Gedruckt auf Awagami Kozo Papier f\u00fcr Kunstreproduktionen, Fotografien und Illustrationen. Seine Leichtigkeit kann auch f\u00fcr Hintergrundbeleuchtung verwendet werden.","og_url":"https:\/\/www.fineartprinted.com\/de\/shop\/awagami-kozo-duenn-weiss-70gsm\/","og_site_name":"Fine Art Printed","article_publisher":"https:\/\/www.facebook.com\/fineartprinted","article_modified_time":"2025-09-22T10:43:17+00:00","og_image":[{"width":800,"height":800,"url":"https:\/\/www.fineartprinted.com\/wp-content\/uploads\/2018\/10\/product_a01_img01_800x800.jpg","type":"image\/jpeg"}],"schema":{"@context":"https:\/\/schema.org","@graph":[{"@type":"WebPage","@id":"https:\/\/www.fineartprinted.com\/de\/shop\/awagami-kozo-duenn-weiss-70gsm\/","url":"https:\/\/www.fineartprinted.com\/de\/shop\/awagami-kozo-duenn-weiss-70gsm\/","name":"Awagami Kozo D\u00fcnn Wei\u00df 70gsm - Fine Art Printed","isPartOf":{"@id":"https:\/\/www.fineartprinted.com\/de\/?lang=en\/#website"},"primaryImageOfPage":{"@id":"https:\/\/www.fineartprinted.com\/de\/shop\/awagami-kozo-duenn-weiss-70gsm\/#primaryimage"},"image":{"@id":"https:\/\/www.fineartprinted.com\/de\/shop\/awagami-kozo-duenn-weiss-70gsm\/#primaryimage"},"thumbnailUrl":"https:\/\/www.fineartprinted.com\/wp-content\/uploads\/2018\/10\/product_a01_img01_800x800.jpg","datePublished":"2018-10-01T10:52:04+00:00","dateModified":"2025-09-22T10:43:17+00:00","description":"Gedruckt auf Awagami Kozo Papier f\u00fcr Kunstreproduktionen, Fotografien und Illustrationen. Seine Leichtigkeit kann auch f\u00fcr Hintergrundbeleuchtung verwendet werden.","breadcrumb":{"@id":"https:\/\/www.fineartprinted.com\/de\/shop\/awagami-kozo-duenn-weiss-70gsm\/#breadcrumb"},"inLanguage":"de","potentialAction":[{"@type":"ReadAction","target":["https:\/\/www.fineartprinted.com\/de\/shop\/awagami-kozo-duenn-weiss-70gsm\/"]}]},{"@type":"ImageObject","inLanguage":"de","@id":"https:\/\/www.fineartprinted.com\/de\/shop\/awagami-kozo-duenn-weiss-70gsm\/#primaryimage","url":"https:\/\/www.fineartprinted.com\/wp-content\/uploads\/2018\/10\/product_a01_img01_800x800.jpg","contentUrl":"https:\/\/www.fineartprinted.com\/wp-content\/uploads\/2018\/10\/product_a01_img01_800x800.jpg","width":800,"height":800},{"@type":"BreadcrumbList","@id":"https:\/\/www.fineartprinted.com\/de\/shop\/awagami-kozo-duenn-weiss-70gsm\/#breadcrumb","itemListElement":[{"@type":"ListItem","position":1,"name":"Home","item":"https:\/\/www.fineartprinted.com\/de\/print-manufaktur-fine-art-printed\/"},{"@type":"ListItem","position":2,"name":"Negozio","item":"https:\/\/www.fineartprinted.com\/negozio\/?lang=de"},{"@type":"ListItem","position":3,"name":"Awagami Kozo D\u00fcnn Wei\u00df 70gsm"}]},{"@type":"WebSite","@id":"https:\/\/www.fineartprinted.com\/de\/?lang=en\/#website","url":"https:\/\/www.fineartprinted.com\/de\/?lang=en\/","name":"Fine Art Printed","description":"Stampa fine art per fotografi e artisti","publisher":{"@id":"https:\/\/www.fineartprinted.com\/de\/?lang=en\/#organization"},"alternateName":"Laboratorio di stampa Fine Art Printed","potentialAction":[{"@type":"SearchAction","target":{"@type":"EntryPoint","urlTemplate":"https:\/\/www.fineartprinted.com\/de\/?lang=en\/?s={search_term_string}"},"query-input":{"@type":"PropertyValueSpecification","valueRequired":true,"valueName":"search_term_string"}}],"inLanguage":"de"},{"@type":"Organization","@id":"https:\/\/www.fineartprinted.com\/de\/?lang=en\/#organization","name":"Fine Art Printed di Pompei Simone","alternateName":"Fine Art Printed","url":"https:\/\/www.fineartprinted.com\/de\/?lang=en\/","logo":{"@type":"ImageObject","inLanguage":"de","@id":"https:\/\/www.fineartprinted.com\/de\/?lang=en\/#\/schema\/logo\/image\/","url":"https:\/\/www.fineartprinted.com\/wp-content\/uploads\/2011\/12\/fineartprinted-solologo-011.png","contentUrl":"https:\/\/www.fineartprinted.com\/wp-content\/uploads\/2011\/12\/fineartprinted-solologo-011.png","width":348,"height":274,"caption":"Fine Art Printed di Pompei Simone"},"image":{"@id":"https:\/\/www.fineartprinted.com\/de\/?lang=en\/#\/schema\/logo\/image\/"},"sameAs":["https:\/\/www.facebook.com\/fineartprinted","https:\/\/x.com\/fineartprinted","https:\/\/www.instagram.com\/fineartprinted\/"]}]}},"_links":{"self":[{"href":"https:\/\/www.fineartprinted.com\/de\/wp-json\/wp\/v2\/product\/50817","targetHints":{"allow":["GET"]}}],"collection":[{"href":"https:\/\/www.fineartprinted.com\/de\/wp-json\/wp\/v2\/product"}],"about":[{"href":"https:\/\/www.fineartprinted.com\/de\/wp-json\/wp\/v2\/types\/product"}],"replies":[{"embeddable":true,"href":"https:\/\/www.fineartprinted.com\/de\/wp-json\/wp\/v2\/comments?post=50817"}],"wp:featuredmedia":[{"embeddable":true,"href":"https:\/\/www.fineartprinted.com\/de\/wp-json\/wp\/v2\/media\/50816"}],"wp:attachment":[{"href":"https:\/\/www.fineartprinted.com\/de\/wp-json\/wp\/v2\/media?parent=50817"}],"wp:term":[{"taxonomy":"product_brand","embeddable":true,"href":"https:\/\/www.fineartprinted.com\/de\/wp-json\/wp\/v2\/product_brand?post=50817"},{"taxonomy":"product_cat","embeddable":true,"href":"https:\/\/www.fineartprinted.com\/de\/wp-json\/wp\/v2\/product_cat?post=50817"},{"taxonomy":"product_tag","embeddable":true,"href":"https:\/\/www.fineartprinted.com\/de\/wp-json\/wp\/v2\/product_tag?post=50817"}],"curies":[{"name":"wp","href":"https:\/\/api.w.org\/{rel}","templated":true}]}}