{"id":50813,"date":"2018-10-01T12:50:08","date_gmt":"2018-10-01T10:50:08","guid":{"rendered":"https:\/\/www.fineartprinted.com\/shop\/awagami-bambus-170gsm\/"},"modified":"2025-09-22T12:43:12","modified_gmt":"2025-09-22T10:43:12","slug":"awagami-bambus-170gsm","status":"publish","type":"product","link":"https:\/\/www.fineartprinted.com\/de\/shop\/awagami-bambus-170gsm\/","title":{"rendered":"Awagami Bambus 170gsm"},"content":{"rendered":"<p>Gedruckt auf japanischem Awagami-Bambuspapier mit einer Grammatur von 170 g und einer Dicke von ca. 0,35 mm.<\/p>\n<p>Awagami Bamboo ist ein opakes Papier, das aus Bambusfasern und recyceltem Zellstoff hergestellt wird. Es ist eine umweltfreundlichere Alternative zu Baumwollfaserpapieren und kann f\u00fcr Kunstreproduktionen, Fotografie und Illustrationen verwendet werden. Es hat ein nat\u00fcrliches Wei\u00df, eine sehr leichte Textur und ist geeignet, um Ihre Kunstwerke lange zu bewahren.  <\/p>\n<p>Der Druck wird auf einem A4-Blatt erstellt. Der Preis gilt f\u00fcr einen Einzelblattdruck, unabh\u00e4ngig von der Gr\u00f6\u00dfe des Druckbereichs. <\/p>\n<p>Es ist auch m\u00f6glich, die zweite Seite des Bogens gegen einen Aufpreis zu bedrucken.<\/p>\n<p>Es wird empfohlen, die Ma\u00dfe 19&#215;27,7 cm nicht zu \u00fcberschreiten.<\/p>\n<p>Gegen einen geringen Aufpreis ist es m\u00f6glich, beide Seiten zu bedrucken.<\/p>\n<p>&nbsp;<\/p>\n","protected":false},"excerpt":{"rendered":"<p>Gedruckt auf japanischem Awagami-Bambuspapier mit einer Grammatur von 170 g und einer Dicke von ca. 0,35 mm. Awagami Bamboo ist&#8230;<\/p>\n","protected":false},"featured_media":34112,"comment_status":"open","ping_status":"closed","template":"","meta":[],"product_brand":[],"product_cat":[730,731,732],"product_tag":[738,739,737,760,736,749,734,735,740],"class_list":{"0":"post-50813","1":"product","2":"type-product","3":"status-publish","4":"has-post-thumbnail","6":"product_cat-auf-papier-drucken","7":"product_cat-matt","8":"product_cat-mehr","9":"product_tag-awagami-fineart","10":"product_tag-awagami-i-j-p-awagami-tintenstrahlpapier","11":"product_tag-awagami-papier","12":"product_tag-awagami-bambus","14":"product_tag-bamboo-papier-2","15":"product_tag-bildende-kunst","16":"product_tag-japanische-kunst","17":"product_tag-washi","19":"first","20":"instock","21":"taxable","22":"shipping-taxable","23":"purchasable","24":"product-type-simple"},"yoast_head":"<!-- This site is optimized with the Yoast SEO plugin v27.4 - https:\/\/yoast.com\/product\/yoast-seo-wordpress\/ -->\n<title>Awagami Bambus 170gsm - Fine Art Printed<\/title>\n<meta name=\"description\" content=\"Gedruckt auf Awagami Bamboo 170 g\/m\u00b2 Papier, das aus einer Mischung aus Bambusfasern und recyceltem Zellstoff hergestellt wird. Nat\u00fcrliches Wei\u00df mit einer leichten Textur.\" \/>\n<meta name=\"robots\" content=\"index, follow, max-snippet:-1, max-image-preview:large, max-video-preview:-1\" \/>\n<link rel=\"canonical\" href=\"https:\/\/www.fineartprinted.com\/de\/shop\/awagami-bambus-170gsm\/\" \/>\n<meta property=\"og:locale\" content=\"de_DE\" \/>\n<meta property=\"og:type\" content=\"article\" \/>\n<meta property=\"og:title\" content=\"Awagami Bambus 170gsm - Fine Art Printed\" \/>\n<meta property=\"og:description\" content=\"Gedruckt auf Awagami Bamboo 170 g\/m\u00b2 Papier, das aus einer Mischung aus Bambusfasern und recyceltem Zellstoff hergestellt wird. Nat\u00fcrliches Wei\u00df mit einer leichten Textur.\" \/>\n<meta property=\"og:url\" content=\"https:\/\/www.fineartprinted.com\/de\/shop\/awagami-bambus-170gsm\/\" \/>\n<meta property=\"og:site_name\" content=\"Fine Art Printed\" \/>\n<meta property=\"article:publisher\" content=\"https:\/\/www.facebook.com\/fineartprinted\" \/>\n<meta property=\"article:modified_time\" content=\"2025-09-22T10:43:12+00:00\" \/>\n<meta property=\"og:image\" content=\"https:\/\/www.fineartprinted.com\/wp-content\/uploads\/2018\/10\/product_a16_img01_800x800.jpg\" \/>\n\t<meta property=\"og:image:width\" content=\"800\" \/>\n\t<meta property=\"og:image:height\" content=\"800\" \/>\n\t<meta property=\"og:image:type\" content=\"image\/jpeg\" \/>\n<script type=\"application\/ld+json\" class=\"yoast-schema-graph\">{\"@context\":\"https:\\\/\\\/schema.org\",\"@graph\":[{\"@type\":\"WebPage\",\"@id\":\"https:\\\/\\\/www.fineartprinted.com\\\/de\\\/shop\\\/awagami-bambus-170gsm\\\/\",\"url\":\"https:\\\/\\\/www.fineartprinted.com\\\/de\\\/shop\\\/awagami-bambus-170gsm\\\/\",\"name\":\"Awagami Bambus 170gsm - Fine Art Printed\",\"isPartOf\":{\"@id\":\"https:\\\/\\\/www.fineartprinted.com\\\/de\\\/?lang=en\\\/#website\"},\"primaryImageOfPage\":{\"@id\":\"https:\\\/\\\/www.fineartprinted.com\\\/de\\\/shop\\\/awagami-bambus-170gsm\\\/#primaryimage\"},\"image\":{\"@id\":\"https:\\\/\\\/www.fineartprinted.com\\\/de\\\/shop\\\/awagami-bambus-170gsm\\\/#primaryimage\"},\"thumbnailUrl\":\"https:\\\/\\\/www.fineartprinted.com\\\/wp-content\\\/uploads\\\/2018\\\/10\\\/product_a16_img01_800x800.jpg\",\"datePublished\":\"2018-10-01T10:50:08+00:00\",\"dateModified\":\"2025-09-22T10:43:12+00:00\",\"description\":\"Gedruckt auf Awagami Bamboo 170 g\\\/m\u00b2 Papier, das aus einer Mischung aus Bambusfasern und recyceltem Zellstoff hergestellt wird. Nat\u00fcrliches Wei\u00df mit einer leichten Textur.\",\"breadcrumb\":{\"@id\":\"https:\\\/\\\/www.fineartprinted.com\\\/de\\\/shop\\\/awagami-bambus-170gsm\\\/#breadcrumb\"},\"inLanguage\":\"de\",\"potentialAction\":[{\"@type\":\"ReadAction\",\"target\":[\"https:\\\/\\\/www.fineartprinted.com\\\/de\\\/shop\\\/awagami-bambus-170gsm\\\/\"]}]},{\"@type\":\"ImageObject\",\"inLanguage\":\"de\",\"@id\":\"https:\\\/\\\/www.fineartprinted.com\\\/de\\\/shop\\\/awagami-bambus-170gsm\\\/#primaryimage\",\"url\":\"https:\\\/\\\/www.fineartprinted.com\\\/wp-content\\\/uploads\\\/2018\\\/10\\\/product_a16_img01_800x800.jpg\",\"contentUrl\":\"https:\\\/\\\/www.fineartprinted.com\\\/wp-content\\\/uploads\\\/2018\\\/10\\\/product_a16_img01_800x800.jpg\",\"width\":800,\"height\":800,\"caption\":\"carta Awagami Bamboo\"},{\"@type\":\"BreadcrumbList\",\"@id\":\"https:\\\/\\\/www.fineartprinted.com\\\/de\\\/shop\\\/awagami-bambus-170gsm\\\/#breadcrumb\",\"itemListElement\":[{\"@type\":\"ListItem\",\"position\":1,\"name\":\"Home\",\"item\":\"https:\\\/\\\/www.fineartprinted.com\\\/de\\\/print-manufaktur-fine-art-printed\\\/\"},{\"@type\":\"ListItem\",\"position\":2,\"name\":\"Negozio\",\"item\":\"https:\\\/\\\/www.fineartprinted.com\\\/negozio\\\/?lang=de\"},{\"@type\":\"ListItem\",\"position\":3,\"name\":\"Awagami Bambus 170gsm\"}]},{\"@type\":\"WebSite\",\"@id\":\"https:\\\/\\\/www.fineartprinted.com\\\/de\\\/?lang=en\\\/#website\",\"url\":\"https:\\\/\\\/www.fineartprinted.com\\\/de\\\/?lang=en\\\/\",\"name\":\"Fine Art Printed\",\"description\":\"Stampa fine art per fotografi e artisti\",\"publisher\":{\"@id\":\"https:\\\/\\\/www.fineartprinted.com\\\/de\\\/?lang=en\\\/#organization\"},\"alternateName\":\"Laboratorio di stampa Fine Art Printed\",\"potentialAction\":[{\"@type\":\"SearchAction\",\"target\":{\"@type\":\"EntryPoint\",\"urlTemplate\":\"https:\\\/\\\/www.fineartprinted.com\\\/de\\\/?lang=en\\\/?s={search_term_string}\"},\"query-input\":{\"@type\":\"PropertyValueSpecification\",\"valueRequired\":true,\"valueName\":\"search_term_string\"}}],\"inLanguage\":\"de\"},{\"@type\":\"Organization\",\"@id\":\"https:\\\/\\\/www.fineartprinted.com\\\/de\\\/?lang=en\\\/#organization\",\"name\":\"Fine Art Printed di Pompei Simone\",\"alternateName\":\"Fine Art Printed\",\"url\":\"https:\\\/\\\/www.fineartprinted.com\\\/de\\\/?lang=en\\\/\",\"logo\":{\"@type\":\"ImageObject\",\"inLanguage\":\"de\",\"@id\":\"https:\\\/\\\/www.fineartprinted.com\\\/de\\\/?lang=en\\\/#\\\/schema\\\/logo\\\/image\\\/\",\"url\":\"https:\\\/\\\/www.fineartprinted.com\\\/wp-content\\\/uploads\\\/2011\\\/12\\\/fineartprinted-solologo-011.png\",\"contentUrl\":\"https:\\\/\\\/www.fineartprinted.com\\\/wp-content\\\/uploads\\\/2011\\\/12\\\/fineartprinted-solologo-011.png\",\"width\":348,\"height\":274,\"caption\":\"Fine Art Printed di Pompei Simone\"},\"image\":{\"@id\":\"https:\\\/\\\/www.fineartprinted.com\\\/de\\\/?lang=en\\\/#\\\/schema\\\/logo\\\/image\\\/\"},\"sameAs\":[\"https:\\\/\\\/www.facebook.com\\\/fineartprinted\",\"https:\\\/\\\/x.com\\\/fineartprinted\",\"https:\\\/\\\/www.instagram.com\\\/fineartprinted\\\/\"]}]}<\/script>\n<!-- \/ Yoast SEO plugin. -->","yoast_head_json":{"title":"Awagami Bambus 170gsm - Fine Art Printed","description":"Gedruckt auf Awagami Bamboo 170 g\/m\u00b2 Papier, das aus einer Mischung aus Bambusfasern und recyceltem Zellstoff hergestellt wird. Nat\u00fcrliches Wei\u00df mit einer leichten Textur.","robots":{"index":"index","follow":"follow","max-snippet":"max-snippet:-1","max-image-preview":"max-image-preview:large","max-video-preview":"max-video-preview:-1"},"canonical":"https:\/\/www.fineartprinted.com\/de\/shop\/awagami-bambus-170gsm\/","og_locale":"de_DE","og_type":"article","og_title":"Awagami Bambus 170gsm - Fine Art Printed","og_description":"Gedruckt auf Awagami Bamboo 170 g\/m\u00b2 Papier, das aus einer Mischung aus Bambusfasern und recyceltem Zellstoff hergestellt wird. Nat\u00fcrliches Wei\u00df mit einer leichten Textur.","og_url":"https:\/\/www.fineartprinted.com\/de\/shop\/awagami-bambus-170gsm\/","og_site_name":"Fine Art Printed","article_publisher":"https:\/\/www.facebook.com\/fineartprinted","article_modified_time":"2025-09-22T10:43:12+00:00","og_image":[{"width":800,"height":800,"url":"https:\/\/www.fineartprinted.com\/wp-content\/uploads\/2018\/10\/product_a16_img01_800x800.jpg","type":"image\/jpeg"}],"schema":{"@context":"https:\/\/schema.org","@graph":[{"@type":"WebPage","@id":"https:\/\/www.fineartprinted.com\/de\/shop\/awagami-bambus-170gsm\/","url":"https:\/\/www.fineartprinted.com\/de\/shop\/awagami-bambus-170gsm\/","name":"Awagami Bambus 170gsm - Fine Art Printed","isPartOf":{"@id":"https:\/\/www.fineartprinted.com\/de\/?lang=en\/#website"},"primaryImageOfPage":{"@id":"https:\/\/www.fineartprinted.com\/de\/shop\/awagami-bambus-170gsm\/#primaryimage"},"image":{"@id":"https:\/\/www.fineartprinted.com\/de\/shop\/awagami-bambus-170gsm\/#primaryimage"},"thumbnailUrl":"https:\/\/www.fineartprinted.com\/wp-content\/uploads\/2018\/10\/product_a16_img01_800x800.jpg","datePublished":"2018-10-01T10:50:08+00:00","dateModified":"2025-09-22T10:43:12+00:00","description":"Gedruckt auf Awagami Bamboo 170 g\/m\u00b2 Papier, das aus einer Mischung aus Bambusfasern und recyceltem Zellstoff hergestellt wird. Nat\u00fcrliches Wei\u00df mit einer leichten Textur.","breadcrumb":{"@id":"https:\/\/www.fineartprinted.com\/de\/shop\/awagami-bambus-170gsm\/#breadcrumb"},"inLanguage":"de","potentialAction":[{"@type":"ReadAction","target":["https:\/\/www.fineartprinted.com\/de\/shop\/awagami-bambus-170gsm\/"]}]},{"@type":"ImageObject","inLanguage":"de","@id":"https:\/\/www.fineartprinted.com\/de\/shop\/awagami-bambus-170gsm\/#primaryimage","url":"https:\/\/www.fineartprinted.com\/wp-content\/uploads\/2018\/10\/product_a16_img01_800x800.jpg","contentUrl":"https:\/\/www.fineartprinted.com\/wp-content\/uploads\/2018\/10\/product_a16_img01_800x800.jpg","width":800,"height":800,"caption":"carta Awagami Bamboo"},{"@type":"BreadcrumbList","@id":"https:\/\/www.fineartprinted.com\/de\/shop\/awagami-bambus-170gsm\/#breadcrumb","itemListElement":[{"@type":"ListItem","position":1,"name":"Home","item":"https:\/\/www.fineartprinted.com\/de\/print-manufaktur-fine-art-printed\/"},{"@type":"ListItem","position":2,"name":"Negozio","item":"https:\/\/www.fineartprinted.com\/negozio\/?lang=de"},{"@type":"ListItem","position":3,"name":"Awagami Bambus 170gsm"}]},{"@type":"WebSite","@id":"https:\/\/www.fineartprinted.com\/de\/?lang=en\/#website","url":"https:\/\/www.fineartprinted.com\/de\/?lang=en\/","name":"Fine Art Printed","description":"Stampa fine art per fotografi e artisti","publisher":{"@id":"https:\/\/www.fineartprinted.com\/de\/?lang=en\/#organization"},"alternateName":"Laboratorio di stampa Fine Art Printed","potentialAction":[{"@type":"SearchAction","target":{"@type":"EntryPoint","urlTemplate":"https:\/\/www.fineartprinted.com\/de\/?lang=en\/?s={search_term_string}"},"query-input":{"@type":"PropertyValueSpecification","valueRequired":true,"valueName":"search_term_string"}}],"inLanguage":"de"},{"@type":"Organization","@id":"https:\/\/www.fineartprinted.com\/de\/?lang=en\/#organization","name":"Fine Art Printed di Pompei Simone","alternateName":"Fine Art Printed","url":"https:\/\/www.fineartprinted.com\/de\/?lang=en\/","logo":{"@type":"ImageObject","inLanguage":"de","@id":"https:\/\/www.fineartprinted.com\/de\/?lang=en\/#\/schema\/logo\/image\/","url":"https:\/\/www.fineartprinted.com\/wp-content\/uploads\/2011\/12\/fineartprinted-solologo-011.png","contentUrl":"https:\/\/www.fineartprinted.com\/wp-content\/uploads\/2011\/12\/fineartprinted-solologo-011.png","width":348,"height":274,"caption":"Fine Art Printed di Pompei Simone"},"image":{"@id":"https:\/\/www.fineartprinted.com\/de\/?lang=en\/#\/schema\/logo\/image\/"},"sameAs":["https:\/\/www.facebook.com\/fineartprinted","https:\/\/x.com\/fineartprinted","https:\/\/www.instagram.com\/fineartprinted\/"]}]}},"_links":{"self":[{"href":"https:\/\/www.fineartprinted.com\/de\/wp-json\/wp\/v2\/product\/50813","targetHints":{"allow":["GET"]}}],"collection":[{"href":"https:\/\/www.fineartprinted.com\/de\/wp-json\/wp\/v2\/product"}],"about":[{"href":"https:\/\/www.fineartprinted.com\/de\/wp-json\/wp\/v2\/types\/product"}],"replies":[{"embeddable":true,"href":"https:\/\/www.fineartprinted.com\/de\/wp-json\/wp\/v2\/comments?post=50813"}],"wp:featuredmedia":[{"embeddable":true,"href":"https:\/\/www.fineartprinted.com\/de\/wp-json\/wp\/v2\/media\/34112"}],"wp:attachment":[{"href":"https:\/\/www.fineartprinted.com\/de\/wp-json\/wp\/v2\/media?parent=50813"}],"wp:term":[{"taxonomy":"product_brand","embeddable":true,"href":"https:\/\/www.fineartprinted.com\/de\/wp-json\/wp\/v2\/product_brand?post=50813"},{"taxonomy":"product_cat","embeddable":true,"href":"https:\/\/www.fineartprinted.com\/de\/wp-json\/wp\/v2\/product_cat?post=50813"},{"taxonomy":"product_tag","embeddable":true,"href":"https:\/\/www.fineartprinted.com\/de\/wp-json\/wp\/v2\/product_tag?post=50813"}],"curies":[{"name":"wp","href":"https:\/\/api.w.org\/{rel}","templated":true}]}}