{"id":50806,"date":"2021-01-15T10:50:16","date_gmt":"2021-01-15T09:50:16","guid":{"rendered":"https:\/\/www.fineartprinted.com\/shop\/printmaking-rag-310-g-m%c2%b2-canson\/"},"modified":"2025-09-22T12:43:22","modified_gmt":"2025-09-22T10:43:22","slug":"printmaking-rag-310-g-m%c2%b2-canson","status":"publish","type":"product","link":"https:\/\/www.fineartprinted.com\/de\/shop\/printmaking-rag-310-g-m%c2%b2-canson\/","title":{"rendered":"PrintMaKing Rag 310 g\/m\u00b2 &#8211; Canson"},"content":{"rendered":"<p>Gedruckt auf Canson PrintMaKing Rag.<\/p>\n<p>Nachfolgend finden Sie die technischen Merkmale dieses sch\u00f6nen Rohpapiers.<\/p>\n<table class=\"table\" border=\"0\" cellspacing=\"0\" cellpadding=\"0\">\n<tbody>\n<tr>\n<td><strong>Gewicht (g\/m\u00b2)<\/strong><\/td>\n<td>310<\/td>\n<\/tr>\n<tr>\n<td><strong>Dicke (um)<\/strong><\/td>\n<td>513<\/td>\n<\/tr>\n<tr>\n<td><strong>Oberfl\u00e4che<\/strong><\/td>\n<td>Weiche Textur<\/td>\n<\/tr>\n<tr>\n<td><strong>Oberfl\u00e4che<\/strong><\/td>\n<td>Matt<\/td>\n<\/tr>\n<tr>\n<td><strong>Zusammensetzung<\/strong><\/td>\n<td>100% Baumwolle<\/td>\n<\/tr>\n<tr>\n<td><strong>Wei\u00df CIE<\/strong><\/td>\n<td>82,35<\/td>\n<\/tr>\n<tr>\n<td><strong>Lichtundurchl\u00e4ssigkeit ISO 2471<\/strong><\/td>\n<td>98,8<\/td>\n<\/tr>\n<tr>\n<td><strong>Alkalische Reserve<\/strong><\/td>\n<td>Ja<\/td>\n<\/tr>\n<tr>\n<td><strong>S\u00e4urefrei<\/strong><\/td>\n<td>Ja<\/td>\n<\/tr>\n<tr>\n<td><strong>Optische Azuranten<\/strong><\/td>\n<td>Keine<\/td>\n<\/tr>\n<tr>\n<td><strong>Trocknungszeit<\/strong><\/td>\n<td>Unmittelbar<\/td>\n<\/tr>\n<tr>\n<td><strong>Wasserfest<\/strong><\/td>\n<td>Hoch<\/td>\n<\/tr>\n<tr>\n<td><strong>Andere Informationen<\/strong><\/td>\n<td>\n<div>\n<div>&#8211; Papier, das in runder Form hergestellt wird: die prestigetr\u00e4chtigste und \u00e4lteste Technik der Papierherstellung<br \/>\n&#8211; Kompatibel mit pigmentierten und farbstoffbasierten Tinten<br \/>\n&#8211; Entwickelt, um die Anforderungen von Museen und Kunstgalerien an die Konservierung zu erf\u00fcllen, entspricht der ISO 9706<\/div>\n<\/div>\n<\/td>\n<\/tr>\n<\/tbody>\n<\/table>\n<p>Folgen Sie dem Link zum vollst\u00e4ndigen Datenblatt auf der <a href=\"https:\/\/www.canson-infinity.com\/it\/prodotti\/printmaking-rag\" target=\"_blank\" rel=\"noopener\">Canson<\/a> Website<\/p>\n<p>PrintMaKing Rag ist ein mattes, raues Papier, das sich f\u00fcr Kunstreproduktionen und Fotografien eignet.<\/p>\n<p>Der Druck wird auf einem A4-Blatt erstellt. Der Preis gilt f\u00fcr einen Einzelblattdruck, unabh\u00e4ngig von der Gr\u00f6\u00dfe des Druckbereichs. <\/p>\n<p>Es wird empfohlen, die Ma\u00dfe 19&#215;27,7 cm nicht zu \u00fcberschreiten.<\/p>\n<p>F\u00fcr gr\u00f6\u00dfere Drucke besuchen Sie bitte die Seite Fine Art Printing oder <a href=\"https:\/\/www.fineartprinted.com\/de\/kontakte\/\">kontaktieren Sie uns<\/a>.<\/p>\n<p><img class=\"alignnone wp-image-24187 size-medium\" src=\"https:\/\/www.fineartprinted.com\/wp-content\/uploads\/2019\/12\/CANSON-CERTIFIED-LAB-Fine-Art-Printed-300x300.jpg\" alt=\"Canson Zertifiziertes Drucklabor - Fine Art Printed\" width=\"300\" height=\"300\" srcset=\"https:\/\/www.fineartprinted.com\/wp-content\/uploads\/2019\/12\/CANSON-CERTIFIED-LAB-Fine-Art-Printed-300x300.jpg 300w, https:\/\/www.fineartprinted.com\/wp-content\/uploads\/2019\/12\/CANSON-CERTIFIED-LAB-Fine-Art-Printed-350x349.jpg 350w, https:\/\/www.fineartprinted.com\/wp-content\/uploads\/2019\/12\/CANSON-CERTIFIED-LAB-Fine-Art-Printed-180x180.jpg 180w, https:\/\/www.fineartprinted.com\/wp-content\/uploads\/2019\/12\/CANSON-CERTIFIED-LAB-Fine-Art-Printed-150x150.jpg 150w, https:\/\/www.fineartprinted.com\/wp-content\/uploads\/2019\/12\/CANSON-CERTIFIED-LAB-Fine-Art-Printed-1x1.jpg 1w, https:\/\/www.fineartprinted.com\/wp-content\/uploads\/2019\/12\/CANSON-CERTIFIED-LAB-Fine-Art-Printed-10x10.jpg 10w, https:\/\/www.fineartprinted.com\/wp-content\/uploads\/2019\/12\/CANSON-CERTIFIED-LAB-Fine-Art-Printed-100x100.jpg 100w, https:\/\/www.fineartprinted.com\/wp-content\/uploads\/2019\/12\/CANSON-CERTIFIED-LAB-Fine-Art-Printed.jpg 473w\" sizes=\"(max-width: 300px) 100vw, 300px\" \/><\/p>\n<p>Fine Art Printed ist ein <strong>von Canson zertifiziertes Drucklabor<\/strong>, das Ihnen einen internationalen Qualit\u00e4tsdruckservice garantiert. Wenn Sie sich f\u00fcr Fine Art Printed entscheiden, k\u00f6nnen Sie sicher sein, dass alle Druck- und Papierverarbeitungsschritte den hohen Standards f\u00fcr Farbmanagement, Konservierung und Qualit\u00e4t entsprechen. <\/p>\n<p>&nbsp;<\/p>\n","protected":false},"excerpt":{"rendered":"<p>Gedruckt auf Canson PrintMaKing Rag. Nachfolgend finden Sie die technischen Merkmale dieses sch\u00f6nen Rohpapiers. Gewicht (g\/m\u00b2) 310 Dicke (um) 513&#8230;<\/p>\n","protected":false},"featured_media":32252,"comment_status":"open","ping_status":"closed","template":"","meta":[],"product_brand":[],"product_cat":[730,731,732],"product_tag":[434,734,690,691,757,758,756,759],"class_list":{"0":"post-50806","1":"product","2":"type-product","3":"status-publish","4":"has-post-thumbnail","6":"product_cat-auf-papier-drucken","7":"product_cat-matt","8":"product_cat-mehr","9":"product_tag-carta-cotone-de","10":"product_tag-bildende-kunst","11":"product_tag-canson","12":"product_tag-canson-unendlichkeit","13":"product_tag-canson-zertifiziertes-drucklabor","14":"product_tag-mattes-papier-2","15":"product_tag-raues-papier","16":"product_tag-reproduktion-von-kunst","18":"first","19":"instock","20":"featured","21":"taxable","22":"shipping-taxable","23":"purchasable","24":"product-type-simple"},"yoast_head":"<!-- This site is optimized with the Yoast SEO plugin v27.4 - https:\/\/yoast.com\/product\/yoast-seo-wordpress\/ -->\n<title>PrintMaKing Rag 310 g\/m\u00b2 - Canson - Fine Art Printed<\/title>\n<meta name=\"description\" content=\"PrintMaKing Rag ist ein ideales Papier f\u00fcr k\u00fcnstlerische Reproduktionen und Fotografien mit einer Textur, die den Werken mehr Prestige verleiht.\" \/>\n<meta name=\"robots\" content=\"index, follow, max-snippet:-1, max-image-preview:large, max-video-preview:-1\" \/>\n<link rel=\"canonical\" href=\"https:\/\/www.fineartprinted.com\/de\/shop\/printmaking-rag-310-g-m%c2%b2-canson\/\" \/>\n<meta property=\"og:locale\" content=\"de_DE\" \/>\n<meta property=\"og:type\" content=\"article\" \/>\n<meta property=\"og:title\" content=\"PrintMaKing Rag 310 g\/m\u00b2 - Canson - Fine Art Printed\" \/>\n<meta property=\"og:description\" content=\"PrintMaKing Rag ist ein ideales Papier f\u00fcr k\u00fcnstlerische Reproduktionen und Fotografien mit einer Textur, die den Werken mehr Prestige verleiht.\" \/>\n<meta property=\"og:url\" content=\"https:\/\/www.fineartprinted.com\/de\/shop\/printmaking-rag-310-g-m%c2%b2-canson\/\" \/>\n<meta property=\"og:site_name\" content=\"Fine Art Printed\" \/>\n<meta property=\"article:publisher\" content=\"https:\/\/www.facebook.com\/fineartprinted\" \/>\n<meta property=\"article:modified_time\" content=\"2025-09-22T10:43:22+00:00\" \/>\n<meta property=\"og:image\" content=\"https:\/\/www.fineartprinted.com\/wp-content\/uploads\/2021\/01\/printmakingrag.jpg\" \/>\n\t<meta property=\"og:image:width\" content=\"800\" \/>\n\t<meta property=\"og:image:height\" content=\"800\" \/>\n\t<meta property=\"og:image:type\" content=\"image\/jpeg\" \/>\n<script type=\"application\/ld+json\" class=\"yoast-schema-graph\">{\"@context\":\"https:\\\/\\\/schema.org\",\"@graph\":[{\"@type\":\"WebPage\",\"@id\":\"https:\\\/\\\/www.fineartprinted.com\\\/de\\\/shop\\\/printmaking-rag-310-g-m%c2%b2-canson\\\/\",\"url\":\"https:\\\/\\\/www.fineartprinted.com\\\/de\\\/shop\\\/printmaking-rag-310-g-m%c2%b2-canson\\\/\",\"name\":\"PrintMaKing Rag 310 g\\\/m\u00b2 - Canson - Fine Art Printed\",\"isPartOf\":{\"@id\":\"https:\\\/\\\/www.fineartprinted.com\\\/de\\\/?lang=en\\\/#website\"},\"primaryImageOfPage\":{\"@id\":\"https:\\\/\\\/www.fineartprinted.com\\\/de\\\/shop\\\/printmaking-rag-310-g-m%c2%b2-canson\\\/#primaryimage\"},\"image\":{\"@id\":\"https:\\\/\\\/www.fineartprinted.com\\\/de\\\/shop\\\/printmaking-rag-310-g-m%c2%b2-canson\\\/#primaryimage\"},\"thumbnailUrl\":\"https:\\\/\\\/www.fineartprinted.com\\\/wp-content\\\/uploads\\\/2021\\\/01\\\/printmakingrag.jpg\",\"datePublished\":\"2021-01-15T09:50:16+00:00\",\"dateModified\":\"2025-09-22T10:43:22+00:00\",\"description\":\"PrintMaKing Rag ist ein ideales Papier f\u00fcr k\u00fcnstlerische Reproduktionen und Fotografien mit einer Textur, die den Werken mehr Prestige verleiht.\",\"breadcrumb\":{\"@id\":\"https:\\\/\\\/www.fineartprinted.com\\\/de\\\/shop\\\/printmaking-rag-310-g-m%c2%b2-canson\\\/#breadcrumb\"},\"inLanguage\":\"de\",\"potentialAction\":[{\"@type\":\"ReadAction\",\"target\":[\"https:\\\/\\\/www.fineartprinted.com\\\/de\\\/shop\\\/printmaking-rag-310-g-m%c2%b2-canson\\\/\"]}]},{\"@type\":\"ImageObject\",\"inLanguage\":\"de\",\"@id\":\"https:\\\/\\\/www.fineartprinted.com\\\/de\\\/shop\\\/printmaking-rag-310-g-m%c2%b2-canson\\\/#primaryimage\",\"url\":\"https:\\\/\\\/www.fineartprinted.com\\\/wp-content\\\/uploads\\\/2021\\\/01\\\/printmakingrag.jpg\",\"contentUrl\":\"https:\\\/\\\/www.fineartprinted.com\\\/wp-content\\\/uploads\\\/2021\\\/01\\\/printmakingrag.jpg\",\"width\":800,\"height\":800,\"caption\":\"PrintMaKing Rag\"},{\"@type\":\"BreadcrumbList\",\"@id\":\"https:\\\/\\\/www.fineartprinted.com\\\/de\\\/shop\\\/printmaking-rag-310-g-m%c2%b2-canson\\\/#breadcrumb\",\"itemListElement\":[{\"@type\":\"ListItem\",\"position\":1,\"name\":\"Home\",\"item\":\"https:\\\/\\\/www.fineartprinted.com\\\/de\\\/print-manufaktur-fine-art-printed\\\/\"},{\"@type\":\"ListItem\",\"position\":2,\"name\":\"Negozio\",\"item\":\"https:\\\/\\\/www.fineartprinted.com\\\/negozio\\\/?lang=de\"},{\"@type\":\"ListItem\",\"position\":3,\"name\":\"PrintMaKing Rag 310 g\\\/m\u00b2 &#8211; Canson\"}]},{\"@type\":\"WebSite\",\"@id\":\"https:\\\/\\\/www.fineartprinted.com\\\/de\\\/?lang=en\\\/#website\",\"url\":\"https:\\\/\\\/www.fineartprinted.com\\\/de\\\/?lang=en\\\/\",\"name\":\"Fine Art Printed\",\"description\":\"Stampa fine art per fotografi e artisti\",\"publisher\":{\"@id\":\"https:\\\/\\\/www.fineartprinted.com\\\/de\\\/?lang=en\\\/#organization\"},\"alternateName\":\"Laboratorio di stampa Fine Art Printed\",\"potentialAction\":[{\"@type\":\"SearchAction\",\"target\":{\"@type\":\"EntryPoint\",\"urlTemplate\":\"https:\\\/\\\/www.fineartprinted.com\\\/de\\\/?lang=en\\\/?s={search_term_string}\"},\"query-input\":{\"@type\":\"PropertyValueSpecification\",\"valueRequired\":true,\"valueName\":\"search_term_string\"}}],\"inLanguage\":\"de\"},{\"@type\":\"Organization\",\"@id\":\"https:\\\/\\\/www.fineartprinted.com\\\/de\\\/?lang=en\\\/#organization\",\"name\":\"Fine Art Printed di Pompei Simone\",\"alternateName\":\"Fine Art Printed\",\"url\":\"https:\\\/\\\/www.fineartprinted.com\\\/de\\\/?lang=en\\\/\",\"logo\":{\"@type\":\"ImageObject\",\"inLanguage\":\"de\",\"@id\":\"https:\\\/\\\/www.fineartprinted.com\\\/de\\\/?lang=en\\\/#\\\/schema\\\/logo\\\/image\\\/\",\"url\":\"https:\\\/\\\/www.fineartprinted.com\\\/wp-content\\\/uploads\\\/2011\\\/12\\\/fineartprinted-solologo-011.png\",\"contentUrl\":\"https:\\\/\\\/www.fineartprinted.com\\\/wp-content\\\/uploads\\\/2011\\\/12\\\/fineartprinted-solologo-011.png\",\"width\":348,\"height\":274,\"caption\":\"Fine Art Printed di Pompei Simone\"},\"image\":{\"@id\":\"https:\\\/\\\/www.fineartprinted.com\\\/de\\\/?lang=en\\\/#\\\/schema\\\/logo\\\/image\\\/\"},\"sameAs\":[\"https:\\\/\\\/www.facebook.com\\\/fineartprinted\",\"https:\\\/\\\/x.com\\\/fineartprinted\",\"https:\\\/\\\/www.instagram.com\\\/fineartprinted\\\/\"]}]}<\/script>\n<!-- \/ Yoast SEO plugin. -->","yoast_head_json":{"title":"PrintMaKing Rag 310 g\/m\u00b2 - Canson - Fine Art Printed","description":"PrintMaKing Rag ist ein ideales Papier f\u00fcr k\u00fcnstlerische Reproduktionen und Fotografien mit einer Textur, die den Werken mehr Prestige verleiht.","robots":{"index":"index","follow":"follow","max-snippet":"max-snippet:-1","max-image-preview":"max-image-preview:large","max-video-preview":"max-video-preview:-1"},"canonical":"https:\/\/www.fineartprinted.com\/de\/shop\/printmaking-rag-310-g-m%c2%b2-canson\/","og_locale":"de_DE","og_type":"article","og_title":"PrintMaKing Rag 310 g\/m\u00b2 - Canson - Fine Art Printed","og_description":"PrintMaKing Rag ist ein ideales Papier f\u00fcr k\u00fcnstlerische Reproduktionen und Fotografien mit einer Textur, die den Werken mehr Prestige verleiht.","og_url":"https:\/\/www.fineartprinted.com\/de\/shop\/printmaking-rag-310-g-m%c2%b2-canson\/","og_site_name":"Fine Art Printed","article_publisher":"https:\/\/www.facebook.com\/fineartprinted","article_modified_time":"2025-09-22T10:43:22+00:00","og_image":[{"width":800,"height":800,"url":"https:\/\/www.fineartprinted.com\/wp-content\/uploads\/2021\/01\/printmakingrag.jpg","type":"image\/jpeg"}],"schema":{"@context":"https:\/\/schema.org","@graph":[{"@type":"WebPage","@id":"https:\/\/www.fineartprinted.com\/de\/shop\/printmaking-rag-310-g-m%c2%b2-canson\/","url":"https:\/\/www.fineartprinted.com\/de\/shop\/printmaking-rag-310-g-m%c2%b2-canson\/","name":"PrintMaKing Rag 310 g\/m\u00b2 - Canson - Fine Art Printed","isPartOf":{"@id":"https:\/\/www.fineartprinted.com\/de\/?lang=en\/#website"},"primaryImageOfPage":{"@id":"https:\/\/www.fineartprinted.com\/de\/shop\/printmaking-rag-310-g-m%c2%b2-canson\/#primaryimage"},"image":{"@id":"https:\/\/www.fineartprinted.com\/de\/shop\/printmaking-rag-310-g-m%c2%b2-canson\/#primaryimage"},"thumbnailUrl":"https:\/\/www.fineartprinted.com\/wp-content\/uploads\/2021\/01\/printmakingrag.jpg","datePublished":"2021-01-15T09:50:16+00:00","dateModified":"2025-09-22T10:43:22+00:00","description":"PrintMaKing Rag ist ein ideales Papier f\u00fcr k\u00fcnstlerische Reproduktionen und Fotografien mit einer Textur, die den Werken mehr Prestige verleiht.","breadcrumb":{"@id":"https:\/\/www.fineartprinted.com\/de\/shop\/printmaking-rag-310-g-m%c2%b2-canson\/#breadcrumb"},"inLanguage":"de","potentialAction":[{"@type":"ReadAction","target":["https:\/\/www.fineartprinted.com\/de\/shop\/printmaking-rag-310-g-m%c2%b2-canson\/"]}]},{"@type":"ImageObject","inLanguage":"de","@id":"https:\/\/www.fineartprinted.com\/de\/shop\/printmaking-rag-310-g-m%c2%b2-canson\/#primaryimage","url":"https:\/\/www.fineartprinted.com\/wp-content\/uploads\/2021\/01\/printmakingrag.jpg","contentUrl":"https:\/\/www.fineartprinted.com\/wp-content\/uploads\/2021\/01\/printmakingrag.jpg","width":800,"height":800,"caption":"PrintMaKing Rag"},{"@type":"BreadcrumbList","@id":"https:\/\/www.fineartprinted.com\/de\/shop\/printmaking-rag-310-g-m%c2%b2-canson\/#breadcrumb","itemListElement":[{"@type":"ListItem","position":1,"name":"Home","item":"https:\/\/www.fineartprinted.com\/de\/print-manufaktur-fine-art-printed\/"},{"@type":"ListItem","position":2,"name":"Negozio","item":"https:\/\/www.fineartprinted.com\/negozio\/?lang=de"},{"@type":"ListItem","position":3,"name":"PrintMaKing Rag 310 g\/m\u00b2 &#8211; Canson"}]},{"@type":"WebSite","@id":"https:\/\/www.fineartprinted.com\/de\/?lang=en\/#website","url":"https:\/\/www.fineartprinted.com\/de\/?lang=en\/","name":"Fine Art Printed","description":"Stampa fine art per fotografi e artisti","publisher":{"@id":"https:\/\/www.fineartprinted.com\/de\/?lang=en\/#organization"},"alternateName":"Laboratorio di stampa Fine Art Printed","potentialAction":[{"@type":"SearchAction","target":{"@type":"EntryPoint","urlTemplate":"https:\/\/www.fineartprinted.com\/de\/?lang=en\/?s={search_term_string}"},"query-input":{"@type":"PropertyValueSpecification","valueRequired":true,"valueName":"search_term_string"}}],"inLanguage":"de"},{"@type":"Organization","@id":"https:\/\/www.fineartprinted.com\/de\/?lang=en\/#organization","name":"Fine Art Printed di Pompei Simone","alternateName":"Fine Art Printed","url":"https:\/\/www.fineartprinted.com\/de\/?lang=en\/","logo":{"@type":"ImageObject","inLanguage":"de","@id":"https:\/\/www.fineartprinted.com\/de\/?lang=en\/#\/schema\/logo\/image\/","url":"https:\/\/www.fineartprinted.com\/wp-content\/uploads\/2011\/12\/fineartprinted-solologo-011.png","contentUrl":"https:\/\/www.fineartprinted.com\/wp-content\/uploads\/2011\/12\/fineartprinted-solologo-011.png","width":348,"height":274,"caption":"Fine Art Printed di Pompei Simone"},"image":{"@id":"https:\/\/www.fineartprinted.com\/de\/?lang=en\/#\/schema\/logo\/image\/"},"sameAs":["https:\/\/www.facebook.com\/fineartprinted","https:\/\/x.com\/fineartprinted","https:\/\/www.instagram.com\/fineartprinted\/"]}]}},"_links":{"self":[{"href":"https:\/\/www.fineartprinted.com\/de\/wp-json\/wp\/v2\/product\/50806","targetHints":{"allow":["GET"]}}],"collection":[{"href":"https:\/\/www.fineartprinted.com\/de\/wp-json\/wp\/v2\/product"}],"about":[{"href":"https:\/\/www.fineartprinted.com\/de\/wp-json\/wp\/v2\/types\/product"}],"replies":[{"embeddable":true,"href":"https:\/\/www.fineartprinted.com\/de\/wp-json\/wp\/v2\/comments?post=50806"}],"wp:featuredmedia":[{"embeddable":true,"href":"https:\/\/www.fineartprinted.com\/de\/wp-json\/wp\/v2\/media\/32252"}],"wp:attachment":[{"href":"https:\/\/www.fineartprinted.com\/de\/wp-json\/wp\/v2\/media?parent=50806"}],"wp:term":[{"taxonomy":"product_brand","embeddable":true,"href":"https:\/\/www.fineartprinted.com\/de\/wp-json\/wp\/v2\/product_brand?post=50806"},{"taxonomy":"product_cat","embeddable":true,"href":"https:\/\/www.fineartprinted.com\/de\/wp-json\/wp\/v2\/product_cat?post=50806"},{"taxonomy":"product_tag","embeddable":true,"href":"https:\/\/www.fineartprinted.com\/de\/wp-json\/wp\/v2\/product_tag?post=50806"}],"curies":[{"name":"wp","href":"https:\/\/api.w.org\/{rel}","templated":true}]}}