{"id":50804,"date":"2019-11-19T11:47:41","date_gmt":"2019-11-19T10:47:41","guid":{"rendered":"https:\/\/www.fineartprinted.com\/shop\/hahnemuehle-reispapier-100-g-m%c2%b2\/"},"modified":"2025-09-22T12:43:52","modified_gmt":"2025-09-22T10:43:52","slug":"hahnemuehle-reispapier-100-g-m%c2%b2","status":"publish","type":"product","link":"https:\/\/www.fineartprinted.com\/de\/shop\/hahnemuehle-reispapier-100-g-m%c2%b2\/","title":{"rendered":"Hahnem\u00fchle Reispapier 100 g\/m\u00b2"},"content":{"rendered":"<p>Gedruckt auf Hahnem\u00fchle Reispapier 100 g\/m\u00b2.<\/p>\n<p>Es ist ein mattes Papier aus 100% Alphazellulose, wei\u00df, s\u00e4urefrei und OBA-frei. <\/p>\n<p>Geeignet f\u00fcr die Reproduktion von asiatischer Kunst oder Sumi-e-Schriften. Es ist ein sehr leichtes und zartes Papier. <\/p>\n<p>Der Druck wird auf einem A4-Blatt erstellt. Der Preis gilt f\u00fcr einen Einzelblattdruck, unabh\u00e4ngig von der Gr\u00f6\u00dfe des Druckbereichs. <\/p>\n<p>Es wird empfohlen, die Ma\u00dfe 19&#215;27,7 cm nicht zu \u00fcberschreiten.<\/p>\n<p>&nbsp;<\/p>\n<p>&nbsp;<\/p>\n","protected":false},"excerpt":{"rendered":"<p>Gedruckt auf Hahnem\u00fchle Reispapier 100 g\/m\u00b2. Es ist ein mattes Papier aus 100% Alphazellulose, wei\u00df, s\u00e4urefrei und OBA-frei. Geeignet f\u00fcr&#8230;<\/p>\n","protected":false},"featured_media":22231,"comment_status":"open","ping_status":"closed","template":"","meta":[],"product_brand":[],"product_cat":[730,731,732],"product_tag":[738,739,737,736,749,734,735,740],"class_list":{"0":"post-50804","1":"product","2":"type-product","3":"status-publish","4":"has-post-thumbnail","6":"product_cat-auf-papier-drucken","7":"product_cat-matt","8":"product_cat-mehr","9":"product_tag-awagami-fineart","10":"product_tag-awagami-i-j-p-awagami-tintenstrahlpapier","11":"product_tag-awagami-papier","13":"product_tag-bamboo-papier-2","14":"product_tag-bildende-kunst","15":"product_tag-japanische-kunst","16":"product_tag-washi","18":"first","19":"instock","20":"sale","21":"taxable","22":"shipping-taxable","23":"purchasable","24":"product-type-simple"},"yoast_head":"<!-- This site is optimized with the Yoast SEO plugin v27.4 - https:\/\/yoast.com\/product\/yoast-seo-wordpress\/ -->\n<title>Hahnem\u00fchle Reispapier 100 g\/m\u00b2 - Fine Art Printed<\/title>\n<meta name=\"robots\" content=\"index, follow, max-snippet:-1, max-image-preview:large, max-video-preview:-1\" \/>\n<link rel=\"canonical\" href=\"https:\/\/www.fineartprinted.com\/de\/shop\/hahnemuehle-reispapier-100-g-m%c2%b2\/\" \/>\n<meta property=\"og:locale\" content=\"de_DE\" \/>\n<meta property=\"og:type\" content=\"article\" \/>\n<meta property=\"og:title\" content=\"Hahnem\u00fchle Reispapier 100 g\/m\u00b2 - Fine Art Printed\" \/>\n<meta property=\"og:description\" content=\"Gedruckt auf Hahnem\u00fchle Reispapier 100 g\/m\u00b2. Es ist ein mattes Papier aus 100% Alphazellulose, wei\u00df, s\u00e4urefrei und OBA-frei. Geeignet f\u00fcr...\" \/>\n<meta property=\"og:url\" content=\"https:\/\/www.fineartprinted.com\/de\/shop\/hahnemuehle-reispapier-100-g-m%c2%b2\/\" \/>\n<meta property=\"og:site_name\" content=\"Fine Art Printed\" \/>\n<meta property=\"article:publisher\" content=\"https:\/\/www.facebook.com\/fineartprinted\" \/>\n<meta property=\"article:modified_time\" content=\"2025-09-22T10:43:52+00:00\" \/>\n<meta property=\"og:image\" content=\"https:\/\/www.fineartprinted.com\/wp-content\/uploads\/2019\/11\/hahnemuehle__rice_paper-scaled.jpg\" \/>\n\t<meta property=\"og:image:width\" content=\"1810\" \/>\n\t<meta property=\"og:image:height\" content=\"2560\" \/>\n\t<meta property=\"og:image:type\" content=\"image\/jpeg\" \/>\n<script type=\"application\/ld+json\" class=\"yoast-schema-graph\">{\"@context\":\"https:\\\/\\\/schema.org\",\"@graph\":[{\"@type\":\"WebPage\",\"@id\":\"https:\\\/\\\/www.fineartprinted.com\\\/de\\\/shop\\\/hahnemuehle-reispapier-100-g-m%c2%b2\\\/\",\"url\":\"https:\\\/\\\/www.fineartprinted.com\\\/de\\\/shop\\\/hahnemuehle-reispapier-100-g-m%c2%b2\\\/\",\"name\":\"Hahnem\u00fchle Reispapier 100 g\\\/m\u00b2 - Fine Art Printed\",\"isPartOf\":{\"@id\":\"https:\\\/\\\/www.fineartprinted.com\\\/de\\\/?lang=en\\\/#website\"},\"primaryImageOfPage\":{\"@id\":\"https:\\\/\\\/www.fineartprinted.com\\\/de\\\/shop\\\/hahnemuehle-reispapier-100-g-m%c2%b2\\\/#primaryimage\"},\"image\":{\"@id\":\"https:\\\/\\\/www.fineartprinted.com\\\/de\\\/shop\\\/hahnemuehle-reispapier-100-g-m%c2%b2\\\/#primaryimage\"},\"thumbnailUrl\":\"https:\\\/\\\/www.fineartprinted.com\\\/wp-content\\\/uploads\\\/2019\\\/11\\\/hahnemuehle__rice_paper-scaled.jpg\",\"datePublished\":\"2019-11-19T10:47:41+00:00\",\"dateModified\":\"2025-09-22T10:43:52+00:00\",\"breadcrumb\":{\"@id\":\"https:\\\/\\\/www.fineartprinted.com\\\/de\\\/shop\\\/hahnemuehle-reispapier-100-g-m%c2%b2\\\/#breadcrumb\"},\"inLanguage\":\"de\",\"potentialAction\":[{\"@type\":\"ReadAction\",\"target\":[\"https:\\\/\\\/www.fineartprinted.com\\\/de\\\/shop\\\/hahnemuehle-reispapier-100-g-m%c2%b2\\\/\"]}]},{\"@type\":\"ImageObject\",\"inLanguage\":\"de\",\"@id\":\"https:\\\/\\\/www.fineartprinted.com\\\/de\\\/shop\\\/hahnemuehle-reispapier-100-g-m%c2%b2\\\/#primaryimage\",\"url\":\"https:\\\/\\\/www.fineartprinted.com\\\/wp-content\\\/uploads\\\/2019\\\/11\\\/hahnemuehle__rice_paper-scaled.jpg\",\"contentUrl\":\"https:\\\/\\\/www.fineartprinted.com\\\/wp-content\\\/uploads\\\/2019\\\/11\\\/hahnemuehle__rice_paper-scaled.jpg\",\"width\":1810,\"height\":2560},{\"@type\":\"BreadcrumbList\",\"@id\":\"https:\\\/\\\/www.fineartprinted.com\\\/de\\\/shop\\\/hahnemuehle-reispapier-100-g-m%c2%b2\\\/#breadcrumb\",\"itemListElement\":[{\"@type\":\"ListItem\",\"position\":1,\"name\":\"Home\",\"item\":\"https:\\\/\\\/www.fineartprinted.com\\\/de\\\/print-manufaktur-fine-art-printed\\\/\"},{\"@type\":\"ListItem\",\"position\":2,\"name\":\"Negozio\",\"item\":\"https:\\\/\\\/www.fineartprinted.com\\\/negozio\\\/?lang=de\"},{\"@type\":\"ListItem\",\"position\":3,\"name\":\"Hahnem\u00fchle Reispapier 100 g\\\/m\u00b2\"}]},{\"@type\":\"WebSite\",\"@id\":\"https:\\\/\\\/www.fineartprinted.com\\\/de\\\/?lang=en\\\/#website\",\"url\":\"https:\\\/\\\/www.fineartprinted.com\\\/de\\\/?lang=en\\\/\",\"name\":\"Fine Art Printed\",\"description\":\"Stampa fine art per fotografi e artisti\",\"publisher\":{\"@id\":\"https:\\\/\\\/www.fineartprinted.com\\\/de\\\/?lang=en\\\/#organization\"},\"alternateName\":\"Laboratorio di stampa Fine Art Printed\",\"potentialAction\":[{\"@type\":\"SearchAction\",\"target\":{\"@type\":\"EntryPoint\",\"urlTemplate\":\"https:\\\/\\\/www.fineartprinted.com\\\/de\\\/?lang=en\\\/?s={search_term_string}\"},\"query-input\":{\"@type\":\"PropertyValueSpecification\",\"valueRequired\":true,\"valueName\":\"search_term_string\"}}],\"inLanguage\":\"de\"},{\"@type\":\"Organization\",\"@id\":\"https:\\\/\\\/www.fineartprinted.com\\\/de\\\/?lang=en\\\/#organization\",\"name\":\"Fine Art Printed di Pompei Simone\",\"alternateName\":\"Fine Art Printed\",\"url\":\"https:\\\/\\\/www.fineartprinted.com\\\/de\\\/?lang=en\\\/\",\"logo\":{\"@type\":\"ImageObject\",\"inLanguage\":\"de\",\"@id\":\"https:\\\/\\\/www.fineartprinted.com\\\/de\\\/?lang=en\\\/#\\\/schema\\\/logo\\\/image\\\/\",\"url\":\"https:\\\/\\\/www.fineartprinted.com\\\/wp-content\\\/uploads\\\/2011\\\/12\\\/fineartprinted-solologo-011.png\",\"contentUrl\":\"https:\\\/\\\/www.fineartprinted.com\\\/wp-content\\\/uploads\\\/2011\\\/12\\\/fineartprinted-solologo-011.png\",\"width\":348,\"height\":274,\"caption\":\"Fine Art Printed di Pompei Simone\"},\"image\":{\"@id\":\"https:\\\/\\\/www.fineartprinted.com\\\/de\\\/?lang=en\\\/#\\\/schema\\\/logo\\\/image\\\/\"},\"sameAs\":[\"https:\\\/\\\/www.facebook.com\\\/fineartprinted\",\"https:\\\/\\\/x.com\\\/fineartprinted\",\"https:\\\/\\\/www.instagram.com\\\/fineartprinted\\\/\"]}]}<\/script>\n<!-- \/ Yoast SEO plugin. -->","yoast_head_json":{"title":"Hahnem\u00fchle Reispapier 100 g\/m\u00b2 - Fine Art Printed","robots":{"index":"index","follow":"follow","max-snippet":"max-snippet:-1","max-image-preview":"max-image-preview:large","max-video-preview":"max-video-preview:-1"},"canonical":"https:\/\/www.fineartprinted.com\/de\/shop\/hahnemuehle-reispapier-100-g-m%c2%b2\/","og_locale":"de_DE","og_type":"article","og_title":"Hahnem\u00fchle Reispapier 100 g\/m\u00b2 - Fine Art Printed","og_description":"Gedruckt auf Hahnem\u00fchle Reispapier 100 g\/m\u00b2. Es ist ein mattes Papier aus 100% Alphazellulose, wei\u00df, s\u00e4urefrei und OBA-frei. Geeignet f\u00fcr...","og_url":"https:\/\/www.fineartprinted.com\/de\/shop\/hahnemuehle-reispapier-100-g-m%c2%b2\/","og_site_name":"Fine Art Printed","article_publisher":"https:\/\/www.facebook.com\/fineartprinted","article_modified_time":"2025-09-22T10:43:52+00:00","og_image":[{"width":1810,"height":2560,"url":"https:\/\/www.fineartprinted.com\/wp-content\/uploads\/2019\/11\/hahnemuehle__rice_paper-scaled.jpg","type":"image\/jpeg"}],"schema":{"@context":"https:\/\/schema.org","@graph":[{"@type":"WebPage","@id":"https:\/\/www.fineartprinted.com\/de\/shop\/hahnemuehle-reispapier-100-g-m%c2%b2\/","url":"https:\/\/www.fineartprinted.com\/de\/shop\/hahnemuehle-reispapier-100-g-m%c2%b2\/","name":"Hahnem\u00fchle Reispapier 100 g\/m\u00b2 - Fine Art Printed","isPartOf":{"@id":"https:\/\/www.fineartprinted.com\/de\/?lang=en\/#website"},"primaryImageOfPage":{"@id":"https:\/\/www.fineartprinted.com\/de\/shop\/hahnemuehle-reispapier-100-g-m%c2%b2\/#primaryimage"},"image":{"@id":"https:\/\/www.fineartprinted.com\/de\/shop\/hahnemuehle-reispapier-100-g-m%c2%b2\/#primaryimage"},"thumbnailUrl":"https:\/\/www.fineartprinted.com\/wp-content\/uploads\/2019\/11\/hahnemuehle__rice_paper-scaled.jpg","datePublished":"2019-11-19T10:47:41+00:00","dateModified":"2025-09-22T10:43:52+00:00","breadcrumb":{"@id":"https:\/\/www.fineartprinted.com\/de\/shop\/hahnemuehle-reispapier-100-g-m%c2%b2\/#breadcrumb"},"inLanguage":"de","potentialAction":[{"@type":"ReadAction","target":["https:\/\/www.fineartprinted.com\/de\/shop\/hahnemuehle-reispapier-100-g-m%c2%b2\/"]}]},{"@type":"ImageObject","inLanguage":"de","@id":"https:\/\/www.fineartprinted.com\/de\/shop\/hahnemuehle-reispapier-100-g-m%c2%b2\/#primaryimage","url":"https:\/\/www.fineartprinted.com\/wp-content\/uploads\/2019\/11\/hahnemuehle__rice_paper-scaled.jpg","contentUrl":"https:\/\/www.fineartprinted.com\/wp-content\/uploads\/2019\/11\/hahnemuehle__rice_paper-scaled.jpg","width":1810,"height":2560},{"@type":"BreadcrumbList","@id":"https:\/\/www.fineartprinted.com\/de\/shop\/hahnemuehle-reispapier-100-g-m%c2%b2\/#breadcrumb","itemListElement":[{"@type":"ListItem","position":1,"name":"Home","item":"https:\/\/www.fineartprinted.com\/de\/print-manufaktur-fine-art-printed\/"},{"@type":"ListItem","position":2,"name":"Negozio","item":"https:\/\/www.fineartprinted.com\/negozio\/?lang=de"},{"@type":"ListItem","position":3,"name":"Hahnem\u00fchle Reispapier 100 g\/m\u00b2"}]},{"@type":"WebSite","@id":"https:\/\/www.fineartprinted.com\/de\/?lang=en\/#website","url":"https:\/\/www.fineartprinted.com\/de\/?lang=en\/","name":"Fine Art Printed","description":"Stampa fine art per fotografi e artisti","publisher":{"@id":"https:\/\/www.fineartprinted.com\/de\/?lang=en\/#organization"},"alternateName":"Laboratorio di stampa Fine Art Printed","potentialAction":[{"@type":"SearchAction","target":{"@type":"EntryPoint","urlTemplate":"https:\/\/www.fineartprinted.com\/de\/?lang=en\/?s={search_term_string}"},"query-input":{"@type":"PropertyValueSpecification","valueRequired":true,"valueName":"search_term_string"}}],"inLanguage":"de"},{"@type":"Organization","@id":"https:\/\/www.fineartprinted.com\/de\/?lang=en\/#organization","name":"Fine Art Printed di Pompei Simone","alternateName":"Fine Art Printed","url":"https:\/\/www.fineartprinted.com\/de\/?lang=en\/","logo":{"@type":"ImageObject","inLanguage":"de","@id":"https:\/\/www.fineartprinted.com\/de\/?lang=en\/#\/schema\/logo\/image\/","url":"https:\/\/www.fineartprinted.com\/wp-content\/uploads\/2011\/12\/fineartprinted-solologo-011.png","contentUrl":"https:\/\/www.fineartprinted.com\/wp-content\/uploads\/2011\/12\/fineartprinted-solologo-011.png","width":348,"height":274,"caption":"Fine Art Printed di Pompei Simone"},"image":{"@id":"https:\/\/www.fineartprinted.com\/de\/?lang=en\/#\/schema\/logo\/image\/"},"sameAs":["https:\/\/www.facebook.com\/fineartprinted","https:\/\/x.com\/fineartprinted","https:\/\/www.instagram.com\/fineartprinted\/"]}]}},"_links":{"self":[{"href":"https:\/\/www.fineartprinted.com\/de\/wp-json\/wp\/v2\/product\/50804","targetHints":{"allow":["GET"]}}],"collection":[{"href":"https:\/\/www.fineartprinted.com\/de\/wp-json\/wp\/v2\/product"}],"about":[{"href":"https:\/\/www.fineartprinted.com\/de\/wp-json\/wp\/v2\/types\/product"}],"replies":[{"embeddable":true,"href":"https:\/\/www.fineartprinted.com\/de\/wp-json\/wp\/v2\/comments?post=50804"}],"wp:featuredmedia":[{"embeddable":true,"href":"https:\/\/www.fineartprinted.com\/de\/wp-json\/wp\/v2\/media\/22231"}],"wp:attachment":[{"href":"https:\/\/www.fineartprinted.com\/de\/wp-json\/wp\/v2\/media?parent=50804"}],"wp:term":[{"taxonomy":"product_brand","embeddable":true,"href":"https:\/\/www.fineartprinted.com\/de\/wp-json\/wp\/v2\/product_brand?post=50804"},{"taxonomy":"product_cat","embeddable":true,"href":"https:\/\/www.fineartprinted.com\/de\/wp-json\/wp\/v2\/product_cat?post=50804"},{"taxonomy":"product_tag","embeddable":true,"href":"https:\/\/www.fineartprinted.com\/de\/wp-json\/wp\/v2\/product_tag?post=50804"}],"curies":[{"name":"wp","href":"https:\/\/api.w.org\/{rel}","templated":true}]}}