{"id":50802,"date":"2021-06-23T11:02:51","date_gmt":"2021-06-23T09:02:51","guid":{"rendered":"https:\/\/www.fineartprinted.com\/shop\/awagami-inbe-dickes-weiss-125-g-m%c2%b2\/"},"modified":"2025-09-22T12:43:13","modified_gmt":"2025-09-22T10:43:13","slug":"awagami-inbe-dickes-weiss-125-g-m%c2%b2","status":"publish","type":"product","link":"https:\/\/www.fineartprinted.com\/de\/shop\/awagami-inbe-dickes-weiss-125-g-m%c2%b2\/","title":{"rendered":"Awagami Inbe Dickes Wei\u00df 125 g\/m\u00b2"},"content":{"rendered":"<p>Gedruckt auf japanischem Awagami Inbe Thick White Papier mit einer Grammatur von 125 g\/m\u00b2 und einer Dicke von ca. 0,23 mm.<\/p>\n<p>Es ist ein undurchsichtiges Papier aus Kozo-Fasern (Maulbeerbaum) und Hanf. Es hat eine sehr leichte Textur und ein ziemlich reines Wei\u00df, obwohl keine optischen Aufheller verwendet werden. Es kann f\u00fcr Fotografien, Reproduktionen japanischer Kunst, Illustrationen und Fotob\u00fccher verwendet werden.  <\/p>\n<p>Der Druck wird auf einem A4-Blatt erstellt. Der Preis gilt f\u00fcr einen Einzelblattdruck, unabh\u00e4ngig von der Gr\u00f6\u00dfe des Druckbereichs. <\/p>\n<p>Es wird empfohlen, eine Gr\u00f6\u00dfe von 19&#215;27,7 cm nicht zu \u00fcberschreiten und es aufgrund der Helligkeit nicht f\u00fcr sehr dunkle Drucke \u00fcber die gesamte Druckfl\u00e4che zu verwenden.<\/p>\n<p>&nbsp;<\/p>\n<p>Die Verwendung der Fotos erfolgt mit freundlicher Genehmigung von Awagami.<\/p>\n<p>&nbsp;<\/p>\n","protected":false},"excerpt":{"rendered":"<p>Gedruckt auf japanischem Awagami Inbe Thick White Papier mit einer Grammatur von 125 g\/m\u00b2 und einer Dicke von ca. 0,23&#8230;<\/p>\n","protected":false},"featured_media":34105,"comment_status":"open","ping_status":"closed","template":"","meta":[],"product_brand":[],"product_cat":[730,731,732],"product_tag":[738,739,737,736,734,733,735,742,741,743,740],"class_list":{"0":"post-50802","1":"product","2":"type-product","3":"status-publish","4":"has-post-thumbnail","6":"product_cat-auf-papier-drucken","7":"product_cat-matt","8":"product_cat-mehr","9":"product_tag-awagami-fineart","10":"product_tag-awagami-i-j-p-awagami-tintenstrahlpapier","11":"product_tag-awagami-papier","13":"product_tag-bildende-kunst","14":"product_tag-inbe","15":"product_tag-japanische-kunst","16":"product_tag-japanisches-papier","17":"product_tag-kozo","18":"product_tag-saurefrei-neutral","19":"product_tag-washi","21":"first","22":"instock","23":"featured","24":"taxable","25":"shipping-taxable","26":"purchasable","27":"product-type-simple"},"yoast_head":"<!-- This site is optimized with the Yoast SEO plugin v27.4 - https:\/\/yoast.com\/product\/yoast-seo-wordpress\/ -->\n<title>Awagami Inbe Dickes Wei\u00df 125 g\/m\u00b2 - Fine Art Printed<\/title>\n<meta name=\"description\" content=\"Gedruckt auf Awagami Inbe Papier aus Kozo und Hanffasern f\u00fcr Kunstreproduktionen, Fotografien und Illustrationen sowie Fotob\u00fccher.\" \/>\n<meta name=\"robots\" content=\"index, follow, max-snippet:-1, max-image-preview:large, max-video-preview:-1\" \/>\n<link rel=\"canonical\" href=\"https:\/\/www.fineartprinted.com\/de\/shop\/awagami-inbe-dickes-weiss-125-g-m%c2%b2\/\" \/>\n<meta property=\"og:locale\" content=\"de_DE\" \/>\n<meta property=\"og:type\" content=\"article\" \/>\n<meta property=\"og:title\" content=\"Awagami Inbe Dickes Wei\u00df 125 g\/m\u00b2 - Fine Art Printed\" \/>\n<meta property=\"og:description\" content=\"Gedruckt auf Awagami Inbe Papier aus Kozo und Hanffasern f\u00fcr Kunstreproduktionen, Fotografien und Illustrationen sowie Fotob\u00fccher.\" \/>\n<meta property=\"og:url\" content=\"https:\/\/www.fineartprinted.com\/de\/shop\/awagami-inbe-dickes-weiss-125-g-m%c2%b2\/\" \/>\n<meta property=\"og:site_name\" content=\"Fine Art Printed\" \/>\n<meta property=\"article:publisher\" content=\"https:\/\/www.facebook.com\/fineartprinted\" \/>\n<meta property=\"article:modified_time\" content=\"2025-09-22T10:43:13+00:00\" \/>\n<meta property=\"og:image\" content=\"https:\/\/www.fineartprinted.com\/wp-content\/uploads\/2021\/06\/INBE-THICK-WHITE-BOX.jpg\" \/>\n\t<meta property=\"og:image:width\" content=\"903\" \/>\n\t<meta property=\"og:image:height\" content=\"1088\" \/>\n\t<meta property=\"og:image:type\" content=\"image\/jpeg\" \/>\n<script type=\"application\/ld+json\" class=\"yoast-schema-graph\">{\"@context\":\"https:\\\/\\\/schema.org\",\"@graph\":[{\"@type\":\"WebPage\",\"@id\":\"https:\\\/\\\/www.fineartprinted.com\\\/de\\\/shop\\\/awagami-inbe-dickes-weiss-125-g-m%c2%b2\\\/\",\"url\":\"https:\\\/\\\/www.fineartprinted.com\\\/de\\\/shop\\\/awagami-inbe-dickes-weiss-125-g-m%c2%b2\\\/\",\"name\":\"Awagami Inbe Dickes Wei\u00df 125 g\\\/m\u00b2 - Fine Art Printed\",\"isPartOf\":{\"@id\":\"https:\\\/\\\/www.fineartprinted.com\\\/de\\\/?lang=en\\\/#website\"},\"primaryImageOfPage\":{\"@id\":\"https:\\\/\\\/www.fineartprinted.com\\\/de\\\/shop\\\/awagami-inbe-dickes-weiss-125-g-m%c2%b2\\\/#primaryimage\"},\"image\":{\"@id\":\"https:\\\/\\\/www.fineartprinted.com\\\/de\\\/shop\\\/awagami-inbe-dickes-weiss-125-g-m%c2%b2\\\/#primaryimage\"},\"thumbnailUrl\":\"https:\\\/\\\/www.fineartprinted.com\\\/wp-content\\\/uploads\\\/2021\\\/06\\\/INBE-THICK-WHITE-BOX.jpg\",\"datePublished\":\"2021-06-23T09:02:51+00:00\",\"dateModified\":\"2025-09-22T10:43:13+00:00\",\"description\":\"Gedruckt auf Awagami Inbe Papier aus Kozo und Hanffasern f\u00fcr Kunstreproduktionen, Fotografien und Illustrationen sowie Fotob\u00fccher.\",\"breadcrumb\":{\"@id\":\"https:\\\/\\\/www.fineartprinted.com\\\/de\\\/shop\\\/awagami-inbe-dickes-weiss-125-g-m%c2%b2\\\/#breadcrumb\"},\"inLanguage\":\"de\",\"potentialAction\":[{\"@type\":\"ReadAction\",\"target\":[\"https:\\\/\\\/www.fineartprinted.com\\\/de\\\/shop\\\/awagami-inbe-dickes-weiss-125-g-m%c2%b2\\\/\"]}]},{\"@type\":\"ImageObject\",\"inLanguage\":\"de\",\"@id\":\"https:\\\/\\\/www.fineartprinted.com\\\/de\\\/shop\\\/awagami-inbe-dickes-weiss-125-g-m%c2%b2\\\/#primaryimage\",\"url\":\"https:\\\/\\\/www.fineartprinted.com\\\/wp-content\\\/uploads\\\/2021\\\/06\\\/INBE-THICK-WHITE-BOX.jpg\",\"contentUrl\":\"https:\\\/\\\/www.fineartprinted.com\\\/wp-content\\\/uploads\\\/2021\\\/06\\\/INBE-THICK-WHITE-BOX.jpg\",\"width\":903,\"height\":1088},{\"@type\":\"BreadcrumbList\",\"@id\":\"https:\\\/\\\/www.fineartprinted.com\\\/de\\\/shop\\\/awagami-inbe-dickes-weiss-125-g-m%c2%b2\\\/#breadcrumb\",\"itemListElement\":[{\"@type\":\"ListItem\",\"position\":1,\"name\":\"Home\",\"item\":\"https:\\\/\\\/www.fineartprinted.com\\\/de\\\/print-manufaktur-fine-art-printed\\\/\"},{\"@type\":\"ListItem\",\"position\":2,\"name\":\"Negozio\",\"item\":\"https:\\\/\\\/www.fineartprinted.com\\\/negozio\\\/?lang=de\"},{\"@type\":\"ListItem\",\"position\":3,\"name\":\"Awagami Inbe Dickes Wei\u00df 125 g\\\/m\u00b2\"}]},{\"@type\":\"WebSite\",\"@id\":\"https:\\\/\\\/www.fineartprinted.com\\\/de\\\/?lang=en\\\/#website\",\"url\":\"https:\\\/\\\/www.fineartprinted.com\\\/de\\\/?lang=en\\\/\",\"name\":\"Fine Art Printed\",\"description\":\"Stampa fine art per fotografi e artisti\",\"publisher\":{\"@id\":\"https:\\\/\\\/www.fineartprinted.com\\\/de\\\/?lang=en\\\/#organization\"},\"alternateName\":\"Laboratorio di stampa Fine Art Printed\",\"potentialAction\":[{\"@type\":\"SearchAction\",\"target\":{\"@type\":\"EntryPoint\",\"urlTemplate\":\"https:\\\/\\\/www.fineartprinted.com\\\/de\\\/?lang=en\\\/?s={search_term_string}\"},\"query-input\":{\"@type\":\"PropertyValueSpecification\",\"valueRequired\":true,\"valueName\":\"search_term_string\"}}],\"inLanguage\":\"de\"},{\"@type\":\"Organization\",\"@id\":\"https:\\\/\\\/www.fineartprinted.com\\\/de\\\/?lang=en\\\/#organization\",\"name\":\"Fine Art Printed di Pompei Simone\",\"alternateName\":\"Fine Art Printed\",\"url\":\"https:\\\/\\\/www.fineartprinted.com\\\/de\\\/?lang=en\\\/\",\"logo\":{\"@type\":\"ImageObject\",\"inLanguage\":\"de\",\"@id\":\"https:\\\/\\\/www.fineartprinted.com\\\/de\\\/?lang=en\\\/#\\\/schema\\\/logo\\\/image\\\/\",\"url\":\"https:\\\/\\\/www.fineartprinted.com\\\/wp-content\\\/uploads\\\/2011\\\/12\\\/fineartprinted-solologo-011.png\",\"contentUrl\":\"https:\\\/\\\/www.fineartprinted.com\\\/wp-content\\\/uploads\\\/2011\\\/12\\\/fineartprinted-solologo-011.png\",\"width\":348,\"height\":274,\"caption\":\"Fine Art Printed di Pompei Simone\"},\"image\":{\"@id\":\"https:\\\/\\\/www.fineartprinted.com\\\/de\\\/?lang=en\\\/#\\\/schema\\\/logo\\\/image\\\/\"},\"sameAs\":[\"https:\\\/\\\/www.facebook.com\\\/fineartprinted\",\"https:\\\/\\\/x.com\\\/fineartprinted\",\"https:\\\/\\\/www.instagram.com\\\/fineartprinted\\\/\"]}]}<\/script>\n<!-- \/ Yoast SEO plugin. -->","yoast_head_json":{"title":"Awagami Inbe Dickes Wei\u00df 125 g\/m\u00b2 - Fine Art Printed","description":"Gedruckt auf Awagami Inbe Papier aus Kozo und Hanffasern f\u00fcr Kunstreproduktionen, Fotografien und Illustrationen sowie Fotob\u00fccher.","robots":{"index":"index","follow":"follow","max-snippet":"max-snippet:-1","max-image-preview":"max-image-preview:large","max-video-preview":"max-video-preview:-1"},"canonical":"https:\/\/www.fineartprinted.com\/de\/shop\/awagami-inbe-dickes-weiss-125-g-m%c2%b2\/","og_locale":"de_DE","og_type":"article","og_title":"Awagami Inbe Dickes Wei\u00df 125 g\/m\u00b2 - Fine Art Printed","og_description":"Gedruckt auf Awagami Inbe Papier aus Kozo und Hanffasern f\u00fcr Kunstreproduktionen, Fotografien und Illustrationen sowie Fotob\u00fccher.","og_url":"https:\/\/www.fineartprinted.com\/de\/shop\/awagami-inbe-dickes-weiss-125-g-m%c2%b2\/","og_site_name":"Fine Art Printed","article_publisher":"https:\/\/www.facebook.com\/fineartprinted","article_modified_time":"2025-09-22T10:43:13+00:00","og_image":[{"width":903,"height":1088,"url":"https:\/\/www.fineartprinted.com\/wp-content\/uploads\/2021\/06\/INBE-THICK-WHITE-BOX.jpg","type":"image\/jpeg"}],"schema":{"@context":"https:\/\/schema.org","@graph":[{"@type":"WebPage","@id":"https:\/\/www.fineartprinted.com\/de\/shop\/awagami-inbe-dickes-weiss-125-g-m%c2%b2\/","url":"https:\/\/www.fineartprinted.com\/de\/shop\/awagami-inbe-dickes-weiss-125-g-m%c2%b2\/","name":"Awagami Inbe Dickes Wei\u00df 125 g\/m\u00b2 - Fine Art Printed","isPartOf":{"@id":"https:\/\/www.fineartprinted.com\/de\/?lang=en\/#website"},"primaryImageOfPage":{"@id":"https:\/\/www.fineartprinted.com\/de\/shop\/awagami-inbe-dickes-weiss-125-g-m%c2%b2\/#primaryimage"},"image":{"@id":"https:\/\/www.fineartprinted.com\/de\/shop\/awagami-inbe-dickes-weiss-125-g-m%c2%b2\/#primaryimage"},"thumbnailUrl":"https:\/\/www.fineartprinted.com\/wp-content\/uploads\/2021\/06\/INBE-THICK-WHITE-BOX.jpg","datePublished":"2021-06-23T09:02:51+00:00","dateModified":"2025-09-22T10:43:13+00:00","description":"Gedruckt auf Awagami Inbe Papier aus Kozo und Hanffasern f\u00fcr Kunstreproduktionen, Fotografien und Illustrationen sowie Fotob\u00fccher.","breadcrumb":{"@id":"https:\/\/www.fineartprinted.com\/de\/shop\/awagami-inbe-dickes-weiss-125-g-m%c2%b2\/#breadcrumb"},"inLanguage":"de","potentialAction":[{"@type":"ReadAction","target":["https:\/\/www.fineartprinted.com\/de\/shop\/awagami-inbe-dickes-weiss-125-g-m%c2%b2\/"]}]},{"@type":"ImageObject","inLanguage":"de","@id":"https:\/\/www.fineartprinted.com\/de\/shop\/awagami-inbe-dickes-weiss-125-g-m%c2%b2\/#primaryimage","url":"https:\/\/www.fineartprinted.com\/wp-content\/uploads\/2021\/06\/INBE-THICK-WHITE-BOX.jpg","contentUrl":"https:\/\/www.fineartprinted.com\/wp-content\/uploads\/2021\/06\/INBE-THICK-WHITE-BOX.jpg","width":903,"height":1088},{"@type":"BreadcrumbList","@id":"https:\/\/www.fineartprinted.com\/de\/shop\/awagami-inbe-dickes-weiss-125-g-m%c2%b2\/#breadcrumb","itemListElement":[{"@type":"ListItem","position":1,"name":"Home","item":"https:\/\/www.fineartprinted.com\/de\/print-manufaktur-fine-art-printed\/"},{"@type":"ListItem","position":2,"name":"Negozio","item":"https:\/\/www.fineartprinted.com\/negozio\/?lang=de"},{"@type":"ListItem","position":3,"name":"Awagami Inbe Dickes Wei\u00df 125 g\/m\u00b2"}]},{"@type":"WebSite","@id":"https:\/\/www.fineartprinted.com\/de\/?lang=en\/#website","url":"https:\/\/www.fineartprinted.com\/de\/?lang=en\/","name":"Fine Art Printed","description":"Stampa fine art per fotografi e artisti","publisher":{"@id":"https:\/\/www.fineartprinted.com\/de\/?lang=en\/#organization"},"alternateName":"Laboratorio di stampa Fine Art Printed","potentialAction":[{"@type":"SearchAction","target":{"@type":"EntryPoint","urlTemplate":"https:\/\/www.fineartprinted.com\/de\/?lang=en\/?s={search_term_string}"},"query-input":{"@type":"PropertyValueSpecification","valueRequired":true,"valueName":"search_term_string"}}],"inLanguage":"de"},{"@type":"Organization","@id":"https:\/\/www.fineartprinted.com\/de\/?lang=en\/#organization","name":"Fine Art Printed di Pompei Simone","alternateName":"Fine Art Printed","url":"https:\/\/www.fineartprinted.com\/de\/?lang=en\/","logo":{"@type":"ImageObject","inLanguage":"de","@id":"https:\/\/www.fineartprinted.com\/de\/?lang=en\/#\/schema\/logo\/image\/","url":"https:\/\/www.fineartprinted.com\/wp-content\/uploads\/2011\/12\/fineartprinted-solologo-011.png","contentUrl":"https:\/\/www.fineartprinted.com\/wp-content\/uploads\/2011\/12\/fineartprinted-solologo-011.png","width":348,"height":274,"caption":"Fine Art Printed di Pompei Simone"},"image":{"@id":"https:\/\/www.fineartprinted.com\/de\/?lang=en\/#\/schema\/logo\/image\/"},"sameAs":["https:\/\/www.facebook.com\/fineartprinted","https:\/\/x.com\/fineartprinted","https:\/\/www.instagram.com\/fineartprinted\/"]}]}},"_links":{"self":[{"href":"https:\/\/www.fineartprinted.com\/de\/wp-json\/wp\/v2\/product\/50802","targetHints":{"allow":["GET"]}}],"collection":[{"href":"https:\/\/www.fineartprinted.com\/de\/wp-json\/wp\/v2\/product"}],"about":[{"href":"https:\/\/www.fineartprinted.com\/de\/wp-json\/wp\/v2\/types\/product"}],"replies":[{"embeddable":true,"href":"https:\/\/www.fineartprinted.com\/de\/wp-json\/wp\/v2\/comments?post=50802"}],"wp:featuredmedia":[{"embeddable":true,"href":"https:\/\/www.fineartprinted.com\/de\/wp-json\/wp\/v2\/media\/34105"}],"wp:attachment":[{"href":"https:\/\/www.fineartprinted.com\/de\/wp-json\/wp\/v2\/media?parent=50802"}],"wp:term":[{"taxonomy":"product_brand","embeddable":true,"href":"https:\/\/www.fineartprinted.com\/de\/wp-json\/wp\/v2\/product_brand?post=50802"},{"taxonomy":"product_cat","embeddable":true,"href":"https:\/\/www.fineartprinted.com\/de\/wp-json\/wp\/v2\/product_cat?post=50802"},{"taxonomy":"product_tag","embeddable":true,"href":"https:\/\/www.fineartprinted.com\/de\/wp-json\/wp\/v2\/product_tag?post=50802"}],"curies":[{"name":"wp","href":"https:\/\/api.w.org\/{rel}","templated":true}]}}