{"id":9508,"date":"2018-10-15T16:09:56","date_gmt":"2018-10-15T14:09:56","guid":{"rendered":"https:\/\/www.fineartprinted.com\/?page_id=9508"},"modified":"2025-09-24T13:03:36","modified_gmt":"2025-09-24T11:03:36","slug":"print-manufaktur-fine-art-printed","status":"publish","type":"page","link":"https:\/\/www.fineartprinted.com\/de\/","title":{"rendered":"Print-Manufaktur Fine Art Printed"},"content":{"rendered":"<div class=\"wpb-content-wrapper\"><p>[vc_row][vc_column][rev_slider_vc alias=&#8220;slider-revo1&#8243;][vc_column_text]<\/p>\n<p style=\"text-align: justify;\">Fine Art Printed ist ein Fine Art Druck- und Digitalfotostudio in Rom f\u00fcr Fotografen, Illustratoren und K\u00fcnstler. Spezialisiert auf die Erstellung von limitierten Serien, Gro\u00dfformatdruck f\u00fcr Ausstellungen und Events und Postproduktion. Durch die Auswahl aller hochwertigen Papiere wie Hahnem\u00fchle, Canson, Permajet oder Canon und einem pr\u00e4zisen Farbmanagement garantieren wir Ihnen ein ausgezeichnetes Ergebnis f\u00fcr Ihre Ausstellungen und Ihre pers\u00f6nlichen Archive. Berechnen Sie Ihr Online-Angebot und kontaktieren Sie uns f\u00fcr ein individuelles Angebot.<\/p>\n<p>[\/vc_column_text][\/vc_column][\/vc_row][vc_row animation_in_type=&#8220;transition.slideRightIn&#8220; animation_in_offset=&#8220;100&#8243; animation_in_duration=&#8220;1000&#8243; animation_in_delay=&#8220;200&#8243;][vc_column offset=&#8220;vc_hidden-xs&#8220; css=&#8220;.vc_custom_1506500138947{padding-top: 1vh !important;padding-bottom: 1vh !important;}&#8220;]<div class=\"woocommerce columns-4 \">\t<div class=\"products row inline-row columns-4\">\r\n<div class=\"inline-column col-sm-3 col-xs-6 first product type-product post-9646 status-publish instock product_cat-fine-art-de product_tag-stampa-fine-art-de has-post-thumbnail taxable shipping-taxable purchasable product-type-simple\">\n\n\t<div class=\"product-inner centered-box\">\n\n\t\t\n\t\t<a href=\"https:\/\/www.fineartprinted.com\/de\/shop\/druck-auf-leinwand\/\" class=\"product-image\">\n\t\t\t<div class=\"product-labels\"><\/div>\n\t\t\t<span class=\"product-image-inner\"><img width=\"350\" height=\"350\" src=\"https:\/\/www.fineartprinted.com\/wp-content\/uploads\/2012\/05\/canvas-print-29-e1478038161827-350x350.jpg\" class=\"attachment-woocommerce_thumbnail size-woocommerce_thumbnail\" alt=\"Druck auf Leinwand\" srcset=\"https:\/\/www.fineartprinted.com\/wp-content\/uploads\/2012\/05\/canvas-print-29-e1478038161827-350x350.jpg 350w, https:\/\/www.fineartprinted.com\/wp-content\/uploads\/2012\/05\/canvas-print-29-e1478038161827-180x180.jpg 180w, https:\/\/www.fineartprinted.com\/wp-content\/uploads\/2012\/05\/canvas-print-29-e1478038161827-400x400.jpg 400w, https:\/\/www.fineartprinted.com\/wp-content\/uploads\/2012\/05\/canvas-print-29-e1478038161827-150x150.jpg 150w, https:\/\/www.fineartprinted.com\/wp-content\/uploads\/2012\/05\/canvas-print-29-e1478038161827-300x300.jpg 300w, https:\/\/www.fineartprinted.com\/wp-content\/uploads\/2012\/05\/canvas-print-29-e1478038161827-100x100.jpg 100w, https:\/\/www.fineartprinted.com\/wp-content\/uploads\/2012\/05\/canvas-print-29-e1478038161827.jpg 494w\" sizes=\"(max-width: 350px) 100vw, 350px\" \/><img width=\"350\" height=\"350\" src=\"https:\/\/www.fineartprinted.com\/wp-content\/uploads\/2012\/05\/2012-05-09-11.43.50-scaled-350x350.jpg\" class=\"attachment woo-product-hover\" alt=\"\" srcset=\"https:\/\/www.fineartprinted.com\/wp-content\/uploads\/2012\/05\/2012-05-09-11.43.50-scaled-350x350.jpg 350w, https:\/\/www.fineartprinted.com\/wp-content\/uploads\/2012\/05\/2012-05-09-11.43.50-scaled-180x180.jpg 180w, https:\/\/www.fineartprinted.com\/wp-content\/uploads\/2012\/05\/2012-05-09-11.43.50-400x400.jpg 400w, https:\/\/www.fineartprinted.com\/wp-content\/uploads\/2012\/05\/2012-05-09-11.43.50-150x150.jpg 150w, https:\/\/www.fineartprinted.com\/wp-content\/uploads\/2012\/05\/2012-05-09-11.43.50-scaled-100x100.jpg 100w\" sizes=\"(max-width: 350px) 100vw, 350px\" \/><\/span>\n\t\t<\/a>\n\n\t\t<div class=\"product-info clearfix\">\n\t\t\t\t\t\t<div class=\"product-title title-h6\"><a href=\"https:\/\/www.fineartprinted.com\/de\/shop\/druck-auf-leinwand\/\">Druck auf Leinwand<\/a><\/div>\n\t\t\t\n\t<div class=\"product-price\"><span class=\"price\"><span class=\"woocommerce-Price-amount amount\"><bdi>0,00&nbsp;<span class=\"woocommerce-Price-currencySymbol\">&euro;<\/span><\/bdi><\/span><\/span><\/div>\n\t\t<\/div>\n\n\t\t\t\t\t<div class=\"product-bottom clearfix\">\n\t\t\t\t<a href=\"\/de\/wp-json\/wp\/v2\/pages\/9508?add-to-cart=9646\" data-quantity=\"1\" class=\"button product_type_simple add_to_cart_button ajax_add_to_cart\" data-product_id=\"9646\" data-product_sku=\"\" aria-label=\"In den Warenkorb legen: \u201eDruck auf Leinwand\u201c\" rel=\"nofollow\" data-success_message=\"\u201eDruck auf Leinwand\u201c wurde deinem Warenkorb hinzugef\u00fcgt\">In den Warenkorb<\/a>\t<span id=\"woocommerce_loop_add_to_cart_link_describedby_9646\" class=\"screen-reader-text\">\n\t\t\t<\/span>\n<a href=\"https:\/\/www.fineartprinted.com\/de\/shop\/druck-auf-leinwand\/\" class=\"bottom-product-link\" aria-label=\"<?php echo esc_attr(get_the_title()); ?>\"><\/a>\t\t\t<\/div>\n\t\t\n\t<\/div>\n<\/div>\n<div class=\"inline-column col-sm-3 col-xs-6 product type-product post-9635 status-publish last instock product_cat-photo-paper-de product_tag-photo-paper-de product_tag-glossy-de product_tag-hahnemuhle-photo-matt-fibre-200-gsm-de product_tag-luster-de product_tag-matt-de product_tag-matt-hahnemuhle-de product_tag-matt-paper product_tag-photo-paper-de-2 has-post-thumbnail taxable shipping-taxable purchasable product-type-simple\">\n\n\t<div class=\"product-inner centered-box\">\n\n\t\t\n\t\t<a href=\"https:\/\/www.fineartprinted.com\/de\/shop\/hahnemuhle-photo-paper\/\" class=\"product-image\">\n\t\t\t<div class=\"product-labels\"><\/div>\n\t\t\t<span class=\"product-image-inner\"><img width=\"350\" height=\"350\" src=\"https:\/\/www.fineartprinted.com\/wp-content\/uploads\/2013\/04\/IMG_20130429_180759-350x350.jpg\" class=\"attachment-woocommerce_thumbnail size-woocommerce_thumbnail\" alt=\"Hahnem\u00fchle Photo Paper\" srcset=\"https:\/\/www.fineartprinted.com\/wp-content\/uploads\/2013\/04\/IMG_20130429_180759-350x350.jpg 350w, https:\/\/www.fineartprinted.com\/wp-content\/uploads\/2013\/04\/IMG_20130429_180759-180x180.jpg 180w, https:\/\/www.fineartprinted.com\/wp-content\/uploads\/2013\/04\/IMG_20130429_180759-400x400.jpg 400w, https:\/\/www.fineartprinted.com\/wp-content\/uploads\/2013\/04\/IMG_20130429_180759-150x150.jpg 150w, https:\/\/www.fineartprinted.com\/wp-content\/uploads\/2013\/04\/IMG_20130429_180759-100x100.jpg 100w, https:\/\/www.fineartprinted.com\/wp-content\/uploads\/2013\/04\/IMG_20130429_180759-600x600.jpg 600w\" sizes=\"(max-width: 350px) 100vw, 350px\" \/><img width=\"200\" height=\"195\" src=\"https:\/\/www.fineartprinted.com\/wp-content\/uploads\/2013\/04\/t200-hfa_photo-1.jpg\" class=\"attachment woo-product-hover\" alt=\"\" \/><\/span>\n\t\t<\/a>\n\n\t\t<div class=\"product-info clearfix\">\n\t\t\t\t\t\t<div class=\"product-title title-h6\"><a href=\"https:\/\/www.fineartprinted.com\/de\/shop\/hahnemuhle-photo-paper\/\">Hahnem\u00fchle Photo Paper<\/a><\/div>\n\t\t\t\n\t<div class=\"product-price\"><span class=\"price\"><span class=\"woocommerce-Price-amount amount\"><bdi>0,00&nbsp;<span class=\"woocommerce-Price-currencySymbol\">&euro;<\/span><\/bdi><\/span><\/span><\/div>\n\t\t<\/div>\n\n\t\t\t\t\t<div class=\"product-bottom clearfix\">\n\t\t\t\t<a href=\"\/de\/wp-json\/wp\/v2\/pages\/9508?add-to-cart=9635\" data-quantity=\"1\" class=\"button product_type_simple add_to_cart_button ajax_add_to_cart\" data-product_id=\"9635\" data-product_sku=\"\" aria-label=\"In den Warenkorb legen: \u201eHahnem\u00fchle Photo Paper\u201c\" rel=\"nofollow\" data-success_message=\"\u201eHahnem\u00fchle Photo Paper\u201c wurde deinem Warenkorb hinzugef\u00fcgt\">In den Warenkorb<\/a>\t<span id=\"woocommerce_loop_add_to_cart_link_describedby_9635\" class=\"screen-reader-text\">\n\t\t\t<\/span>\n<a href=\"https:\/\/www.fineartprinted.com\/de\/shop\/hahnemuhle-photo-paper\/\" class=\"bottom-product-link\" aria-label=\"<?php echo esc_attr(get_the_title()); ?>\"><\/a>\t\t\t<\/div>\n\t\t\n\t<\/div>\n<\/div>\n    <\/div>\r\n<\/div>[\/vc_column][\/vc_row][vc_row][vc_column width=&#8220;1\/4&#8243;][vc_single_image image=&#8220;9511&#8243; img_size=&#8220;250&#215;250&#8243; alignment=&#8220;center&#8220;][\/vc_column][vc_column width=&#8220;1\/4&#8243;][vc_single_image image=&#8220;9512&#8243; img_size=&#8220;250&#215;250&#8243; alignment=&#8220;center&#8220;][\/vc_column][vc_column width=&#8220;1\/4&#8243;][vc_single_image image=&#8220;9515&#8243; img_size=&#8220;full&#8220;][\/vc_column][vc_column width=&#8220;1\/4&#8243;][vc_single_image image=&#8220;9513&#8243; img_size=&#8220;250&#215;250&#8243; alignment=&#8220;center&#8220;][\/vc_column][\/vc_row]<\/p>\n<\/div>","protected":false},"excerpt":{"rendered":"<p>[vc_row][vc_column][rev_slider_vc alias=&#8220;slider-revo1&#8243;][vc_column_text] Fine Art Printed ist ein Fine Art Druck- und Digitalfotostudio in Rom f\u00fcr Fotografen, Illustratoren und K\u00fcnstler. Spezialisiert&#8230;<\/p>\n","protected":false},"author":1,"featured_media":0,"parent":0,"menu_order":0,"comment_status":"closed","ping_status":"closed","template":"","meta":{"footnotes":""},"class_list":["post-9508","page","type-page","status-publish"],"yoast_head":"<!-- This site is optimized with the Yoast SEO plugin v27.5 - https:\/\/yoast.com\/product\/yoast-seo-wordpress\/ -->\n<title>Print-Manufaktur Fine Art Printed - Fine Art Printed<\/title>\n<meta name=\"robots\" content=\"index, follow, max-snippet:-1, max-image-preview:large, max-video-preview:-1\" \/>\n<link rel=\"canonical\" href=\"https:\/\/www.fineartprinted.com\/de\/\" \/>\n<meta property=\"og:locale\" content=\"de_DE\" \/>\n<meta property=\"og:type\" content=\"article\" \/>\n<meta property=\"og:title\" content=\"Print-Manufaktur Fine Art Printed - Fine Art Printed\" \/>\n<meta property=\"og:description\" content=\"[vc_row][vc_column][rev_slider_vc alias=&#8220;slider-revo1&#8243;][vc_column_text] Fine Art Printed ist ein Fine Art Druck- und Digitalfotostudio in Rom f\u00fcr Fotografen, Illustratoren und K\u00fcnstler. Spezialisiert...\" \/>\n<meta property=\"og:url\" content=\"https:\/\/www.fineartprinted.com\/de\/\" \/>\n<meta property=\"og:site_name\" content=\"Fine Art Printed\" \/>\n<meta property=\"article:publisher\" content=\"https:\/\/www.facebook.com\/fineartprinted\" \/>\n<meta property=\"article:modified_time\" content=\"2025-09-24T11:03:36+00:00\" \/>\n<script type=\"application\/ld+json\" class=\"yoast-schema-graph\">{\"@context\":\"https:\\\/\\\/schema.org\",\"@graph\":[{\"@type\":\"WebPage\",\"@id\":\"https:\\\/\\\/www.fineartprinted.com\\\/de\\\/\",\"url\":\"https:\\\/\\\/www.fineartprinted.com\\\/de\\\/\",\"name\":\"Print-Manufaktur Fine Art Printed - Fine Art Printed\",\"isPartOf\":{\"@id\":\"https:\\\/\\\/www.fineartprinted.com\\\/de\\\/?lang=en\\\/#website\"},\"datePublished\":\"2018-10-15T14:09:56+00:00\",\"dateModified\":\"2025-09-24T11:03:36+00:00\",\"breadcrumb\":{\"@id\":\"https:\\\/\\\/www.fineartprinted.com\\\/de\\\/#breadcrumb\"},\"inLanguage\":\"de\",\"potentialAction\":[{\"@type\":\"ReadAction\",\"target\":[\"https:\\\/\\\/www.fineartprinted.com\\\/de\\\/\"]}]},{\"@type\":\"BreadcrumbList\",\"@id\":\"https:\\\/\\\/www.fineartprinted.com\\\/de\\\/#breadcrumb\",\"itemListElement\":[{\"@type\":\"ListItem\",\"position\":1,\"name\":\"Home\",\"item\":\"https:\\\/\\\/www.fineartprinted.com\\\/de\\\/print-manufaktur-fine-art-printed\\\/\"},{\"@type\":\"ListItem\",\"position\":2,\"name\":\"Print-Manufaktur Fine Art Printed\"}]},{\"@type\":\"WebSite\",\"@id\":\"https:\\\/\\\/www.fineartprinted.com\\\/de\\\/?lang=en\\\/#website\",\"url\":\"https:\\\/\\\/www.fineartprinted.com\\\/de\\\/?lang=en\\\/\",\"name\":\"Fine Art Printed\",\"description\":\"Stampa fine art per fotografi e artisti\",\"publisher\":{\"@id\":\"https:\\\/\\\/www.fineartprinted.com\\\/de\\\/?lang=en\\\/#organization\"},\"alternateName\":\"Laboratorio di stampa Fine Art Printed\",\"potentialAction\":[{\"@type\":\"SearchAction\",\"target\":{\"@type\":\"EntryPoint\",\"urlTemplate\":\"https:\\\/\\\/www.fineartprinted.com\\\/de\\\/?lang=en\\\/?s={search_term_string}\"},\"query-input\":{\"@type\":\"PropertyValueSpecification\",\"valueRequired\":true,\"valueName\":\"search_term_string\"}}],\"inLanguage\":\"de\"},{\"@type\":\"Organization\",\"@id\":\"https:\\\/\\\/www.fineartprinted.com\\\/de\\\/?lang=en\\\/#organization\",\"name\":\"Fine Art Printed di Pompei Simone\",\"alternateName\":\"Fine Art Printed\",\"url\":\"https:\\\/\\\/www.fineartprinted.com\\\/de\\\/?lang=en\\\/\",\"logo\":{\"@type\":\"ImageObject\",\"inLanguage\":\"de\",\"@id\":\"https:\\\/\\\/www.fineartprinted.com\\\/de\\\/?lang=en\\\/#\\\/schema\\\/logo\\\/image\\\/\",\"url\":\"https:\\\/\\\/www.fineartprinted.com\\\/wp-content\\\/uploads\\\/2011\\\/12\\\/fineartprinted-solologo-011.png\",\"contentUrl\":\"https:\\\/\\\/www.fineartprinted.com\\\/wp-content\\\/uploads\\\/2011\\\/12\\\/fineartprinted-solologo-011.png\",\"width\":348,\"height\":274,\"caption\":\"Fine Art Printed di Pompei Simone\"},\"image\":{\"@id\":\"https:\\\/\\\/www.fineartprinted.com\\\/de\\\/?lang=en\\\/#\\\/schema\\\/logo\\\/image\\\/\"},\"sameAs\":[\"https:\\\/\\\/www.facebook.com\\\/fineartprinted\",\"https:\\\/\\\/x.com\\\/fineartprinted\",\"https:\\\/\\\/www.instagram.com\\\/fineartprinted\\\/\"]}]}<\/script>\n<!-- \/ Yoast SEO plugin. -->","yoast_head_json":{"title":"Print-Manufaktur Fine Art Printed - Fine Art Printed","robots":{"index":"index","follow":"follow","max-snippet":"max-snippet:-1","max-image-preview":"max-image-preview:large","max-video-preview":"max-video-preview:-1"},"canonical":"https:\/\/www.fineartprinted.com\/de\/","og_locale":"de_DE","og_type":"article","og_title":"Print-Manufaktur Fine Art Printed - Fine Art Printed","og_description":"[vc_row][vc_column][rev_slider_vc alias=&#8220;slider-revo1&#8243;][vc_column_text] Fine Art Printed ist ein Fine Art Druck- und Digitalfotostudio in Rom f\u00fcr Fotografen, Illustratoren und K\u00fcnstler. Spezialisiert...","og_url":"https:\/\/www.fineartprinted.com\/de\/","og_site_name":"Fine Art Printed","article_publisher":"https:\/\/www.facebook.com\/fineartprinted","article_modified_time":"2025-09-24T11:03:36+00:00","schema":{"@context":"https:\/\/schema.org","@graph":[{"@type":"WebPage","@id":"https:\/\/www.fineartprinted.com\/de\/","url":"https:\/\/www.fineartprinted.com\/de\/","name":"Print-Manufaktur Fine Art Printed - Fine Art Printed","isPartOf":{"@id":"https:\/\/www.fineartprinted.com\/de\/?lang=en\/#website"},"datePublished":"2018-10-15T14:09:56+00:00","dateModified":"2025-09-24T11:03:36+00:00","breadcrumb":{"@id":"https:\/\/www.fineartprinted.com\/de\/#breadcrumb"},"inLanguage":"de","potentialAction":[{"@type":"ReadAction","target":["https:\/\/www.fineartprinted.com\/de\/"]}]},{"@type":"BreadcrumbList","@id":"https:\/\/www.fineartprinted.com\/de\/#breadcrumb","itemListElement":[{"@type":"ListItem","position":1,"name":"Home","item":"https:\/\/www.fineartprinted.com\/de\/print-manufaktur-fine-art-printed\/"},{"@type":"ListItem","position":2,"name":"Print-Manufaktur Fine Art Printed"}]},{"@type":"WebSite","@id":"https:\/\/www.fineartprinted.com\/de\/?lang=en\/#website","url":"https:\/\/www.fineartprinted.com\/de\/?lang=en\/","name":"Fine Art Printed","description":"Stampa fine art per fotografi e artisti","publisher":{"@id":"https:\/\/www.fineartprinted.com\/de\/?lang=en\/#organization"},"alternateName":"Laboratorio di stampa Fine Art Printed","potentialAction":[{"@type":"SearchAction","target":{"@type":"EntryPoint","urlTemplate":"https:\/\/www.fineartprinted.com\/de\/?lang=en\/?s={search_term_string}"},"query-input":{"@type":"PropertyValueSpecification","valueRequired":true,"valueName":"search_term_string"}}],"inLanguage":"de"},{"@type":"Organization","@id":"https:\/\/www.fineartprinted.com\/de\/?lang=en\/#organization","name":"Fine Art Printed di Pompei Simone","alternateName":"Fine Art Printed","url":"https:\/\/www.fineartprinted.com\/de\/?lang=en\/","logo":{"@type":"ImageObject","inLanguage":"de","@id":"https:\/\/www.fineartprinted.com\/de\/?lang=en\/#\/schema\/logo\/image\/","url":"https:\/\/www.fineartprinted.com\/wp-content\/uploads\/2011\/12\/fineartprinted-solologo-011.png","contentUrl":"https:\/\/www.fineartprinted.com\/wp-content\/uploads\/2011\/12\/fineartprinted-solologo-011.png","width":348,"height":274,"caption":"Fine Art Printed di Pompei Simone"},"image":{"@id":"https:\/\/www.fineartprinted.com\/de\/?lang=en\/#\/schema\/logo\/image\/"},"sameAs":["https:\/\/www.facebook.com\/fineartprinted","https:\/\/x.com\/fineartprinted","https:\/\/www.instagram.com\/fineartprinted\/"]}]}},"_links":{"self":[{"href":"https:\/\/www.fineartprinted.com\/de\/wp-json\/wp\/v2\/pages\/9508","targetHints":{"allow":["GET"]}}],"collection":[{"href":"https:\/\/www.fineartprinted.com\/de\/wp-json\/wp\/v2\/pages"}],"about":[{"href":"https:\/\/www.fineartprinted.com\/de\/wp-json\/wp\/v2\/types\/page"}],"author":[{"embeddable":true,"href":"https:\/\/www.fineartprinted.com\/de\/wp-json\/wp\/v2\/users\/1"}],"replies":[{"embeddable":true,"href":"https:\/\/www.fineartprinted.com\/de\/wp-json\/wp\/v2\/comments?post=9508"}],"version-history":[{"count":7,"href":"https:\/\/www.fineartprinted.com\/de\/wp-json\/wp\/v2\/pages\/9508\/revisions"}],"predecessor-version":[{"id":50859,"href":"https:\/\/www.fineartprinted.com\/de\/wp-json\/wp\/v2\/pages\/9508\/revisions\/50859"}],"wp:attachment":[{"href":"https:\/\/www.fineartprinted.com\/de\/wp-json\/wp\/v2\/media?parent=9508"}],"curies":[{"name":"wp","href":"https:\/\/api.w.org\/{rel}","templated":true}]}}