{"id":9504,"date":"2011-12-08T20:56:13","date_gmt":"2011-12-08T20:56:13","guid":{"rendered":"https:\/\/www.fineartprinted.com\/about\/"},"modified":"2025-09-24T15:41:34","modified_gmt":"2025-09-24T13:41:34","slug":"about","status":"publish","type":"page","link":"https:\/\/www.fineartprinted.com\/de\/about\/","title":{"rendered":"\u00dcber uns"},"content":{"rendered":"\n<div class=\"wp-block-cover is-light wp-duotone-dark-grayscale\"><img width=\"1024\" height=\"683\" class=\"wp-block-cover__image-background wp-image-50689 size-large\" alt=\"\" src=\"https:\/\/www.fineartprinted.com\/wp-content\/uploads\/2025\/09\/ChatGPT-Image-12-set-2025-16_17_38-1024x683.png\" data-object-fit=\"cover\" srcset=\"https:\/\/www.fineartprinted.com\/wp-content\/uploads\/2025\/09\/ChatGPT-Image-12-set-2025-16_17_38-1024x683.png 1024w, https:\/\/www.fineartprinted.com\/wp-content\/uploads\/2025\/09\/ChatGPT-Image-12-set-2025-16_17_38-300x200.png 300w, https:\/\/www.fineartprinted.com\/wp-content\/uploads\/2025\/09\/ChatGPT-Image-12-set-2025-16_17_38-768x512.png 768w, https:\/\/www.fineartprinted.com\/wp-content\/uploads\/2025\/09\/ChatGPT-Image-12-set-2025-16_17_38-350x233.png 350w, https:\/\/www.fineartprinted.com\/wp-content\/uploads\/2025\/09\/ChatGPT-Image-12-set-2025-16_17_38.png 1536w\" sizes=\"(max-width: 1024px) 100vw, 1024px\" \/><span aria-hidden=\"true\" class=\"wp-block-cover__background has-background-dim-10 has-background-dim\" style=\"background-color:#a99884\"><\/span><div class=\"wp-block-cover__inner-container is-layout-constrained wp-block-cover-is-layout-constrained\">\n<h2 class=\"wp-block-heading has-text-align-center has-white-color has-text-color has-link-color wp-elements-c0d0018a9d5746a5821b19367978d1ed\">\u00dcber uns<\/h2>\n\n\n\n<p class=\"has-white-color has-text-color has-link-color wp-elements-e038904a72d75e4f7823c995287ce332\">Wir sind ein von Canson\u00ae und Hahnem\u00fchle\u00ae zertifiziertes Kunstdrucklabor, das K\u00fcnstlern, Fotografen und Institutionen Digitaldrucke h\u00f6chster Qualit\u00e4t auf Premium-Papieren anbietet.<\/p>\n<\/div><\/div>\n\n<h2 class=\"wp-block-heading\">Unsere Geschichte<\/h2>\n\n<p>Fine Art Printed wurde 2011 aus einer Leidenschaft f\u00fcr Kunst und Druck gegr\u00fcndet. Nach jahrelanger Erfahrung in der Welt der Fotografie, der Postproduktion und des Drucks beschlossen wir, ein Atelier zu gr\u00fcnden, das sich ausschlie\u00dflich dem Fine Art Druck widmet. Ein Ort, an dem jedes Bild, jede Illustration und jedes digitale Werk mit der gleichen Sorgfalt wie ein Museumswerk veredelt werden kann.  <\/p>\n\n<h2 class=\"wp-block-heading\">Unsere Philosophie<\/h2>\n\n<div class=\"wp-block-columns is-layout-flex wp-container-core-columns-is-layout-9d6595d7 wp-block-columns-is-layout-flex\">\n<div class=\"wp-block-column is-layout-flow wp-block-column-is-layout-flow\">\n<figure class=\"wp-block-image size-large\"><a href=\"https:\/\/www.fineartprinted.com\/wp-content\/uploads\/2025\/03\/75341372_295376934705331_6968353988713316921_n-1024x1024.jpg\"><img width=\"1024\" height=\"1024\" src=\"https:\/\/www.fineartprinted.com\/wp-content\/uploads\/2025\/03\/75341372_295376934705331_6968353988713316921_n-1024x1024.jpg\" alt=\"\" class=\"wp-image-50057\" srcset=\"https:\/\/www.fineartprinted.com\/wp-content\/uploads\/2025\/03\/75341372_295376934705331_6968353988713316921_n-1024x1024.jpg 1024w, https:\/\/www.fineartprinted.com\/wp-content\/uploads\/2025\/03\/75341372_295376934705331_6968353988713316921_n-300x300.jpg 300w, https:\/\/www.fineartprinted.com\/wp-content\/uploads\/2025\/03\/75341372_295376934705331_6968353988713316921_n-150x150.jpg 150w, https:\/\/www.fineartprinted.com\/wp-content\/uploads\/2025\/03\/75341372_295376934705331_6968353988713316921_n-768x768.jpg 768w, https:\/\/www.fineartprinted.com\/wp-content\/uploads\/2025\/03\/75341372_295376934705331_6968353988713316921_n-256x256.jpg 256w, https:\/\/www.fineartprinted.com\/wp-content\/uploads\/2025\/03\/75341372_295376934705331_6968353988713316921_n-350x350.jpg 350w, https:\/\/www.fineartprinted.com\/wp-content\/uploads\/2025\/03\/75341372_295376934705331_6968353988713316921_n-180x180.jpg 180w, https:\/\/www.fineartprinted.com\/wp-content\/uploads\/2025\/03\/75341372_295376934705331_6968353988713316921_n.jpg 1080w\" sizes=\"(max-width: 1024px) 100vw, 1024px\" \/><\/a><\/figure>\n<\/div>\n\n\n\n<div class=\"wp-block-column is-vertically-aligned-center is-layout-flow wp-block-column-is-layout-flow\">\n<p>Wir glauben, dass das Drucken ein Akt des Respekts gegen\u00fcber der Kunst ist. Bei unserer Arbeit reproduzieren wir nicht einfach eine digitale Datei auf Papier, sondern begleiten das Werk in einem Prozess, der Technik, Materialien und \u00e4sthetisches Feingef\u00fchl vereint. Die Wahl des Papiers, die Farbtreue, die Qualit\u00e4t der Druckfarben und die handwerkliche Ausf\u00fchrung des Arbeitsablaufs sind Elemente, die f\u00fcr uns den Unterschied ausmachen.  <\/p>\n\n\n\n<p>Fine Art Printing bedeutet, eine Idee oder ein Gef\u00fchl in ein greifbares Artefakt zu verwandeln, das dazu bestimmt ist, zu \u00fcberdauern und weitergegeben zu werden.<\/p>\n<\/div>\n<\/div>\n\n<h2 class=\"wp-block-heading\">Unser Engagement<\/h2>\n\n<p>Fine Art Printed ist ein <strong>Canson\u00ae Certified Print Lab<\/strong> und <strong>Hahnem\u00fchle\u00ae Certified Studio<\/strong>. Zwei Zertifizierungen, die nicht nur ein Qualit\u00e4tssiegel sind, sondern auch eine Best\u00e4tigung f\u00fcr unser t\u00e4gliches Engagement f\u00fcr internationale Standards der Exzellenz. <\/p>\n\n<p>Wir verwenden ausschlie\u00dflich 100% Baumwolle, s\u00e4urefreie Papiere, Original-Pigmenttinten und einen professionellen Farbmanagement-Workflow. Jeder Druck wird nach kontrollierten und konsistenten Verfahren hergestellt, um auch nach Jahren noch reproduzierbare und zuverl\u00e4ssige Ergebnisse zu gew\u00e4hrleisten. <\/p>\n\n<div class=\"wp-block-columns is-layout-flex wp-container-core-columns-is-layout-9d6595d7 wp-block-columns-is-layout-flex\">\n<div class=\"wp-block-column is-layout-flow wp-block-column-is-layout-flow\"><div class=\"wp-block-image\">\n<figure class=\"aligncenter size-full is-resized\"><a href=\"https:\/\/www.fineartprinted.com\/wp-content\/uploads\/2023\/03\/FineArtPrinted_hahnemuehle_certified_studio_square-dark.png\"><img width=\"562\" height=\"562\" src=\"https:\/\/www.fineartprinted.com\/wp-content\/uploads\/2023\/03\/FineArtPrinted_hahnemuehle_certified_studio_square-dark.png\" alt=\"Fine Art Printed Hahnem&#xFC;hle Certified Studio Gold\" class=\"wp-image-43759\" style=\"object-fit:cover;width:300px;height:auto\" srcset=\"https:\/\/www.fineartprinted.com\/wp-content\/uploads\/2023\/03\/FineArtPrinted_hahnemuehle_certified_studio_square-dark.png 562w, https:\/\/www.fineartprinted.com\/wp-content\/uploads\/2023\/03\/FineArtPrinted_hahnemuehle_certified_studio_square-dark-350x350.png 350w, https:\/\/www.fineartprinted.com\/wp-content\/uploads\/2023\/03\/FineArtPrinted_hahnemuehle_certified_studio_square-dark-180x180.png 180w, https:\/\/www.fineartprinted.com\/wp-content\/uploads\/2023\/03\/FineArtPrinted_hahnemuehle_certified_studio_square-dark-300x300.png 300w, https:\/\/www.fineartprinted.com\/wp-content\/uploads\/2023\/03\/FineArtPrinted_hahnemuehle_certified_studio_square-dark-150x150.png 150w, https:\/\/www.fineartprinted.com\/wp-content\/uploads\/2023\/03\/FineArtPrinted_hahnemuehle_certified_studio_square-dark-1x1.png 1w, https:\/\/www.fineartprinted.com\/wp-content\/uploads\/2023\/03\/FineArtPrinted_hahnemuehle_certified_studio_square-dark-10x10.png 10w\" sizes=\"(max-width: 562px) 100vw, 562px\" \/><\/a><\/figure>\n<\/div><\/div>\n\n\n\n<div class=\"wp-block-column is-layout-flow wp-block-column-is-layout-flow\"><div class=\"wp-block-image\">\n<figure class=\"aligncenter size-full is-resized\"><a href=\"https:\/\/www.fineartprinted.com\/wp-content\/uploads\/2019\/12\/CANSON-CERTIFIED-LAB-Fine-Art-Printed.jpg\"><img width=\"473\" height=\"471\" src=\"https:\/\/www.fineartprinted.com\/wp-content\/uploads\/2019\/12\/CANSON-CERTIFIED-LAB-Fine-Art-Printed.jpg\" alt=\"\" class=\"wp-image-24187\" style=\"aspect-ratio:1;object-fit:cover;width:300px\" srcset=\"https:\/\/www.fineartprinted.com\/wp-content\/uploads\/2019\/12\/CANSON-CERTIFIED-LAB-Fine-Art-Printed.jpg 473w, https:\/\/www.fineartprinted.com\/wp-content\/uploads\/2019\/12\/CANSON-CERTIFIED-LAB-Fine-Art-Printed-350x349.jpg 350w, https:\/\/www.fineartprinted.com\/wp-content\/uploads\/2019\/12\/CANSON-CERTIFIED-LAB-Fine-Art-Printed-180x180.jpg 180w, https:\/\/www.fineartprinted.com\/wp-content\/uploads\/2019\/12\/CANSON-CERTIFIED-LAB-Fine-Art-Printed-300x300.jpg 300w, https:\/\/www.fineartprinted.com\/wp-content\/uploads\/2019\/12\/CANSON-CERTIFIED-LAB-Fine-Art-Printed-150x150.jpg 150w, https:\/\/www.fineartprinted.com\/wp-content\/uploads\/2019\/12\/CANSON-CERTIFIED-LAB-Fine-Art-Printed-1x1.jpg 1w, https:\/\/www.fineartprinted.com\/wp-content\/uploads\/2019\/12\/CANSON-CERTIFIED-LAB-Fine-Art-Printed-10x10.jpg 10w, https:\/\/www.fineartprinted.com\/wp-content\/uploads\/2019\/12\/CANSON-CERTIFIED-LAB-Fine-Art-Printed-100x100.jpg 100w\" sizes=\"(max-width: 473px) 100vw, 473px\" \/><\/a><\/figure>\n<\/div><\/div>\n<\/div>\n\n<h2 class=\"wp-block-heading\">F\u00fcr wen wir arbeiten<\/h2>\n\n<p>Wir arbeiten mit <strong>K\u00fcnstlern, Fotografen, Illustratoren, Museen und Galerien<\/strong> zusammen, die ihre Werke aufwerten und langfristig erhalten m\u00f6chten. Wir bieten ma\u00dfgeschneiderte Unterst\u00fctzung in jeder Phase des Prozesses: von der Auswahl des geeigneten Papiers \u00fcber die Vorbereitung der Datei bis hin zur Zertifizierung und der Produktion von limitierten Auflagen. <\/p>\n\n<p>Egal, ob es sich um eine Ausstellung, eine Privatsammlung oder ein Verlagsprojekt handelt, unser Ziel ist immer dasselbe: einen Druck zu gew\u00e4hrleisten, der dem Wert des Werks entspricht.<\/p>\n\n<h2 class=\"wp-block-heading\">Was uns auszeichnet<\/h2>\n\n<div class=\"wp-block-columns is-layout-flex wp-container-core-columns-is-layout-9d6595d7 wp-block-columns-is-layout-flex\">\n<div class=\"wp-block-column is-layout-flow wp-block-column-is-layout-flow\">\n<figure class=\"wp-block-image size-large\"><a href=\"https:\/\/www.fineartprinted.com\/wp-content\/uploads\/2016\/06\/insta12558373_137134289996659_59544207_n.jpg\"><img width=\"1024\" height=\"1024\" src=\"https:\/\/www.fineartprinted.com\/wp-content\/uploads\/2016\/06\/insta12558373_137134289996659_59544207_n-1024x1024.jpg\" alt=\"\" class=\"wp-image-5291\" srcset=\"https:\/\/www.fineartprinted.com\/wp-content\/uploads\/2016\/06\/insta12558373_137134289996659_59544207_n-1024x1024.jpg 1024w, https:\/\/www.fineartprinted.com\/wp-content\/uploads\/2016\/06\/insta12558373_137134289996659_59544207_n-350x350.jpg 350w, https:\/\/www.fineartprinted.com\/wp-content\/uploads\/2016\/06\/insta12558373_137134289996659_59544207_n-180x180.jpg 180w, https:\/\/www.fineartprinted.com\/wp-content\/uploads\/2016\/06\/insta12558373_137134289996659_59544207_n-400x400.jpg 400w, https:\/\/www.fineartprinted.com\/wp-content\/uploads\/2016\/06\/insta12558373_137134289996659_59544207_n-150x150.jpg 150w, https:\/\/www.fineartprinted.com\/wp-content\/uploads\/2016\/06\/insta12558373_137134289996659_59544207_n-300x300.jpg 300w, https:\/\/www.fineartprinted.com\/wp-content\/uploads\/2016\/06\/insta12558373_137134289996659_59544207_n-768x768.jpg 768w, https:\/\/www.fineartprinted.com\/wp-content\/uploads\/2016\/06\/insta12558373_137134289996659_59544207_n-100x100.jpg 100w, https:\/\/www.fineartprinted.com\/wp-content\/uploads\/2016\/06\/insta12558373_137134289996659_59544207_n.jpg 1080w\" sizes=\"(max-width: 1024px) 100vw, 1024px\" \/><\/a><\/figure>\n<\/div>\n\n\n\n<div class=\"wp-block-column is-vertically-aligned-center is-layout-flow wp-block-column-is-layout-flow\">\n<ul class=\"wp-block-list\">\n<li>Erfahrung mit Farbmanagement und Postproduktion f\u00fcr den Druck<\/li>\n\n\n\n<li>Ausschlie\u00dfliche Verwendung von originalen und zertifizierten Materialien<\/li>\n\n\n\n<li>Handarbeit bis ins kleinste Detail<\/li>\n\n\n\n<li>Transparenz und einfache Berechnung mit unserem Online-Angebotsformular<\/li>\n\n\n\n<li>Ein Ansatz, der auf die Zusammenarbeit mit dem K\u00fcnstler und nicht nur auf die Produktion ausgerichtet ist<\/li>\n<\/ul>\n<\/div>\n<\/div>\n\n<ul class=\"wp-block-list\"><\/ul>\n\n<h2 class=\"wp-block-heading\">Warum uns w\u00e4hlen<\/h2>\n\n<p>Sich auf Fine Art Printed zu verlassen, bedeutet, ein Atelier zu w\u00e4hlen, das sich auf Qualit\u00e4t und Langlebigkeit konzentriert. Ein Fine Art Print ist nicht nur ein Produkt: Es ist eine kulturelle und \u00e4sthetische Investition, die den Wert des Werks bewahrt und seine Nutzbarkeit f\u00fcr k\u00fcnftige Generationen garantiert. <\/p>\n\n<h2 class=\"wp-block-heading\">Kontaktieren Sie uns<\/h2>\n\n<p>Wenn Sie mehr erfahren oder mit dem Drucken bei uns beginnen m\u00f6chten, k\u00f6nnen Sie <a href=\"https:\/\/www.fineartprinted.com\/de\/?post_type=product&amp;p=50695\">jetzt ein Online-Angebot berechnen<\/a> oder <a href=\"https:\/\/www.fineartprinted.com\/de\/kontakte\/\">uns direkt kontaktieren<\/a>. Wir freuen uns darauf, Sie auf Ihrer Druckreise zu begleiten und Ihre Arbeiten in Werke zu verwandeln, die von Dauer sind. <\/p>\n\n<iframe src=\"https:\/\/www.google.com\/maps\/embed?pb=!1m18!1m12!1m3!1d11869.291106344344!2d12.541276649999999!3d41.9504016!2m3!1f0!2f0!3f0!3m2!1i1024!2i768!4f13.1!3m3!1m2!1s0x132f63f849265283%3A0x32478e096f897064!2sFine%20Art%20Printed!5e0!3m2!1sit!2sit!4v1758720573584!5m2!1sit!2sit\" width=\"800\" height=\"450\" style=\"border:0;\" allowfullscreen=\"\" loading=\"lazy\" referrerpolicy=\"no-referrer-when-downgrade\"><\/iframe>\n\n<p><strong>Fine Art Printed &#8211; Kunstdruckwerkstatt<\/strong><br\/>\ud83d\udccd Via Isola Bella 28, 00139 Rom<br\/>\ud83d\udcde +39 06 96521712<\/p>\n\n<p><\/p>\n","protected":false},"excerpt":{"rendered":"<p>Unsere Geschichte Fine Art Printed wurde 2011 aus einer Leidenschaft f\u00fcr Kunst und Druck gegr\u00fcndet. Nach jahrelanger Erfahrung in der&#8230;<\/p>\n","protected":false},"author":1,"featured_media":0,"parent":0,"menu_order":0,"comment_status":"closed","ping_status":"closed","template":"","meta":{"footnotes":""},"class_list":["post-9504","page","type-page","status-publish"],"yoast_head":"<!-- This site is optimized with the Yoast SEO plugin v27.4 - https:\/\/yoast.com\/product\/yoast-seo-wordpress\/ -->\n<title>\u00dcber uns - Professioneller Workshop f\u00fcr Kunstdrucke<\/title>\n<meta name=\"description\" content=\"Ein von Canson\u00ae und Hahnem\u00fchle\u00ae zertifiziertes Labor f\u00fcr Kunstdrucke, das Digitaldrucke h\u00f6chster Qualit\u00e4t auf erstklassigen Papieren anbietet.\" \/>\n<meta name=\"robots\" content=\"index, follow, max-snippet:-1, max-image-preview:large, max-video-preview:-1\" \/>\n<link rel=\"canonical\" href=\"https:\/\/www.fineartprinted.com\/de\/about\/\" \/>\n<meta property=\"og:locale\" content=\"de_DE\" \/>\n<meta property=\"og:type\" content=\"article\" \/>\n<meta property=\"og:title\" content=\"\u00dcber uns - Professioneller Workshop f\u00fcr Kunstdrucke\" \/>\n<meta property=\"og:description\" content=\"Ein von Canson\u00ae und Hahnem\u00fchle\u00ae zertifiziertes Labor f\u00fcr Kunstdrucke, das Digitaldrucke h\u00f6chster Qualit\u00e4t auf erstklassigen Papieren anbietet.\" \/>\n<meta property=\"og:url\" content=\"https:\/\/www.fineartprinted.com\/de\/about\/\" \/>\n<meta property=\"og:site_name\" content=\"Fine Art Printed\" \/>\n<meta property=\"article:publisher\" content=\"https:\/\/www.facebook.com\/fineartprinted\" \/>\n<meta property=\"article:modified_time\" content=\"2025-09-24T13:41:34+00:00\" \/>\n<meta property=\"og:image\" content=\"https:\/\/www.fineartprinted.com\/wp-content\/uploads\/2025\/09\/ChatGPT-Image-12-set-2025-16_17_38-1024x683.png\" \/>\n\t<meta property=\"og:image:width\" content=\"1024\" \/>\n\t<meta property=\"og:image:height\" content=\"683\" \/>\n\t<meta property=\"og:image:type\" content=\"image\/png\" \/>\n<script type=\"application\/ld+json\" class=\"yoast-schema-graph\">{\"@context\":\"https:\\\/\\\/schema.org\",\"@graph\":[{\"@type\":\"WebPage\",\"@id\":\"https:\\\/\\\/www.fineartprinted.com\\\/de\\\/about\\\/\",\"url\":\"https:\\\/\\\/www.fineartprinted.com\\\/de\\\/about\\\/\",\"name\":\"\u00dcber uns - Professioneller Workshop f\u00fcr Kunstdrucke\",\"isPartOf\":{\"@id\":\"https:\\\/\\\/www.fineartprinted.com\\\/de\\\/?lang=en\\\/#website\"},\"primaryImageOfPage\":{\"@id\":\"https:\\\/\\\/www.fineartprinted.com\\\/de\\\/about\\\/#primaryimage\"},\"image\":{\"@id\":\"https:\\\/\\\/www.fineartprinted.com\\\/de\\\/about\\\/#primaryimage\"},\"thumbnailUrl\":\"https:\\\/\\\/www.fineartprinted.com\\\/wp-content\\\/uploads\\\/2025\\\/09\\\/ChatGPT-Image-12-set-2025-16_17_38-1024x683.png\",\"datePublished\":\"2011-12-08T20:56:13+00:00\",\"dateModified\":\"2025-09-24T13:41:34+00:00\",\"description\":\"Ein von Canson\u00ae und Hahnem\u00fchle\u00ae zertifiziertes Labor f\u00fcr Kunstdrucke, das Digitaldrucke h\u00f6chster Qualit\u00e4t auf erstklassigen Papieren anbietet.\",\"breadcrumb\":{\"@id\":\"https:\\\/\\\/www.fineartprinted.com\\\/de\\\/about\\\/#breadcrumb\"},\"inLanguage\":\"de\",\"potentialAction\":[{\"@type\":\"ReadAction\",\"target\":[\"https:\\\/\\\/www.fineartprinted.com\\\/de\\\/about\\\/\"]}]},{\"@type\":\"ImageObject\",\"inLanguage\":\"de\",\"@id\":\"https:\\\/\\\/www.fineartprinted.com\\\/de\\\/about\\\/#primaryimage\",\"url\":\"https:\\\/\\\/www.fineartprinted.com\\\/wp-content\\\/uploads\\\/2025\\\/09\\\/ChatGPT-Image-12-set-2025-16_17_38-1024x683.png\",\"contentUrl\":\"https:\\\/\\\/www.fineartprinted.com\\\/wp-content\\\/uploads\\\/2025\\\/09\\\/ChatGPT-Image-12-set-2025-16_17_38-1024x683.png\"},{\"@type\":\"BreadcrumbList\",\"@id\":\"https:\\\/\\\/www.fineartprinted.com\\\/de\\\/about\\\/#breadcrumb\",\"itemListElement\":[{\"@type\":\"ListItem\",\"position\":1,\"name\":\"Home\",\"item\":\"https:\\\/\\\/www.fineartprinted.com\\\/de\\\/print-manufaktur-fine-art-printed\\\/\"},{\"@type\":\"ListItem\",\"position\":2,\"name\":\"\u00dcber uns\"}]},{\"@type\":\"WebSite\",\"@id\":\"https:\\\/\\\/www.fineartprinted.com\\\/de\\\/?lang=en\\\/#website\",\"url\":\"https:\\\/\\\/www.fineartprinted.com\\\/de\\\/?lang=en\\\/\",\"name\":\"Fine Art Printed\",\"description\":\"Stampa fine art per fotografi e artisti\",\"publisher\":{\"@id\":\"https:\\\/\\\/www.fineartprinted.com\\\/de\\\/?lang=en\\\/#organization\"},\"alternateName\":\"Laboratorio di stampa Fine Art Printed\",\"potentialAction\":[{\"@type\":\"SearchAction\",\"target\":{\"@type\":\"EntryPoint\",\"urlTemplate\":\"https:\\\/\\\/www.fineartprinted.com\\\/de\\\/?lang=en\\\/?s={search_term_string}\"},\"query-input\":{\"@type\":\"PropertyValueSpecification\",\"valueRequired\":true,\"valueName\":\"search_term_string\"}}],\"inLanguage\":\"de\"},{\"@type\":\"Organization\",\"@id\":\"https:\\\/\\\/www.fineartprinted.com\\\/de\\\/?lang=en\\\/#organization\",\"name\":\"Fine Art Printed di Pompei Simone\",\"alternateName\":\"Fine Art Printed\",\"url\":\"https:\\\/\\\/www.fineartprinted.com\\\/de\\\/?lang=en\\\/\",\"logo\":{\"@type\":\"ImageObject\",\"inLanguage\":\"de\",\"@id\":\"https:\\\/\\\/www.fineartprinted.com\\\/de\\\/?lang=en\\\/#\\\/schema\\\/logo\\\/image\\\/\",\"url\":\"https:\\\/\\\/www.fineartprinted.com\\\/wp-content\\\/uploads\\\/2011\\\/12\\\/fineartprinted-solologo-011.png\",\"contentUrl\":\"https:\\\/\\\/www.fineartprinted.com\\\/wp-content\\\/uploads\\\/2011\\\/12\\\/fineartprinted-solologo-011.png\",\"width\":348,\"height\":274,\"caption\":\"Fine Art Printed di Pompei Simone\"},\"image\":{\"@id\":\"https:\\\/\\\/www.fineartprinted.com\\\/de\\\/?lang=en\\\/#\\\/schema\\\/logo\\\/image\\\/\"},\"sameAs\":[\"https:\\\/\\\/www.facebook.com\\\/fineartprinted\",\"https:\\\/\\\/x.com\\\/fineartprinted\",\"https:\\\/\\\/www.instagram.com\\\/fineartprinted\\\/\"]}]}<\/script>\n<!-- \/ Yoast SEO plugin. -->","yoast_head_json":{"title":"\u00dcber uns - Professioneller Workshop f\u00fcr Kunstdrucke","description":"Ein von Canson\u00ae und Hahnem\u00fchle\u00ae zertifiziertes Labor f\u00fcr Kunstdrucke, das Digitaldrucke h\u00f6chster Qualit\u00e4t auf erstklassigen Papieren anbietet.","robots":{"index":"index","follow":"follow","max-snippet":"max-snippet:-1","max-image-preview":"max-image-preview:large","max-video-preview":"max-video-preview:-1"},"canonical":"https:\/\/www.fineartprinted.com\/de\/about\/","og_locale":"de_DE","og_type":"article","og_title":"\u00dcber uns - Professioneller Workshop f\u00fcr Kunstdrucke","og_description":"Ein von Canson\u00ae und Hahnem\u00fchle\u00ae zertifiziertes Labor f\u00fcr Kunstdrucke, das Digitaldrucke h\u00f6chster Qualit\u00e4t auf erstklassigen Papieren anbietet.","og_url":"https:\/\/www.fineartprinted.com\/de\/about\/","og_site_name":"Fine Art Printed","article_publisher":"https:\/\/www.facebook.com\/fineartprinted","article_modified_time":"2025-09-24T13:41:34+00:00","og_image":[{"width":1024,"height":683,"url":"https:\/\/www.fineartprinted.com\/wp-content\/uploads\/2025\/09\/ChatGPT-Image-12-set-2025-16_17_38-1024x683.png","type":"image\/png"}],"schema":{"@context":"https:\/\/schema.org","@graph":[{"@type":"WebPage","@id":"https:\/\/www.fineartprinted.com\/de\/about\/","url":"https:\/\/www.fineartprinted.com\/de\/about\/","name":"\u00dcber uns - Professioneller Workshop f\u00fcr Kunstdrucke","isPartOf":{"@id":"https:\/\/www.fineartprinted.com\/de\/?lang=en\/#website"},"primaryImageOfPage":{"@id":"https:\/\/www.fineartprinted.com\/de\/about\/#primaryimage"},"image":{"@id":"https:\/\/www.fineartprinted.com\/de\/about\/#primaryimage"},"thumbnailUrl":"https:\/\/www.fineartprinted.com\/wp-content\/uploads\/2025\/09\/ChatGPT-Image-12-set-2025-16_17_38-1024x683.png","datePublished":"2011-12-08T20:56:13+00:00","dateModified":"2025-09-24T13:41:34+00:00","description":"Ein von Canson\u00ae und Hahnem\u00fchle\u00ae zertifiziertes Labor f\u00fcr Kunstdrucke, das Digitaldrucke h\u00f6chster Qualit\u00e4t auf erstklassigen Papieren anbietet.","breadcrumb":{"@id":"https:\/\/www.fineartprinted.com\/de\/about\/#breadcrumb"},"inLanguage":"de","potentialAction":[{"@type":"ReadAction","target":["https:\/\/www.fineartprinted.com\/de\/about\/"]}]},{"@type":"ImageObject","inLanguage":"de","@id":"https:\/\/www.fineartprinted.com\/de\/about\/#primaryimage","url":"https:\/\/www.fineartprinted.com\/wp-content\/uploads\/2025\/09\/ChatGPT-Image-12-set-2025-16_17_38-1024x683.png","contentUrl":"https:\/\/www.fineartprinted.com\/wp-content\/uploads\/2025\/09\/ChatGPT-Image-12-set-2025-16_17_38-1024x683.png"},{"@type":"BreadcrumbList","@id":"https:\/\/www.fineartprinted.com\/de\/about\/#breadcrumb","itemListElement":[{"@type":"ListItem","position":1,"name":"Home","item":"https:\/\/www.fineartprinted.com\/de\/print-manufaktur-fine-art-printed\/"},{"@type":"ListItem","position":2,"name":"\u00dcber uns"}]},{"@type":"WebSite","@id":"https:\/\/www.fineartprinted.com\/de\/?lang=en\/#website","url":"https:\/\/www.fineartprinted.com\/de\/?lang=en\/","name":"Fine Art Printed","description":"Stampa fine art per fotografi e artisti","publisher":{"@id":"https:\/\/www.fineartprinted.com\/de\/?lang=en\/#organization"},"alternateName":"Laboratorio di stampa Fine Art Printed","potentialAction":[{"@type":"SearchAction","target":{"@type":"EntryPoint","urlTemplate":"https:\/\/www.fineartprinted.com\/de\/?lang=en\/?s={search_term_string}"},"query-input":{"@type":"PropertyValueSpecification","valueRequired":true,"valueName":"search_term_string"}}],"inLanguage":"de"},{"@type":"Organization","@id":"https:\/\/www.fineartprinted.com\/de\/?lang=en\/#organization","name":"Fine Art Printed di Pompei Simone","alternateName":"Fine Art Printed","url":"https:\/\/www.fineartprinted.com\/de\/?lang=en\/","logo":{"@type":"ImageObject","inLanguage":"de","@id":"https:\/\/www.fineartprinted.com\/de\/?lang=en\/#\/schema\/logo\/image\/","url":"https:\/\/www.fineartprinted.com\/wp-content\/uploads\/2011\/12\/fineartprinted-solologo-011.png","contentUrl":"https:\/\/www.fineartprinted.com\/wp-content\/uploads\/2011\/12\/fineartprinted-solologo-011.png","width":348,"height":274,"caption":"Fine Art Printed di Pompei Simone"},"image":{"@id":"https:\/\/www.fineartprinted.com\/de\/?lang=en\/#\/schema\/logo\/image\/"},"sameAs":["https:\/\/www.facebook.com\/fineartprinted","https:\/\/x.com\/fineartprinted","https:\/\/www.instagram.com\/fineartprinted\/"]}]}},"_links":{"self":[{"href":"https:\/\/www.fineartprinted.com\/de\/wp-json\/wp\/v2\/pages\/9504","targetHints":{"allow":["GET"]}}],"collection":[{"href":"https:\/\/www.fineartprinted.com\/de\/wp-json\/wp\/v2\/pages"}],"about":[{"href":"https:\/\/www.fineartprinted.com\/de\/wp-json\/wp\/v2\/types\/page"}],"author":[{"embeddable":true,"href":"https:\/\/www.fineartprinted.com\/de\/wp-json\/wp\/v2\/users\/1"}],"replies":[{"embeddable":true,"href":"https:\/\/www.fineartprinted.com\/de\/wp-json\/wp\/v2\/comments?post=9504"}],"version-history":[{"count":7,"href":"https:\/\/www.fineartprinted.com\/de\/wp-json\/wp\/v2\/pages\/9504\/revisions"}],"predecessor-version":[{"id":50881,"href":"https:\/\/www.fineartprinted.com\/de\/wp-json\/wp\/v2\/pages\/9504\/revisions\/50881"}],"wp:attachment":[{"href":"https:\/\/www.fineartprinted.com\/de\/wp-json\/wp\/v2\/media?parent=9504"}],"curies":[{"name":"wp","href":"https:\/\/api.w.org\/{rel}","templated":true}]}}