{"id":50714,"date":"2025-09-15T12:36:25","date_gmt":"2025-09-15T10:36:25","guid":{"rendered":"https:\/\/www.fineartprinted.com\/angebot-anfordern\/"},"modified":"2025-09-15T13:03:31","modified_gmt":"2025-09-15T11:03:31","slug":"angebot-anfordern","status":"publish","type":"page","link":"https:\/\/www.fineartprinted.com\/de\/angebot-anfordern\/","title":{"rendered":"Angebot anfordern"},"content":{"rendered":"\n<div class=\"wp-block-cover is-light\" style=\"min-height:430px;aspect-ratio:unset;\"><img width=\"1024\" height=\"683\" class=\"wp-block-cover__image-background wp-image-50689 size-large\" alt=\"\" src=\"https:\/\/www.fineartprinted.com\/wp-content\/uploads\/2025\/09\/ChatGPT-Image-12-set-2025-16_17_38-1024x683.png\" data-object-fit=\"cover\" srcset=\"https:\/\/www.fineartprinted.com\/wp-content\/uploads\/2025\/09\/ChatGPT-Image-12-set-2025-16_17_38-1024x683.png 1024w, https:\/\/www.fineartprinted.com\/wp-content\/uploads\/2025\/09\/ChatGPT-Image-12-set-2025-16_17_38-300x200.png 300w, https:\/\/www.fineartprinted.com\/wp-content\/uploads\/2025\/09\/ChatGPT-Image-12-set-2025-16_17_38-768x512.png 768w, https:\/\/www.fineartprinted.com\/wp-content\/uploads\/2025\/09\/ChatGPT-Image-12-set-2025-16_17_38-350x233.png 350w, https:\/\/www.fineartprinted.com\/wp-content\/uploads\/2025\/09\/ChatGPT-Image-12-set-2025-16_17_38.png 1536w\" sizes=\"(max-width: 1024px) 100vw, 1024px\" \/><span aria-hidden=\"true\" class=\"wp-block-cover__background has-cyan-bluish-gray-background-color has-background-dim-10 has-background-dim\"><\/span><div class=\"wp-block-cover__inner-container is-layout-constrained wp-block-cover-is-layout-constrained\">\n<h1 class=\"wp-block-heading has-white-color has-text-color has-link-color wp-elements-c85177f82bfc875e5211f039503e2b65\">Kontaktieren Sie uns f\u00fcr ein individuelles Angebot<\/h1>\n<\/div><\/div>\n\n<h3 class=\"wp-block-heading\">Diese Seite ist den Anfragen gewidmet.<\/h3>\n\n<h2 class=\"wp-block-heading\">Was Sie uns sagen sollten<\/h2>\n\n<ul class=\"wp-block-list\">\n<li><strong>Papier<\/strong> (Canson \/ Hahnem\u00fchle)<\/li>\n\n\n\n<li><strong>Format<\/strong> (cm) und <strong>Anzahl<\/strong><\/li>\n\n\n\n<li><strong>Verarbeitungen<\/strong> (Montage, Rahmen, Glas)<\/li>\n\n\n\n<li><strong>Abgabetermin<\/strong> und <strong>Lieferadresse<\/strong><\/li>\n\n\n\n<li><strong>Datei<\/strong> (TIFF\/JPG &#8211; sRGB oder Adobe RGB Farbprofil)<\/li>\n<\/ul>\n\n<h2 class=\"wp-block-heading\">Warum sollten Sie ein individuelles Angebot anfordern?<\/h2>\n\n<p>Wir produzieren <strong>Fine Art-Abz\u00fcge (Gicl\u00e9e)<\/strong> auf <strong>Hahnem\u00fchle-, Canson- und Awagami-Papieren<\/strong> mit professioneller Oberfl\u00e4chenbehandlung. Das individuelle Angebot ist n\u00fctzlich, wenn <strong>spezielle Formate<\/strong>, <strong>Paneelhalterungen<\/strong>, <strong>ma\u00dfgeschneiderte Rahmen<\/strong>, <strong>Antireflexions-\/Museumsglas<\/strong> oder <strong>Passepartouts<\/strong> ben\u00f6tigt werden.<\/p>\n\n<p><strong>Wenn es die richtige Wahl ist<\/strong><\/p>\n\n<ul class=\"wp-block-list\">\n<li>Ausstellungen in <strong>Museen und Galerien<\/strong><\/li>\n\n\n\n<li><strong>Nummerierte Editionen<\/strong> und Autorenportfolios<\/li>\n\n\n\n<li><strong>Kunstreproduktion<\/strong> und Verlagsprojekte<\/li>\n\n\n\n<li>Veranstaltungen und Installationen, bei denen ein <strong>ausstellungsf\u00e4higes Finish<\/strong> ben\u00f6tigt wird<\/li>\n\n\n\n<li>Schwierigkeiten mit dem Modul auf Italienisch<\/li>\n<\/ul>\n\n<div class=\"wp-block-buttons is-layout-flex wp-block-buttons-is-layout-flex\">\n<div class=\"wp-block-button\"><a class=\"wp-block-button__link has-vivid-green-cyan-background-color has-background wp-element-button\" href=\"https:\/\/wa.me\/390696521712\">WhatsApp<\/a><\/div>\n\n\n\n<div class=\"wp-block-button\"><a class=\"wp-block-button__link has-vivid-cyan-blue-background-color has-background wp-element-button\" href=\"https:\/\/www.fineartprinted.com\/de\/kontakte\/\">Kontakt-Formular<\/a><\/div>\n\n\n\n<div class=\"wp-block-button\"><a class=\"wp-block-button__link has-vivid-red-background-color has-background wp-element-button\" href=\"mailto:info@fineartprinted.com\">Mail<\/a><\/div>\n<\/div>\n\n<p><\/p>\n","protected":false},"excerpt":{"rendered":"<p>Diese Seite ist den Anfragen gewidmet. Was Sie uns sagen sollten Warum sollten Sie ein individuelles Angebot anfordern? Wir produzieren&#8230;<\/p>\n","protected":false},"author":1,"featured_media":0,"parent":0,"menu_order":0,"comment_status":"closed","ping_status":"closed","template":"","meta":{"footnotes":""},"class_list":["post-50714","page","type-page","status-publish"],"yoast_head":"<!-- This site is optimized with the Yoast SEO plugin v27.4 - https:\/\/yoast.com\/product\/yoast-seo-wordpress\/ -->\n<title>Ein Angebot anfordern | Fine Art Printed<\/title>\n<meta name=\"description\" content=\"Kontaktieren Sie uns f\u00fcr ein individuelles Angebot f\u00fcr Fine Art (Gicl\u00e9e) Drucke. Geben Sie das Papier, das Ausf\u00fchrungsformat (Tafel, Rahmen, AR\/Museumsglas, Passepartout), den Abgabetermin und die Adresse an.\" \/>\n<meta name=\"robots\" content=\"index, follow, max-snippet:-1, max-image-preview:large, max-video-preview:-1\" \/>\n<link rel=\"canonical\" href=\"https:\/\/www.fineartprinted.com\/de\/angebot-anfordern\/\" \/>\n<meta property=\"og:locale\" content=\"de_DE\" \/>\n<meta property=\"og:type\" content=\"article\" \/>\n<meta property=\"og:title\" content=\"Ein Angebot anfordern | Fine Art Printed\" \/>\n<meta property=\"og:description\" content=\"Kontaktieren Sie uns f\u00fcr ein individuelles Angebot f\u00fcr Fine Art (Gicl\u00e9e) Drucke. Geben Sie das Papier, das Ausf\u00fchrungsformat (Tafel, Rahmen, AR\/Museumsglas, Passepartout), den Abgabetermin und die Adresse an.\" \/>\n<meta property=\"og:url\" content=\"https:\/\/www.fineartprinted.com\/de\/angebot-anfordern\/\" \/>\n<meta property=\"og:site_name\" content=\"Fine Art Printed\" \/>\n<meta property=\"article:publisher\" content=\"https:\/\/www.facebook.com\/fineartprinted\" \/>\n<meta property=\"article:modified_time\" content=\"2025-09-15T11:03:31+00:00\" \/>\n<meta property=\"og:image\" content=\"https:\/\/www.fineartprinted.com\/wp-content\/uploads\/2025\/09\/ChatGPT-Image-12-set-2025-16_17_38-1024x683.png\" \/>\n\t<meta property=\"og:image:width\" content=\"1024\" \/>\n\t<meta property=\"og:image:height\" content=\"683\" \/>\n\t<meta property=\"og:image:type\" content=\"image\/png\" \/>\n<script type=\"application\/ld+json\" class=\"yoast-schema-graph\">{\"@context\":\"https:\\\/\\\/schema.org\",\"@graph\":[{\"@type\":\"WebPage\",\"@id\":\"https:\\\/\\\/www.fineartprinted.com\\\/de\\\/angebot-anfordern\\\/\",\"url\":\"https:\\\/\\\/www.fineartprinted.com\\\/de\\\/angebot-anfordern\\\/\",\"name\":\"Ein Angebot anfordern | Fine Art Printed\",\"isPartOf\":{\"@id\":\"https:\\\/\\\/www.fineartprinted.com\\\/de\\\/?lang=en\\\/#website\"},\"primaryImageOfPage\":{\"@id\":\"https:\\\/\\\/www.fineartprinted.com\\\/de\\\/angebot-anfordern\\\/#primaryimage\"},\"image\":{\"@id\":\"https:\\\/\\\/www.fineartprinted.com\\\/de\\\/angebot-anfordern\\\/#primaryimage\"},\"thumbnailUrl\":\"https:\\\/\\\/www.fineartprinted.com\\\/wp-content\\\/uploads\\\/2025\\\/09\\\/ChatGPT-Image-12-set-2025-16_17_38-1024x683.png\",\"datePublished\":\"2025-09-15T10:36:25+00:00\",\"dateModified\":\"2025-09-15T11:03:31+00:00\",\"description\":\"Kontaktieren Sie uns f\u00fcr ein individuelles Angebot f\u00fcr Fine Art (Gicl\u00e9e) Drucke. Geben Sie das Papier, das Ausf\u00fchrungsformat (Tafel, Rahmen, AR\\\/Museumsglas, Passepartout), den Abgabetermin und die Adresse an.\",\"breadcrumb\":{\"@id\":\"https:\\\/\\\/www.fineartprinted.com\\\/de\\\/angebot-anfordern\\\/#breadcrumb\"},\"inLanguage\":\"de\",\"potentialAction\":[{\"@type\":\"ReadAction\",\"target\":[\"https:\\\/\\\/www.fineartprinted.com\\\/de\\\/angebot-anfordern\\\/\"]}]},{\"@type\":\"ImageObject\",\"inLanguage\":\"de\",\"@id\":\"https:\\\/\\\/www.fineartprinted.com\\\/de\\\/angebot-anfordern\\\/#primaryimage\",\"url\":\"https:\\\/\\\/www.fineartprinted.com\\\/wp-content\\\/uploads\\\/2025\\\/09\\\/ChatGPT-Image-12-set-2025-16_17_38-1024x683.png\",\"contentUrl\":\"https:\\\/\\\/www.fineartprinted.com\\\/wp-content\\\/uploads\\\/2025\\\/09\\\/ChatGPT-Image-12-set-2025-16_17_38-1024x683.png\"},{\"@type\":\"BreadcrumbList\",\"@id\":\"https:\\\/\\\/www.fineartprinted.com\\\/de\\\/angebot-anfordern\\\/#breadcrumb\",\"itemListElement\":[{\"@type\":\"ListItem\",\"position\":1,\"name\":\"Home\",\"item\":\"https:\\\/\\\/www.fineartprinted.com\\\/de\\\/print-manufaktur-fine-art-printed\\\/\"},{\"@type\":\"ListItem\",\"position\":2,\"name\":\"Angebot anfordern\"}]},{\"@type\":\"WebSite\",\"@id\":\"https:\\\/\\\/www.fineartprinted.com\\\/de\\\/?lang=en\\\/#website\",\"url\":\"https:\\\/\\\/www.fineartprinted.com\\\/de\\\/?lang=en\\\/\",\"name\":\"Fine Art Printed\",\"description\":\"Stampa fine art per fotografi e artisti\",\"publisher\":{\"@id\":\"https:\\\/\\\/www.fineartprinted.com\\\/de\\\/?lang=en\\\/#organization\"},\"alternateName\":\"Laboratorio di stampa Fine Art Printed\",\"potentialAction\":[{\"@type\":\"SearchAction\",\"target\":{\"@type\":\"EntryPoint\",\"urlTemplate\":\"https:\\\/\\\/www.fineartprinted.com\\\/de\\\/?lang=en\\\/?s={search_term_string}\"},\"query-input\":{\"@type\":\"PropertyValueSpecification\",\"valueRequired\":true,\"valueName\":\"search_term_string\"}}],\"inLanguage\":\"de\"},{\"@type\":\"Organization\",\"@id\":\"https:\\\/\\\/www.fineartprinted.com\\\/de\\\/?lang=en\\\/#organization\",\"name\":\"Fine Art Printed di Pompei Simone\",\"alternateName\":\"Fine Art Printed\",\"url\":\"https:\\\/\\\/www.fineartprinted.com\\\/de\\\/?lang=en\\\/\",\"logo\":{\"@type\":\"ImageObject\",\"inLanguage\":\"de\",\"@id\":\"https:\\\/\\\/www.fineartprinted.com\\\/de\\\/?lang=en\\\/#\\\/schema\\\/logo\\\/image\\\/\",\"url\":\"https:\\\/\\\/www.fineartprinted.com\\\/wp-content\\\/uploads\\\/2011\\\/12\\\/fineartprinted-solologo-011.png\",\"contentUrl\":\"https:\\\/\\\/www.fineartprinted.com\\\/wp-content\\\/uploads\\\/2011\\\/12\\\/fineartprinted-solologo-011.png\",\"width\":348,\"height\":274,\"caption\":\"Fine Art Printed di Pompei Simone\"},\"image\":{\"@id\":\"https:\\\/\\\/www.fineartprinted.com\\\/de\\\/?lang=en\\\/#\\\/schema\\\/logo\\\/image\\\/\"},\"sameAs\":[\"https:\\\/\\\/www.facebook.com\\\/fineartprinted\",\"https:\\\/\\\/x.com\\\/fineartprinted\",\"https:\\\/\\\/www.instagram.com\\\/fineartprinted\\\/\"]}]}<\/script>\n<!-- \/ Yoast SEO plugin. -->","yoast_head_json":{"title":"Ein Angebot anfordern | Fine Art Printed","description":"Kontaktieren Sie uns f\u00fcr ein individuelles Angebot f\u00fcr Fine Art (Gicl\u00e9e) Drucke. Geben Sie das Papier, das Ausf\u00fchrungsformat (Tafel, Rahmen, AR\/Museumsglas, Passepartout), den Abgabetermin und die Adresse an.","robots":{"index":"index","follow":"follow","max-snippet":"max-snippet:-1","max-image-preview":"max-image-preview:large","max-video-preview":"max-video-preview:-1"},"canonical":"https:\/\/www.fineartprinted.com\/de\/angebot-anfordern\/","og_locale":"de_DE","og_type":"article","og_title":"Ein Angebot anfordern | Fine Art Printed","og_description":"Kontaktieren Sie uns f\u00fcr ein individuelles Angebot f\u00fcr Fine Art (Gicl\u00e9e) Drucke. Geben Sie das Papier, das Ausf\u00fchrungsformat (Tafel, Rahmen, AR\/Museumsglas, Passepartout), den Abgabetermin und die Adresse an.","og_url":"https:\/\/www.fineartprinted.com\/de\/angebot-anfordern\/","og_site_name":"Fine Art Printed","article_publisher":"https:\/\/www.facebook.com\/fineartprinted","article_modified_time":"2025-09-15T11:03:31+00:00","og_image":[{"width":1024,"height":683,"url":"https:\/\/www.fineartprinted.com\/wp-content\/uploads\/2025\/09\/ChatGPT-Image-12-set-2025-16_17_38-1024x683.png","type":"image\/png"}],"schema":{"@context":"https:\/\/schema.org","@graph":[{"@type":"WebPage","@id":"https:\/\/www.fineartprinted.com\/de\/angebot-anfordern\/","url":"https:\/\/www.fineartprinted.com\/de\/angebot-anfordern\/","name":"Ein Angebot anfordern | Fine Art Printed","isPartOf":{"@id":"https:\/\/www.fineartprinted.com\/de\/?lang=en\/#website"},"primaryImageOfPage":{"@id":"https:\/\/www.fineartprinted.com\/de\/angebot-anfordern\/#primaryimage"},"image":{"@id":"https:\/\/www.fineartprinted.com\/de\/angebot-anfordern\/#primaryimage"},"thumbnailUrl":"https:\/\/www.fineartprinted.com\/wp-content\/uploads\/2025\/09\/ChatGPT-Image-12-set-2025-16_17_38-1024x683.png","datePublished":"2025-09-15T10:36:25+00:00","dateModified":"2025-09-15T11:03:31+00:00","description":"Kontaktieren Sie uns f\u00fcr ein individuelles Angebot f\u00fcr Fine Art (Gicl\u00e9e) Drucke. Geben Sie das Papier, das Ausf\u00fchrungsformat (Tafel, Rahmen, AR\/Museumsglas, Passepartout), den Abgabetermin und die Adresse an.","breadcrumb":{"@id":"https:\/\/www.fineartprinted.com\/de\/angebot-anfordern\/#breadcrumb"},"inLanguage":"de","potentialAction":[{"@type":"ReadAction","target":["https:\/\/www.fineartprinted.com\/de\/angebot-anfordern\/"]}]},{"@type":"ImageObject","inLanguage":"de","@id":"https:\/\/www.fineartprinted.com\/de\/angebot-anfordern\/#primaryimage","url":"https:\/\/www.fineartprinted.com\/wp-content\/uploads\/2025\/09\/ChatGPT-Image-12-set-2025-16_17_38-1024x683.png","contentUrl":"https:\/\/www.fineartprinted.com\/wp-content\/uploads\/2025\/09\/ChatGPT-Image-12-set-2025-16_17_38-1024x683.png"},{"@type":"BreadcrumbList","@id":"https:\/\/www.fineartprinted.com\/de\/angebot-anfordern\/#breadcrumb","itemListElement":[{"@type":"ListItem","position":1,"name":"Home","item":"https:\/\/www.fineartprinted.com\/de\/print-manufaktur-fine-art-printed\/"},{"@type":"ListItem","position":2,"name":"Angebot anfordern"}]},{"@type":"WebSite","@id":"https:\/\/www.fineartprinted.com\/de\/?lang=en\/#website","url":"https:\/\/www.fineartprinted.com\/de\/?lang=en\/","name":"Fine Art Printed","description":"Stampa fine art per fotografi e artisti","publisher":{"@id":"https:\/\/www.fineartprinted.com\/de\/?lang=en\/#organization"},"alternateName":"Laboratorio di stampa Fine Art Printed","potentialAction":[{"@type":"SearchAction","target":{"@type":"EntryPoint","urlTemplate":"https:\/\/www.fineartprinted.com\/de\/?lang=en\/?s={search_term_string}"},"query-input":{"@type":"PropertyValueSpecification","valueRequired":true,"valueName":"search_term_string"}}],"inLanguage":"de"},{"@type":"Organization","@id":"https:\/\/www.fineartprinted.com\/de\/?lang=en\/#organization","name":"Fine Art Printed di Pompei Simone","alternateName":"Fine Art Printed","url":"https:\/\/www.fineartprinted.com\/de\/?lang=en\/","logo":{"@type":"ImageObject","inLanguage":"de","@id":"https:\/\/www.fineartprinted.com\/de\/?lang=en\/#\/schema\/logo\/image\/","url":"https:\/\/www.fineartprinted.com\/wp-content\/uploads\/2011\/12\/fineartprinted-solologo-011.png","contentUrl":"https:\/\/www.fineartprinted.com\/wp-content\/uploads\/2011\/12\/fineartprinted-solologo-011.png","width":348,"height":274,"caption":"Fine Art Printed di Pompei Simone"},"image":{"@id":"https:\/\/www.fineartprinted.com\/de\/?lang=en\/#\/schema\/logo\/image\/"},"sameAs":["https:\/\/www.facebook.com\/fineartprinted","https:\/\/x.com\/fineartprinted","https:\/\/www.instagram.com\/fineartprinted\/"]}]}},"_links":{"self":[{"href":"https:\/\/www.fineartprinted.com\/de\/wp-json\/wp\/v2\/pages\/50714","targetHints":{"allow":["GET"]}}],"collection":[{"href":"https:\/\/www.fineartprinted.com\/de\/wp-json\/wp\/v2\/pages"}],"about":[{"href":"https:\/\/www.fineartprinted.com\/de\/wp-json\/wp\/v2\/types\/page"}],"author":[{"embeddable":true,"href":"https:\/\/www.fineartprinted.com\/de\/wp-json\/wp\/v2\/users\/1"}],"replies":[{"embeddable":true,"href":"https:\/\/www.fineartprinted.com\/de\/wp-json\/wp\/v2\/comments?post=50714"}],"version-history":[{"count":2,"href":"https:\/\/www.fineartprinted.com\/de\/wp-json\/wp\/v2\/pages\/50714\/revisions"}],"predecessor-version":[{"id":50721,"href":"https:\/\/www.fineartprinted.com\/de\/wp-json\/wp\/v2\/pages\/50714\/revisions\/50721"}],"wp:attachment":[{"href":"https:\/\/www.fineartprinted.com\/de\/wp-json\/wp\/v2\/media?parent=50714"}],"curies":[{"name":"wp","href":"https:\/\/api.w.org\/{rel}","templated":true}]}}